{"id":937,"date":"2025-07-14T15:00:00","date_gmt":"2025-07-14T12:00:00","guid":{"rendered":"https:\/\/glamu.com.ua\/?post_type=product&#038;p=937"},"modified":"2026-03-31T04:45:43","modified_gmt":"2026-03-31T01:45:43","slug":"calmwise-limpiador-calmante-con-zaspokijlyva-rosa-para-una-barbilla-limpia","status":"publish","type":"product","link":"https:\/\/glamu.com.ua\/es\/tienda\/doglyad-para-oblychchyam\/ochishchennya\/pinky-ta-heli\/calmwise-limpiador-calmante-con-zaspokijlyva-rosa-para-una-barbilla-limpia\/","title":{"rendered":"CALMWISE SOOTHING CLEANSER - Espuma calmante para la limpieza de las pieles sensibles"},"content":{"rendered":"<p>\u201cCalmwise Soothing Cleanser\" es una espuma calmante para la limpieza de la piel sensible.<\/p>\n<p>Este limpiador disuelve suavemente las impurezas y el maquillaje sin alterar la barrera hidrolip\u00eddica ni resecar la piel. Reduce la sensibilidad, las rojeces y la inflamaci\u00f3n reforzando la barrera protectora natural.<\/p>\n<p>La f\u00f3rmula contiene ingredientes antiinflamatorios y calmantes para mejorar la salud de la piel y minimizar las rojeces.<\/p>\n<p>La espuma est\u00e1 especialmente indicada para pieles sensibles, sobre todo despu\u00e9s de procedimientos cosm\u00e9ticos intensivos, cuando la barrera cut\u00e1nea necesita una protecci\u00f3n adicional.<\/p>\n<p>El producto tiene un pH neutro\u201d.\u201d<\/p>","protected":false},"excerpt":{"rendered":"<p>&#8220;Calmwise Soothing Cleanser \u2013 \u0437\u0430\u0441\u043f\u043e\u043a\u0456\u0439\u043b\u0438\u0432\u0430 \u043f\u0456\u043d\u043a\u0430 \u0434\u043b\u044f \u043e\u0447\u0438\u0449\u0435\u043d\u043d\u044f \u0447\u0443\u0442\u043b\u0438\u0432\u043e\u0457 \u0448\u043a\u0456\u0440\u0438. \u0426\u0435\u0439 \u0437\u0430\u0441\u0456\u0431 \u0434\u0435\u043b\u0456\u043a\u0430\u0442\u043d\u043e \u0440\u043e\u0437\u0447\u0438\u043d\u044f\u0454 \u0437\u0430\u0431\u0440\u0443\u0434\u043d\u0435\u043d\u043d\u044f \u0442\u0430 \u043c\u0430\u043a\u0456\u044f\u0436, \u043d\u0435 \u043f\u043e\u0440\u0443\u0448\u0443\u044e\u0447\u0438 \u0433\u0456\u0434\u0440\u043e\u043b\u0456\u043f\u0456\u0434\u043d\u0438\u0439<\/p>","protected":false},"featured_media":9311,"comment_status":"open","ping_status":"closed","template":"","meta":{"_acf_changed":false},"product_brand":[],"product_cat":[19],"product_tag":[],"class_list":{"0":"post-937","1":"product","2":"type-product","3":"status-publish","4":"has-post-thumbnail","6":"product_cat-pinky-ta-heli","8":"first","9":"instock","10":"shipping-taxable","11":"purchasable","12":"product-type-simple"},"acf":[],"_links":{"self":[{"href":"https:\/\/glamu.com.ua\/es\/wp-json\/wp\/v2\/product\/937","targetHints":{"allow":["GET"]}}],"collection":[{"href":"https:\/\/glamu.com.ua\/es\/wp-json\/wp\/v2\/product"}],"about":[{"href":"https:\/\/glamu.com.ua\/es\/wp-json\/wp\/v2\/types\/product"}],"replies":[{"embeddable":true,"href":"https:\/\/glamu.com.ua\/es\/wp-json\/wp\/v2\/comments?post=937"}],"version-history":[{"count":1,"href":"https:\/\/glamu.com.ua\/es\/wp-json\/wp\/v2\/product\/937\/revisions"}],"predecessor-version":[{"id":8332,"href":"https:\/\/glamu.com.ua\/es\/wp-json\/wp\/v2\/product\/937\/revisions\/8332"}],"wp:featuredmedia":[{"embeddable":true,"href":"https:\/\/glamu.com.ua\/es\/wp-json\/wp\/v2\/media\/9311"}],"wp:attachment":[{"href":"https:\/\/glamu.com.ua\/es\/wp-json\/wp\/v2\/media?parent=937"}],"wp:term":[{"taxonomy":"product_brand","embeddable":true,"href":"https:\/\/glamu.com.ua\/es\/wp-json\/wp\/v2\/product_brand?post=937"},{"taxonomy":"product_cat","embeddable":true,"href":"https:\/\/glamu.com.ua\/es\/wp-json\/wp\/v2\/product_cat?post=937"},{"taxonomy":"product_tag","embeddable":true,"href":"https:\/\/glamu.com.ua\/es\/wp-json\/wp\/v2\/product_tag?post=937"}],"curies":[{"name":"wp","href":"https:\/\/api.w.org\/{rel}","templated":true}]}}