{"id":933,"date":"2025-07-14T14:47:09","date_gmt":"2025-07-14T11:47:09","guid":{"rendered":"https:\/\/glamu.com.ua\/?post_type=product&#038;p=933"},"modified":"2026-03-30T19:39:31","modified_gmt":"2026-03-30T16:39:31","slug":"pore-cleanse-gel-gel-limpiador-intenso-y-potente-para-eliminar-la-suciedad-de-la-piel","status":"publish","type":"product","link":"https:\/\/glamu.com.ua\/es\/tienda\/doglyad-para-oblychchyam\/ochishchennya\/pinky-ta-heli\/pore-cleanse-gel-gel-limpiador-intenso-y-potente-para-eliminar-la-suciedad-de-la-piel\/","title":{"rendered":"PORE CLEANSE GEL INTENSE - Potente gel limpiador exfoliante con \u00e1cido L-almendra"},"content":{"rendered":"<p>\u201cPore Cleanse Gel Intense\" es un potente gel limpiador exfoliante con \u00e1cido L-almendra.<\/p>\n<p>Este producto limpia eficazmente la piel de impurezas y exceso de sebo, reduce los poros dilatados y mejora la textura de la epidermis. Un potente complejo de \u00e1cidos AHA y BHA limpia en profundidad los poros desde el interior, haci\u00e9ndolos menos visibles. La f\u00f3rmula tambi\u00e9n controla la producci\u00f3n de sebo, reduciendo el brillo graso.<\/p>\n<p>La textura en gel se convierte en una suave espuma con el agua, proporcionando una duradera sensaci\u00f3n de frescor y confort, dejando la piel mate y suave.\u201d<\/p>","protected":false},"excerpt":{"rendered":"<p>&#8220;Pore Cleanse Gel Intense \u2013 \u043f\u043e\u0442\u0443\u0436\u043d\u0438\u0439 \u0432\u0456\u0434\u043b\u0443\u0449\u0443\u044e\u0447\u0438\u0439 \u0433\u0435\u043b\u044c \u0434\u043b\u044f \u0432\u043c\u0438\u0432\u0430\u043d\u043d\u044f \u0437 L-\u043c\u0438\u0433\u0434\u0430\u043b\u0435\u0432\u043e\u044e \u043a\u0438\u0441\u043b\u043e\u0442\u043e\u044e. \u0426\u0435\u0439 \u0437\u0430\u0441\u0456\u0431 \u0435\u0444\u0435\u043a\u0442\u0438\u0432\u043d\u043e \u043e\u0447\u0438\u0449\u0443\u0454 \u0448\u043a\u0456\u0440\u0443 \u0432\u0456\u0434 \u0437\u0430\u0431\u0440\u0443\u0434\u043d\u0435\u043d\u044c<\/p>","protected":false},"featured_media":9109,"comment_status":"open","ping_status":"closed","template":"","meta":{"_acf_changed":false},"product_brand":[],"product_cat":[19],"product_tag":[],"class_list":{"0":"post-933","1":"product","2":"type-product","3":"status-publish","4":"has-post-thumbnail","6":"product_cat-pinky-ta-heli","8":"first","9":"instock","10":"shipping-taxable","11":"purchasable","12":"product-type-simple"},"acf":[],"_links":{"self":[{"href":"https:\/\/glamu.com.ua\/es\/wp-json\/wp\/v2\/product\/933","targetHints":{"allow":["GET"]}}],"collection":[{"href":"https:\/\/glamu.com.ua\/es\/wp-json\/wp\/v2\/product"}],"about":[{"href":"https:\/\/glamu.com.ua\/es\/wp-json\/wp\/v2\/types\/product"}],"replies":[{"embeddable":true,"href":"https:\/\/glamu.com.ua\/es\/wp-json\/wp\/v2\/comments?post=933"}],"version-history":[{"count":1,"href":"https:\/\/glamu.com.ua\/es\/wp-json\/wp\/v2\/product\/933\/revisions"}],"predecessor-version":[{"id":8496,"href":"https:\/\/glamu.com.ua\/es\/wp-json\/wp\/v2\/product\/933\/revisions\/8496"}],"wp:featuredmedia":[{"embeddable":true,"href":"https:\/\/glamu.com.ua\/es\/wp-json\/wp\/v2\/media\/9109"}],"wp:attachment":[{"href":"https:\/\/glamu.com.ua\/es\/wp-json\/wp\/v2\/media?parent=933"}],"wp:term":[{"taxonomy":"product_brand","embeddable":true,"href":"https:\/\/glamu.com.ua\/es\/wp-json\/wp\/v2\/product_brand?post=933"},{"taxonomy":"product_cat","embeddable":true,"href":"https:\/\/glamu.com.ua\/es\/wp-json\/wp\/v2\/product_cat?post=933"},{"taxonomy":"product_tag","embeddable":true,"href":"https:\/\/glamu.com.ua\/es\/wp-json\/wp\/v2\/product_tag?post=933"}],"curies":[{"name":"wp","href":"https:\/\/api.w.org\/{rel}","templated":true}]}}