{"id":5169,"date":"2025-10-23T14:52:36","date_gmt":"2025-10-23T11:52:36","guid":{"rendered":"https:\/\/glamu.com.ua\/shop\/\u0431\u0435\u0437%20\u043a\u0430\u0442\u0435\u0433\u043e\u0440\u0456\u0457\/farba-dlya-volossya-karseell-maca-power-essence-6-in-1-hair-color-cream-natural-black-80-ml\/"},"modified":"2026-03-31T09:52:17","modified_gmt":"2026-03-31T06:52:17","slug":"farba-dlya-volossya-karseell-maca-power-essence-6-in-1-hair-color-cream-natural-black-80-ml","status":"publish","type":"product","link":"https:\/\/glamu.com.ua\/es\/tienda\/doglyad-za-volossyam\/farba\/farba-dlya-volossya-karseell-maca-power-essence-6-in-1-hair-color-cream-natural-black-80-ml\/","title":{"rendered":"Karseell Maca Power Essence Crema Colorante 6 en 1 Negro Natural 80 ml"},"content":{"rendered":"<p>Una soluci\u00f3n completa: esta f\u00f3rmula de coloraci\u00f3n 6 en 1 permite cubrir f\u00e1cilmente las canas y te\u00f1ir el cabello en un solo paso, proporcionando un color y un cuidado duraderos. No se elimina con los lavados y puede mantener el color hasta 8 semanas, hasta que el cabello vuelva a crecer. El peine aplicador te ayuda a aplicar el color en toda la longitud del cabello o en una zona seleccionada. Aseg\u00farate de seguir las instrucciones del envase y realizar una prueba de alergia 48 horas antes de su uso.<\/p>","protected":false},"excerpt":{"rendered":"<p>\u041a\u043e\u043c\u043f\u043b\u0435\u043a\u0441\u043d\u0435 \u0440\u0456\u0448\u0435\u043d\u043d\u044f: \u0446\u044f \u0444\u043e\u0440\u043c\u0443\u043b\u0430 \u0444\u0430\u0440\u0431\u0438 \u0434\u043b\u044f \u0432\u043e\u043b\u043e\u0441\u0441\u044f \u00ab6 \u0432 1\u00bb \u0434\u043e\u0437\u0432\u043e\u043b\u044f\u0454 \u0432\u0430\u043c \u043b\u0435\u0433\u043a\u043e \u0437\u0430\u0444\u0430\u0440\u0431\u0443\u0432\u0430\u0442\u0438 \u0441\u0438\u0432\u0438\u043d\u0443 \u0442\u0430 \u043f\u043e\u0444\u0430\u0440\u0431\u0443\u0432\u0430\u0442\u0438 \u0432\u043e\u043b\u043e\u0441\u0441\u044f \u043b\u0438\u0448\u0435 \u043e\u0434\u043d\u0438\u043c<\/p>","protected":false},"featured_media":9699,"comment_status":"closed","ping_status":"closed","template":"","meta":{"_acf_changed":false},"product_brand":[],"product_cat":[740],"product_tag":[],"class_list":{"0":"post-5169","1":"product","2":"type-product","3":"status-publish","4":"has-post-thumbnail","6":"product_cat-farba","8":"first","9":"instock","10":"product-type-simple"},"acf":[],"_links":{"self":[{"href":"https:\/\/glamu.com.ua\/es\/wp-json\/wp\/v2\/product\/5169","targetHints":{"allow":["GET"]}}],"collection":[{"href":"https:\/\/glamu.com.ua\/es\/wp-json\/wp\/v2\/product"}],"about":[{"href":"https:\/\/glamu.com.ua\/es\/wp-json\/wp\/v2\/types\/product"}],"replies":[{"embeddable":true,"href":"https:\/\/glamu.com.ua\/es\/wp-json\/wp\/v2\/comments?post=5169"}],"version-history":[{"count":1,"href":"https:\/\/glamu.com.ua\/es\/wp-json\/wp\/v2\/product\/5169\/revisions"}],"predecessor-version":[{"id":9700,"href":"https:\/\/glamu.com.ua\/es\/wp-json\/wp\/v2\/product\/5169\/revisions\/9700"}],"wp:featuredmedia":[{"embeddable":true,"href":"https:\/\/glamu.com.ua\/es\/wp-json\/wp\/v2\/media\/9699"}],"wp:attachment":[{"href":"https:\/\/glamu.com.ua\/es\/wp-json\/wp\/v2\/media?parent=5169"}],"wp:term":[{"taxonomy":"product_brand","embeddable":true,"href":"https:\/\/glamu.com.ua\/es\/wp-json\/wp\/v2\/product_brand?post=5169"},{"taxonomy":"product_cat","embeddable":true,"href":"https:\/\/glamu.com.ua\/es\/wp-json\/wp\/v2\/product_cat?post=5169"},{"taxonomy":"product_tag","embeddable":true,"href":"https:\/\/glamu.com.ua\/es\/wp-json\/wp\/v2\/product_tag?post=5169"}],"curies":[{"name":"wp","href":"https:\/\/api.w.org\/{rel}","templated":true}]}}