{"id":5155,"date":"2025-10-23T14:52:36","date_gmt":"2025-10-23T11:52:36","guid":{"rendered":"https:\/\/glamu.com.ua\/shop\/\u0431\u0435\u0437%20\u043a\u0430\u0442\u0435\u0433\u043e\u0440\u0456\u0457\/nabir-dlya-volossya-karseell-maca-power-essence-moisturizing-repair\/"},"modified":"2026-03-25T20:07:52","modified_gmt":"2026-03-25T18:07:52","slug":"nabir-dlya-volossya-karseell-maca-power-essence-hidratante-reparadora","status":"publish","type":"product","link":"https:\/\/glamu.com.ua\/es\/tienda\/nabir\/nabir-dlya-volossya\/nabir-dlya-volossya-karseell-maca-power-essence-hidratante-reparadora\/","title":{"rendered":"Set capilar Karseell Maca Power Essence Hidrataci\u00f3n Reparaci\u00f3n"},"content":{"rendered":"<p>Champ\u00fa hidratante para el cabello: Un limpiador suave para limpiar y restaurar el cabello seco y da\u00f1ado. Su f\u00f3rmula \u00fanica contiene ingredientes bot\u00e1nicos, preciado extracto de baobab, queratina y lecitina, que saturan el cabello de componentes nutritivos, mantienen un equilibrio \u00f3ptimo del PH y lo protegen de los efectos negativos del medio ambiente.<\/p>\n<p>Mascarilla para cabellos secos y da\u00f1ados con col\u00e1geno: Un tratamiento intensivo con col\u00e1geno y esencia de maca que proporciona un alisado instant\u00e1neo del cabello, repara las puntas abiertas, aporta brillo, elimina el encrespamiento y estimula un crecimiento sano. Es ideal para todo tipo de cabellos. El producto est\u00e1 creado a base de una tecnolog\u00eda especial de evaporaci\u00f3n y penetraci\u00f3n del col\u00e1geno Karseell. Est\u00e1 enriquecido con aceite de arg\u00e1n marroqu\u00ed. Gracias a esta composici\u00f3n, la mascarilla nutre intensamente y restaura en profundidad el cabello seco y da\u00f1ado debido a tintes o permanentes frecuentes.<\/p>\n<p>Aceite capilar: El aceite de arg\u00e1n es un suero altamente eficaz dise\u00f1ado para reparar y nutrir intensamente el cabello da\u00f1ado. Gracias a su textura ligera y r\u00e1pida absorci\u00f3n, penetra profundamente en la estructura capilar, aportando brillo, suavidad y protecci\u00f3n frente a los efectos t\u00e9rmicos. El aceite nutre e hidrata en profundidad, elimina el encrespamiento y el marchitamiento.<\/p>","protected":false},"excerpt":{"rendered":"<p>\u0417\u0432\u043e\u043b\u043e\u0436\u0443\u044e\u0447\u0438\u0439 \u0448\u0430\u043c\u043f\u0443\u043d\u044c \u0434\u043b\u044f \u0432\u043e\u043b\u043e\u0441\u0441\u044f: \u041d\u0456\u0436\u043d\u0438\u0439 \u0437\u0430\u0441\u0456\u0431 \u0434\u043b\u044f \u043e\u0447\u0438\u0449\u0435\u043d\u043d\u044f \u0442\u0430 \u0432\u0456\u0434\u043d\u043e\u0432\u043b\u0435\u043d\u043d\u044f \u0441\u0443\u0445\u043e\u0433\u043e \u0442\u0430 \u043f\u043e\u0448\u043a\u043e\u0434\u0436\u0435\u043d\u043e\u0433\u043e \u0432\u043e\u043b\u043e\u0441\u0441\u044f. \u0419\u043e\u0433\u043e \u0443\u043d\u0456\u043a\u0430\u043b\u044c\u043d\u0430 \u0444\u043e\u0440\u043c\u0443\u043b\u0430 \u043c\u0456\u0441\u0442\u0438\u0442\u044c \u0440\u043e\u0441\u043b\u0438\u043d\u043d\u0456 \u0456\u043d\u0433\u0440\u0435\u0434\u0456\u0454\u043d\u0442\u0438,<\/p>","protected":false},"featured_media":8774,"comment_status":"closed","ping_status":"closed","template":"","meta":{"_acf_changed":false},"product_brand":[],"product_cat":[447],"product_tag":[],"class_list":{"0":"post-5155","1":"product","2":"type-product","3":"status-publish","4":"has-post-thumbnail","6":"product_cat-nabir-dlya-volossya","8":"first","9":"instock","10":"product-type-simple"},"acf":[],"_links":{"self":[{"href":"https:\/\/glamu.com.ua\/es\/wp-json\/wp\/v2\/product\/5155","targetHints":{"allow":["GET"]}}],"collection":[{"href":"https:\/\/glamu.com.ua\/es\/wp-json\/wp\/v2\/product"}],"about":[{"href":"https:\/\/glamu.com.ua\/es\/wp-json\/wp\/v2\/types\/product"}],"replies":[{"embeddable":true,"href":"https:\/\/glamu.com.ua\/es\/wp-json\/wp\/v2\/comments?post=5155"}],"version-history":[{"count":1,"href":"https:\/\/glamu.com.ua\/es\/wp-json\/wp\/v2\/product\/5155\/revisions"}],"predecessor-version":[{"id":7914,"href":"https:\/\/glamu.com.ua\/es\/wp-json\/wp\/v2\/product\/5155\/revisions\/7914"}],"wp:featuredmedia":[{"embeddable":true,"href":"https:\/\/glamu.com.ua\/es\/wp-json\/wp\/v2\/media\/8774"}],"wp:attachment":[{"href":"https:\/\/glamu.com.ua\/es\/wp-json\/wp\/v2\/media?parent=5155"}],"wp:term":[{"taxonomy":"product_brand","embeddable":true,"href":"https:\/\/glamu.com.ua\/es\/wp-json\/wp\/v2\/product_brand?post=5155"},{"taxonomy":"product_cat","embeddable":true,"href":"https:\/\/glamu.com.ua\/es\/wp-json\/wp\/v2\/product_cat?post=5155"},{"taxonomy":"product_tag","embeddable":true,"href":"https:\/\/glamu.com.ua\/es\/wp-json\/wp\/v2\/product_tag?post=5155"}],"curies":[{"name":"wp","href":"https:\/\/api.w.org\/{rel}","templated":true}]}}