{"id":5149,"date":"2025-10-23T14:52:36","date_gmt":"2025-10-23T11:52:36","guid":{"rendered":"https:\/\/glamu.com.ua\/shop\/\u0431\u0435\u0437%20\u043a\u0430\u0442\u0435\u0433\u043e\u0440\u0456\u0457\/nabir-dlya-nejtralizacziyi-zhovtyzny-na-svitlomu-volossi-karseell-maca-power-purple-set\/"},"modified":"2026-03-25T20:10:49","modified_gmt":"2026-03-25T18:10:49","slug":"nabir-dlya-nejtralizaczii-zhovtyznyi-on-svitlomu-volossi-karseell-maca-power-purple-set","status":"publish","type":"product","link":"https:\/\/glamu.com.ua\/es\/tienda\/nabir\/nabir-dlya-volossya\/nabir-dlya-nejtralizaczii-zhovtyznyi-on-svitlomu-volossi-karseell-maca-power-purple-set\/","title":{"rendered":"Karseell Maca Power Purple Set para neutralizar el amarilleamiento del cabello rubio"},"content":{"rendered":"<p>Blonde Yellow Neutralising Mask: es un producto profesional de peluquer\u00eda dise\u00f1ado para neutralizar los tonos amarillos y amarillentos no deseados en el cabello rubio, plateado o te\u00f1ido. Act\u00faa depositando pigmentos p\u00farpuras en el cabello que eliminan los tonos amarillos, dej\u00e1ndole un cabello vibrante y de corte fresco.<\/p>\n<p>Champ\u00fa Neutralizante Amarillo para Cabello Rubio: Neutraliza el amarillo y le ayuda a conseguir un tono perfecto, uniforme y fresco en casa. De este modo, retrasa la siguiente coloraci\u00f3n y mantiene el cabello sano. El aceite de arg\u00e1n es rico en vitamina E. Puede reparar las puntas abiertas, hidratar el cabello y darle brillo. Es un ingrediente estupendo para hidratar el cabello y protegerlo de los da\u00f1os causados por los rayos UV.<\/p>","protected":false},"excerpt":{"rendered":"<p>\u041c\u0430\u0441\u043a\u0430 \u0434\u043b\u044f \u043d\u0435\u0439\u0442\u0440\u0430\u043b\u0456\u0437\u0430\u0446\u0456\u0457 \u0436\u043e\u0432\u0442\u0438\u0437\u043d\u0438 \u0441\u0432\u0456\u0442\u043b\u043e\u0433\u043e \u0432\u043e\u043b\u043e\u0441\u0441\u044f: \u0446\u0435 \u043f\u0440\u043e\u0444\u0435\u0441\u0456\u0439\u043d\u0438\u0439 \u0441\u0430\u043b\u043e\u043d\u043d\u0438\u0439 \u0437\u0430\u0441\u0456\u0431 \u0434\u043b\u044f \u0434\u043e\u0433\u043b\u044f\u0434\u0443 \u0437\u0430 \u0432\u043e\u043b\u043e\u0441\u0441\u044f\u043c, \u043f\u0440\u0438\u0437\u043d\u0430\u0447\u0435\u043d\u0438\u0439 \u0434\u043b\u044f \u043d\u0435\u0439\u0442\u0440\u0430\u043b\u0456\u0437\u0430\u0446\u0456\u0457 \u043d\u0435\u0431\u0430\u0436\u0430\u043d\u0438\u0445 \u0436\u043e\u0432\u0442\u0438\u0445 \u0456<\/p>","protected":false},"featured_media":8778,"comment_status":"closed","ping_status":"closed","template":"","meta":{"_acf_changed":false},"product_brand":[],"product_cat":[447],"product_tag":[],"class_list":{"0":"post-5149","1":"product","2":"type-product","3":"status-publish","4":"has-post-thumbnail","6":"product_cat-nabir-dlya-volossya","8":"first","9":"instock","10":"product-type-simple"},"acf":[],"_links":{"self":[{"href":"https:\/\/glamu.com.ua\/es\/wp-json\/wp\/v2\/product\/5149","targetHints":{"allow":["GET"]}}],"collection":[{"href":"https:\/\/glamu.com.ua\/es\/wp-json\/wp\/v2\/product"}],"about":[{"href":"https:\/\/glamu.com.ua\/es\/wp-json\/wp\/v2\/types\/product"}],"replies":[{"embeddable":true,"href":"https:\/\/glamu.com.ua\/es\/wp-json\/wp\/v2\/comments?post=5149"}],"version-history":[{"count":1,"href":"https:\/\/glamu.com.ua\/es\/wp-json\/wp\/v2\/product\/5149\/revisions"}],"predecessor-version":[{"id":7917,"href":"https:\/\/glamu.com.ua\/es\/wp-json\/wp\/v2\/product\/5149\/revisions\/7917"}],"wp:featuredmedia":[{"embeddable":true,"href":"https:\/\/glamu.com.ua\/es\/wp-json\/wp\/v2\/media\/8778"}],"wp:attachment":[{"href":"https:\/\/glamu.com.ua\/es\/wp-json\/wp\/v2\/media?parent=5149"}],"wp:term":[{"taxonomy":"product_brand","embeddable":true,"href":"https:\/\/glamu.com.ua\/es\/wp-json\/wp\/v2\/product_brand?post=5149"},{"taxonomy":"product_cat","embeddable":true,"href":"https:\/\/glamu.com.ua\/es\/wp-json\/wp\/v2\/product_cat?post=5149"},{"taxonomy":"product_tag","embeddable":true,"href":"https:\/\/glamu.com.ua\/es\/wp-json\/wp\/v2\/product_tag?post=5149"}],"curies":[{"name":"wp","href":"https:\/\/api.w.org\/{rel}","templated":true}]}}