{"id":5147,"date":"2025-10-23T14:52:27","date_gmt":"2025-10-23T11:52:27","guid":{"rendered":"https:\/\/glamu.com.ua\/shop\/\u0431\u0435\u0437%20\u043a\u0430\u0442\u0435\u0433\u043e\u0440\u0456\u0457\/shampun-dlya-nejtralizacziyi-zhovtyzny-svitlogo-volossya-karseell-maca-power-essence-purple-shampoo-500-ml\/"},"modified":"2026-03-31T10:20:51","modified_gmt":"2026-03-31T07:20:51","slug":"champu-para-la-neutralizacion-de-cabellos-claros-y-sanos-carseell-maca-power-essence-champu-purpura-500-ml","status":"publish","type":"product","link":"https:\/\/glamu.com.ua\/es\/tienda\/doglyad-za-volossyam\/shampun\/champu-para-la-neutralizacion-de-cabellos-claros-y-sanos-carseell-maca-power-essence-champu-purpura-500-ml\/","title":{"rendered":"Champ\u00fa para neutralizar el tono amarillento del cabello rubio Karseell Maca Power Essence Champ\u00fa Morado 500 ml"},"content":{"rendered":"<p>El champ\u00fa neutraliza el amarilleamiento y le ayuda a conseguir un tono perfecto, uniforme y fresco en casa. De este modo, se retrasa la siguiente coloraci\u00f3n y se mantiene un cabello sano. El aceite de arg\u00e1n es rico en vitamina E. Puede reparar las puntas abiertas, hidratar el cabello y darle brillo. Es un ingrediente estupendo para hidratar el cabello y protegerlo de los da\u00f1os causados por los rayos UV.<\/p>","protected":false},"excerpt":{"rendered":"<p>\u0428\u0430\u043c\u043f\u0443\u043d\u044c \u043d\u0435\u0439\u0442\u0440\u0430\u043b\u0456\u0437\u0443\u0454 \u0436\u043e\u0432\u0442\u0438\u0437\u043d\u0443 \u0456 \u0434\u043e\u043f\u043e\u043c\u0430\u0433\u0430\u0454 \u0434\u043e\u0441\u044f\u0433\u0442\u0438 \u0456\u0434\u0435\u0430\u043b\u044c\u043d\u043e\u0433\u043e, \u0440\u0456\u0432\u043d\u043e\u043c\u0456\u0440\u043d\u043e\u0433\u043e \u0456 \u0445\u043e\u043b\u043e\u0434\u043d\u043e\u0433\u043e \u0432\u0456\u0434\u0442\u0456\u043d\u043a\u0443 \u0432 \u0434\u043e\u043c\u0430\u0448\u043d\u0456\u0445 \u0443\u043c\u043e\u0432\u0430\u0445. \u0422\u0430\u043a\u0438\u043c \u0447\u0438\u043d\u043e\u043c \u0432\u0438 \u0432\u0456\u0434\u0442\u044f\u0433\u0443\u0454\u0442\u0435 \u0447\u0435\u0440\u0433\u043e\u0432\u0443 \u043f\u0440\u043e\u0446\u0435\u0434\u0443\u0440\u0443<\/p>","protected":false},"featured_media":9741,"comment_status":"closed","ping_status":"closed","template":"","meta":{"_acf_changed":false},"product_brand":[],"product_cat":[279],"product_tag":[],"class_list":{"0":"post-5147","1":"product","2":"type-product","3":"status-publish","4":"has-post-thumbnail","6":"product_cat-shampun","8":"first","9":"instock","10":"product-type-simple"},"acf":[],"_links":{"self":[{"href":"https:\/\/glamu.com.ua\/es\/wp-json\/wp\/v2\/product\/5147","targetHints":{"allow":["GET"]}}],"collection":[{"href":"https:\/\/glamu.com.ua\/es\/wp-json\/wp\/v2\/product"}],"about":[{"href":"https:\/\/glamu.com.ua\/es\/wp-json\/wp\/v2\/types\/product"}],"replies":[{"embeddable":true,"href":"https:\/\/glamu.com.ua\/es\/wp-json\/wp\/v2\/comments?post=5147"}],"version-history":[{"count":1,"href":"https:\/\/glamu.com.ua\/es\/wp-json\/wp\/v2\/product\/5147\/revisions"}],"predecessor-version":[{"id":9742,"href":"https:\/\/glamu.com.ua\/es\/wp-json\/wp\/v2\/product\/5147\/revisions\/9742"}],"wp:featuredmedia":[{"embeddable":true,"href":"https:\/\/glamu.com.ua\/es\/wp-json\/wp\/v2\/media\/9741"}],"wp:attachment":[{"href":"https:\/\/glamu.com.ua\/es\/wp-json\/wp\/v2\/media?parent=5147"}],"wp:term":[{"taxonomy":"product_brand","embeddable":true,"href":"https:\/\/glamu.com.ua\/es\/wp-json\/wp\/v2\/product_brand?post=5147"},{"taxonomy":"product_cat","embeddable":true,"href":"https:\/\/glamu.com.ua\/es\/wp-json\/wp\/v2\/product_cat?post=5147"},{"taxonomy":"product_tag","embeddable":true,"href":"https:\/\/glamu.com.ua\/es\/wp-json\/wp\/v2\/product_tag?post=5147"}],"curies":[{"name":"wp","href":"https:\/\/api.w.org\/{rel}","templated":true}]}}