{"id":5133,"date":"2025-10-23T14:52:27","date_gmt":"2025-10-23T11:52:27","guid":{"rendered":"https:\/\/glamu.com.ua\/shop\/\u0431\u0435\u0437%20\u043a\u0430\u0442\u0435\u0433\u043e\u0440\u0456\u0457\/keratynova-maska-dlya-volossya-karseell-maca-power-gold-keratin-500-ml\/"},"modified":"2026-02-13T19:47:21","modified_gmt":"2026-02-13T17:47:21","slug":"mascarilla-de-queratina-para-volossy-karseell-maca-power-gold-keratin-500-ml","status":"publish","type":"product","link":"https:\/\/glamu.com.ua\/es\/tienda\/doglyad-za-volossyam\/maska-dlya-volossya\/mascarilla-de-queratina-para-volossy-karseell-maca-power-gold-keratin-500-ml\/","title":{"rendered":"Mascarilla capilar de queratina Karseell Maca Power Gold Keratin 500 ml"},"content":{"rendered":"<p>El Tratamiento Reparador de Queratina puede utilizarse para reparar en profundidad el cabello da\u00f1ado o seco. El Tratamiento Suavizante de Queratina nutre eficazmente y elimina el encrespamiento del cabello grueso y te\u00f1ido, dej\u00e1ndolo liso, brillante y suave. Ideal para todo tipo de cabellos.<\/p>","protected":false},"excerpt":{"rendered":"<p>\u0412\u0456\u0434\u043d\u043e\u0432\u043b\u044e\u044e\u0447\u0438\u0439 \u043a\u0435\u0440\u0430\u0442\u0438\u043d\u043e\u0432\u0438\u0439 \u0437\u0430\u0441\u0456\u0431 \u043c\u043e\u0436\u043d\u0430 \u0432\u0438\u043a\u043e\u0440\u0438\u0441\u0442\u043e\u0432\u0443\u0432\u0430\u0442\u0438 \u0434\u043b\u044f \u0433\u043b\u0438\u0431\u043e\u043a\u043e\u0433\u043e \u0432\u0456\u0434\u043d\u043e\u0432\u043b\u0435\u043d\u043d\u044f \u043f\u043e\u0448\u043a\u043e\u0434\u0436\u0435\u043d\u043e\u0433\u043e \u0430\u0431\u043e \u0441\u0443\u0445\u043e\u0433\u043e \u0432\u043e\u043b\u043e\u0441\u0441\u044f. \u0420\u043e\u0437\u0433\u043b\u0430\u0434\u0436\u0443\u044e\u0447\u0438\u0439 \u043a\u0435\u0440\u0430\u0442\u0438\u043d\u043e\u0432\u0438\u0439 \u0437\u0430\u0441\u0456\u0431 \u0435\u0444\u0435\u043a\u0442\u0438\u0432\u043d\u043e \u0436\u0438\u0432\u0438\u0442\u044c \u0456 \u0443\u0441\u0443\u0432\u0430\u0454 \u043f\u0443\u0445\u043d\u0430\u0441\u0442\u0456\u0441\u0442\u044c<\/p>","protected":false},"featured_media":7773,"comment_status":"closed","ping_status":"closed","template":"","meta":{"_acf_changed":false},"product_brand":[],"product_cat":[298],"product_tag":[],"class_list":{"0":"post-5133","1":"product","2":"type-product","3":"status-publish","4":"has-post-thumbnail","6":"product_cat-maska-dlya-volossya","8":"first","9":"instock","10":"featured","11":"product-type-simple"},"acf":[],"_links":{"self":[{"href":"https:\/\/glamu.com.ua\/es\/wp-json\/wp\/v2\/product\/5133","targetHints":{"allow":["GET"]}}],"collection":[{"href":"https:\/\/glamu.com.ua\/es\/wp-json\/wp\/v2\/product"}],"about":[{"href":"https:\/\/glamu.com.ua\/es\/wp-json\/wp\/v2\/types\/product"}],"replies":[{"embeddable":true,"href":"https:\/\/glamu.com.ua\/es\/wp-json\/wp\/v2\/comments?post=5133"}],"version-history":[{"count":1,"href":"https:\/\/glamu.com.ua\/es\/wp-json\/wp\/v2\/product\/5133\/revisions"}],"predecessor-version":[{"id":7782,"href":"https:\/\/glamu.com.ua\/es\/wp-json\/wp\/v2\/product\/5133\/revisions\/7782"}],"wp:featuredmedia":[{"embeddable":true,"href":"https:\/\/glamu.com.ua\/es\/wp-json\/wp\/v2\/media\/7773"}],"wp:attachment":[{"href":"https:\/\/glamu.com.ua\/es\/wp-json\/wp\/v2\/media?parent=5133"}],"wp:term":[{"taxonomy":"product_brand","embeddable":true,"href":"https:\/\/glamu.com.ua\/es\/wp-json\/wp\/v2\/product_brand?post=5133"},{"taxonomy":"product_cat","embeddable":true,"href":"https:\/\/glamu.com.ua\/es\/wp-json\/wp\/v2\/product_cat?post=5133"},{"taxonomy":"product_tag","embeddable":true,"href":"https:\/\/glamu.com.ua\/es\/wp-json\/wp\/v2\/product_tag?post=5133"}],"curies":[{"name":"wp","href":"https:\/\/api.w.org\/{rel}","templated":true}]}}