{"id":4378,"date":"2025-10-20T14:40:29","date_gmt":"2025-10-20T11:40:29","guid":{"rendered":"https:\/\/glamu.com.ua\/shop\/\u0431\u0435\u0437%20\u043a\u0430\u0442\u0435\u0433\u043e\u0440\u0456\u0457\/zasib-v-ampulah-d-vsih-typiv-shkiry-hyaluro-fill-10x2ml\/"},"modified":"2026-03-29T23:15:49","modified_gmt":"2026-03-29T20:15:49","slug":"zasib-v-ampulah-d-vsih-typiv-shkiry-hyaluro-fill-10x2ml","status":"publish","type":"product","link":"https:\/\/glamu.com.ua\/es\/tienda\/doglyad-za-tilom\/zasib-v-ampulah-d-vsih-typiv-shkiry-hyaluro-fill-10x2ml\/","title":{"rendered":"Hyaluro fill 10 ampollas de 2 ml para todo tipo de pieles"},"content":{"rendered":"<p>Las ampollas Hyaluro Fill para el rostro de Bimaio son un suero altamente concentrado. Sus principios activos tienen un potente efecto hidratante. El \u00e1cido hialur\u00f3nico, en sinergia con otros ingredientes, hidrata intensamente la piel, al tiempo que alisa en profundidad las arrugas y las l\u00edneas de expresi\u00f3n. El uso regular del suero ayuda a eliminar la sequedad, la descamaci\u00f3n y previene el envejecimiento prematuro.<\/p>","protected":false},"excerpt":{"rendered":"<p>\u0410\u043c\u043f\u0443\u043b\u0438 Hyaluro Fill \u0434\u043b\u044f \u043e\u0431\u043b\u0438\u0447\u0447\u044f \u0432\u0456\u0434 \u0431\u0440\u0435\u043d\u0434\u0430 Bimaio \u2014 \u0446\u0435 \u0432\u0438\u0441\u043e\u043a\u043e\u043a\u043e\u043d\u0446\u0435\u043d\u0442\u0440\u043e\u0432\u0430\u043d\u0438\u0439 \u0437\u0430\u0441\u0456\u0431 \u0443 \u0444\u043e\u0440\u043c\u0456 \u0441\u0438\u0440\u043e\u0432\u0430\u0442\u043a\u0438. \u0410\u043a\u0442\u0438\u0432\u043d\u0456 \u043a\u043e\u043c\u043f\u043e\u043d\u0435\u043d\u0442\u0438 \u0439\u043e\u0433\u043e \u0444\u043e\u0440\u043c\u0443\u043b\u0438 \u043d\u0430\u0434\u0430\u044e\u0442\u044c<\/p>","protected":false},"featured_media":8956,"comment_status":"closed","ping_status":"closed","template":"","meta":{"_acf_changed":false},"product_brand":[],"product_cat":[16],"product_tag":[],"class_list":{"0":"post-4378","1":"product","2":"type-product","3":"status-publish","4":"has-post-thumbnail","6":"product_cat-doglyad-za-tilom","8":"first","9":"instock","10":"purchasable","11":"product-type-simple"},"acf":[],"_links":{"self":[{"href":"https:\/\/glamu.com.ua\/es\/wp-json\/wp\/v2\/product\/4378","targetHints":{"allow":["GET"]}}],"collection":[{"href":"https:\/\/glamu.com.ua\/es\/wp-json\/wp\/v2\/product"}],"about":[{"href":"https:\/\/glamu.com.ua\/es\/wp-json\/wp\/v2\/types\/product"}],"replies":[{"embeddable":true,"href":"https:\/\/glamu.com.ua\/es\/wp-json\/wp\/v2\/comments?post=4378"}],"version-history":[{"count":1,"href":"https:\/\/glamu.com.ua\/es\/wp-json\/wp\/v2\/product\/4378\/revisions"}],"predecessor-version":[{"id":8090,"href":"https:\/\/glamu.com.ua\/es\/wp-json\/wp\/v2\/product\/4378\/revisions\/8090"}],"wp:featuredmedia":[{"embeddable":true,"href":"https:\/\/glamu.com.ua\/es\/wp-json\/wp\/v2\/media\/8956"}],"wp:attachment":[{"href":"https:\/\/glamu.com.ua\/es\/wp-json\/wp\/v2\/media?parent=4378"}],"wp:term":[{"taxonomy":"product_brand","embeddable":true,"href":"https:\/\/glamu.com.ua\/es\/wp-json\/wp\/v2\/product_brand?post=4378"},{"taxonomy":"product_cat","embeddable":true,"href":"https:\/\/glamu.com.ua\/es\/wp-json\/wp\/v2\/product_cat?post=4378"},{"taxonomy":"product_tag","embeddable":true,"href":"https:\/\/glamu.com.ua\/es\/wp-json\/wp\/v2\/product_tag?post=4378"}],"curies":[{"name":"wp","href":"https:\/\/api.w.org\/{rel}","templated":true}]}}