{"id":4376,"date":"2025-10-20T14:40:29","date_gmt":"2025-10-20T11:40:29","guid":{"rendered":"https:\/\/glamu.com.ua\/shop\/\u0431\u0435\u0437%20\u043a\u0430\u0442\u0435\u0433\u043e\u0440\u0456\u0457\/zasib-v-ampulah-dlya-kombinovanoyi-ta-zhyrnoyi-shkiry-matte-rescue-10x2ml\/"},"modified":"2026-03-29T23:18:51","modified_gmt":"2026-03-29T20:18:51","slug":"zasib-en-ampolla-para-rescate-mate-shkiry-combinado-y-amarillo-10x2ml","status":"publish","type":"product","link":"https:\/\/glamu.com.ua\/es\/tienda\/doglyad-za-tilom\/zasib-en-ampolla-para-rescate-mate-shkiry-combinado-y-amarillo-10x2ml\/","title":{"rendered":"Ampolla para pieles mixtas y grasas Matte Rescue 10x2ml"},"content":{"rendered":"<p>Para cuidar las pieles mixtas y grasas, los especialistas de Bimaio han creado las ampollas Matte Rescue. Contienen azeloglicina, que tiene una elevada actividad antimicrobiana, favorece la r\u00e1pida renovaci\u00f3n celular, reduce la aparici\u00f3n de post-acn\u00e9 y unifica el color de la piel. El producto tambi\u00e9n est\u00e1 enriquecido con antarktitina, que reduce la intensidad de la secreci\u00f3n seb\u00e1cea y estrecha los poros dilatados. El extracto de an\u00eds tiene propiedades antiinflamatorias y cicatrizantes.<\/p>","protected":false},"excerpt":{"rendered":"<p>\u0414\u043b\u044f \u0434\u043e\u0433\u043b\u044f\u0434\u0443 \u0437\u0430 \u043a\u043e\u043c\u0431\u0456\u043d\u043e\u0432\u0430\u043d\u043e\u044e \u0442\u0430 \u0436\u0438\u0440\u043d\u043e\u044e \u0442\u0438\u043f\u0430\u043c\u0438 \u0448\u043a\u0456\u0440\u0438 \u043e\u0431\u043b\u0438\u0447\u0447\u044f \u0444\u0430\u0445\u0456\u0432\u0446\u044f\u043c\u0438 \u0431\u0440\u0435\u043d\u0434\u0430 Bimaio \u0431\u0443\u043b\u0438 \u0441\u0442\u0432\u043e\u0440\u0435\u043d\u0456 \u0430\u043c\u043f\u0443\u043b\u0438 Matte Rescue. \u0412\u043e\u043d\u0438 \u043c\u0456\u0441\u0442\u044f\u0442\u044c \u0430\u0437\u0435\u043b\u043e\u0433\u043b\u0456\u0446\u0438\u043d,<\/p>","protected":false},"featured_media":8963,"comment_status":"closed","ping_status":"closed","template":"","meta":{"_acf_changed":false},"product_brand":[],"product_cat":[16],"product_tag":[],"class_list":{"0":"post-4376","1":"product","2":"type-product","3":"status-publish","4":"has-post-thumbnail","6":"product_cat-doglyad-za-tilom","8":"first","9":"instock","10":"purchasable","11":"product-type-simple"},"acf":[],"_links":{"self":[{"href":"https:\/\/glamu.com.ua\/es\/wp-json\/wp\/v2\/product\/4376","targetHints":{"allow":["GET"]}}],"collection":[{"href":"https:\/\/glamu.com.ua\/es\/wp-json\/wp\/v2\/product"}],"about":[{"href":"https:\/\/glamu.com.ua\/es\/wp-json\/wp\/v2\/types\/product"}],"replies":[{"embeddable":true,"href":"https:\/\/glamu.com.ua\/es\/wp-json\/wp\/v2\/comments?post=4376"}],"version-history":[{"count":1,"href":"https:\/\/glamu.com.ua\/es\/wp-json\/wp\/v2\/product\/4376\/revisions"}],"predecessor-version":[{"id":7257,"href":"https:\/\/glamu.com.ua\/es\/wp-json\/wp\/v2\/product\/4376\/revisions\/7257"}],"wp:featuredmedia":[{"embeddable":true,"href":"https:\/\/glamu.com.ua\/es\/wp-json\/wp\/v2\/media\/8963"}],"wp:attachment":[{"href":"https:\/\/glamu.com.ua\/es\/wp-json\/wp\/v2\/media?parent=4376"}],"wp:term":[{"taxonomy":"product_brand","embeddable":true,"href":"https:\/\/glamu.com.ua\/es\/wp-json\/wp\/v2\/product_brand?post=4376"},{"taxonomy":"product_cat","embeddable":true,"href":"https:\/\/glamu.com.ua\/es\/wp-json\/wp\/v2\/product_cat?post=4376"},{"taxonomy":"product_tag","embeddable":true,"href":"https:\/\/glamu.com.ua\/es\/wp-json\/wp\/v2\/product_tag?post=4376"}],"curies":[{"name":"wp","href":"https:\/\/api.w.org\/{rel}","templated":true}]}}