{"id":4374,"date":"2025-10-20T14:40:29","date_gmt":"2025-10-20T11:40:29","guid":{"rendered":"https:\/\/glamu.com.ua\/shop\/\u0431\u0435\u0437%20\u043a\u0430\u0442\u0435\u0433\u043e\u0440\u0456\u0457\/zasib-v-ampulah-d-vsih-typiv-shkiry-btx-active-10x2ml\/"},"modified":"2026-03-29T23:14:35","modified_gmt":"2026-03-29T20:14:35","slug":"zasib-v-ampulah-d-vsih-typiv-shkiry-btx-active-10x2ml","status":"publish","type":"product","link":"https:\/\/glamu.com.ua\/es\/tienda\/doglyad-za-tilom\/zasib-v-ampulah-d-vsih-typiv-shkiry-btx-active-10x2ml\/","title":{"rendered":"\u0417\u0430\u0441\u0456\u0431 \u0432 \u0430\u043c\u043f\u0443\u043b\u0430\u0445 \u0434\/\u0432\u0441\u0456\u0445 \u0442\u0438\u043f\u0456\u0432 \u0448\u043a\u0456\u0440\u0438 BTX &#8211; Active 10x2ml"},"content":{"rendered":"<p>Las ampollas BTX-Active para el rostro de Bimaio son una soluci\u00f3n ideal al problema de las arrugas faciales. El producto tiene un efecto similar al Botox, pero es m\u00e1s suave y delicado. Los principios activos en alta concentraci\u00f3n relajan los m\u00fasculos durante un cierto tiempo. Durante este tiempo, las arrugas y l\u00edneas de expresi\u00f3n se alisan gradualmente y se forman menos en el futuro. Las ampollas son compatibles con todos los tipos de piel.<\/p>","protected":false},"excerpt":{"rendered":"<p>\u0410\u043c\u043f\u0443\u043b\u0438 BTX-Active \u0434\u043b\u044f \u043e\u0431\u043b\u0438\u0447\u0447\u044f \u0432\u0456\u0434 \u0431\u0440\u0435\u043d\u0434\u0430 Bimaio \u2014 \u0446\u0435 \u0456\u0434\u0435\u0430\u043b\u044c\u043d\u0435 \u0440\u0456\u0448\u0435\u043d\u043d\u044f \u0434\u043b\u044f \u0440\u043e\u0437\u0432\u2019\u044f\u0437\u0430\u043d\u043d\u044f \u043f\u0440\u043e\u0431\u043b\u0435\u043c\u0438 \u043c\u0456\u043c\u0456\u0447\u043d\u0438\u0445 \u0437\u043c\u043e\u0440\u0449\u043e\u043a. \u0417\u0430 \u0441\u0432\u043e\u0454\u044e \u0434\u0456\u0454\u044e \u0437\u0430\u0441\u0456\u0431<\/p>","protected":false},"featured_media":8952,"comment_status":"closed","ping_status":"closed","template":"","meta":{"_acf_changed":false},"product_brand":[],"product_cat":[16],"product_tag":[],"class_list":{"0":"post-4374","1":"product","2":"type-product","3":"status-publish","4":"has-post-thumbnail","6":"product_cat-doglyad-za-tilom","8":"first","9":"instock","10":"purchasable","11":"product-type-simple"},"acf":[],"_links":{"self":[{"href":"https:\/\/glamu.com.ua\/es\/wp-json\/wp\/v2\/product\/4374","targetHints":{"allow":["GET"]}}],"collection":[{"href":"https:\/\/glamu.com.ua\/es\/wp-json\/wp\/v2\/product"}],"about":[{"href":"https:\/\/glamu.com.ua\/es\/wp-json\/wp\/v2\/types\/product"}],"replies":[{"embeddable":true,"href":"https:\/\/glamu.com.ua\/es\/wp-json\/wp\/v2\/comments?post=4374"}],"version-history":[{"count":3,"href":"https:\/\/glamu.com.ua\/es\/wp-json\/wp\/v2\/product\/4374\/revisions"}],"predecessor-version":[{"id":8954,"href":"https:\/\/glamu.com.ua\/es\/wp-json\/wp\/v2\/product\/4374\/revisions\/8954"}],"wp:featuredmedia":[{"embeddable":true,"href":"https:\/\/glamu.com.ua\/es\/wp-json\/wp\/v2\/media\/8952"}],"wp:attachment":[{"href":"https:\/\/glamu.com.ua\/es\/wp-json\/wp\/v2\/media?parent=4374"}],"wp:term":[{"taxonomy":"product_brand","embeddable":true,"href":"https:\/\/glamu.com.ua\/es\/wp-json\/wp\/v2\/product_brand?post=4374"},{"taxonomy":"product_cat","embeddable":true,"href":"https:\/\/glamu.com.ua\/es\/wp-json\/wp\/v2\/product_cat?post=4374"},{"taxonomy":"product_tag","embeddable":true,"href":"https:\/\/glamu.com.ua\/es\/wp-json\/wp\/v2\/product_tag?post=4374"}],"curies":[{"name":"wp","href":"https:\/\/api.w.org\/{rel}","templated":true}]}}