{"id":4368,"date":"2025-10-20T14:40:29","date_gmt":"2025-10-20T11:40:29","guid":{"rendered":"https:\/\/glamu.com.ua\/shop\/\u0431\u0435\u0437%20\u043a\u0430\u0442\u0435\u0433\u043e\u0440\u0456\u0457\/ochyshhuyuchyj-gel-bimaio-purifying-cleansing-gel-200ml\/"},"modified":"2026-03-30T18:37:44","modified_gmt":"2026-03-30T15:37:44","slug":"ochyshhuyuchyj-gel-bimaio-gel-limpiador-purificante-200ml","status":"publish","type":"product","link":"https:\/\/glamu.com.ua\/es\/tienda\/doglyad-za-tilom\/ochyshhuyuchyj-gel-bimaio-gel-limpiador-purificante-200ml\/","title":{"rendered":"Bimaio Gel Limpiador Purificante 200ml"},"content":{"rendered":"<p>El Gel Limpiador Facial Bimaio es un producto eficaz con 99% componentes de origen natural. El gel tiene un efecto suave. Exfolia delicadamente las c\u00e9lulas muertas de la piel, limpia el rostro y el cuello del sebo acumulado y otros contaminantes. Adem\u00e1s de limpiar, el producto tambi\u00e9n proporciona un cuidado suave. El \u00e1cido salic\u00edlico, la niacinamida y la alanto\u00edna act\u00faan en sinergia. Estos componentes ayudan a renovar la piel y a reforzar su barrera natural.Caracter\u00edsticas del Gel Limpiador Purificante Bimaio: el \u00e1cido salic\u00edlico limpia los poros, los cierra, exfolia suavemente las c\u00e9lulas muertas de la piel y favorece la renovaci\u00f3n epid\u00e9rmica; la alanto\u00edna disuelve las part\u00edculas muertas de la piel y otras impurezas, favorece la regeneraci\u00f3n cut\u00e1nea, refuerza la barrera protectora natural; la niacinamida tiene un efecto antioxidante, normaliza las gl\u00e1ndulas seb\u00e1ceas, aclara las manchas de la edad, da elasticidad a la piel y alisa las arrugas finas; el producto es compatible con todos los tipos de piel; ideal para el lavado diario.<\/p>","protected":false},"excerpt":{"rendered":"<p>\u041e\u0447\u0438\u0449\u0443\u0432\u0430\u043b\u044c\u043d\u0438\u0439 \u0433\u0435\u043b\u044c \u0434\u043b\u044f \u043e\u0431\u043b\u0438\u0447\u0447\u044f \u0432\u0456\u0434 \u0431\u0440\u0435\u043d\u0434\u0430 Bimaio \u2014 \u0446\u0435 \u0435\u0444\u0435\u043a\u0442\u0438\u0432\u043d\u0438\u0439 \u0437\u0430\u0441\u0456\u0431, 99% \u043a\u043e\u043c\u043f\u043e\u043d\u0435\u043d\u0442\u0456\u0432 \u044f\u043a\u043e\u0433\u043e \u043f\u0440\u0438\u0440\u043e\u0434\u043d\u043e\u0433\u043e \u043f\u043e\u0445\u043e\u0434\u0436\u0435\u043d\u043d\u044f. \u0413\u0435\u043b\u044c \u043c\u0430\u0454 \u043c\u2019\u044f\u043a\u0443 \u0434\u0456\u044e.<\/p>","protected":false},"featured_media":9016,"comment_status":"closed","ping_status":"closed","template":"","meta":{"_acf_changed":false},"product_brand":[],"product_cat":[16],"product_tag":[],"class_list":{"0":"post-4368","1":"product","2":"type-product","3":"status-publish","4":"has-post-thumbnail","6":"product_cat-doglyad-za-tilom","8":"first","9":"instock","10":"purchasable","11":"product-type-simple"},"acf":[],"_links":{"self":[{"href":"https:\/\/glamu.com.ua\/es\/wp-json\/wp\/v2\/product\/4368","targetHints":{"allow":["GET"]}}],"collection":[{"href":"https:\/\/glamu.com.ua\/es\/wp-json\/wp\/v2\/product"}],"about":[{"href":"https:\/\/glamu.com.ua\/es\/wp-json\/wp\/v2\/types\/product"}],"replies":[{"embeddable":true,"href":"https:\/\/glamu.com.ua\/es\/wp-json\/wp\/v2\/comments?post=4368"}],"version-history":[{"count":1,"href":"https:\/\/glamu.com.ua\/es\/wp-json\/wp\/v2\/product\/4368\/revisions"}],"predecessor-version":[{"id":8173,"href":"https:\/\/glamu.com.ua\/es\/wp-json\/wp\/v2\/product\/4368\/revisions\/8173"}],"wp:featuredmedia":[{"embeddable":true,"href":"https:\/\/glamu.com.ua\/es\/wp-json\/wp\/v2\/media\/9016"}],"wp:attachment":[{"href":"https:\/\/glamu.com.ua\/es\/wp-json\/wp\/v2\/media?parent=4368"}],"wp:term":[{"taxonomy":"product_brand","embeddable":true,"href":"https:\/\/glamu.com.ua\/es\/wp-json\/wp\/v2\/product_brand?post=4368"},{"taxonomy":"product_cat","embeddable":true,"href":"https:\/\/glamu.com.ua\/es\/wp-json\/wp\/v2\/product_cat?post=4368"},{"taxonomy":"product_tag","embeddable":true,"href":"https:\/\/glamu.com.ua\/es\/wp-json\/wp\/v2\/product_tag?post=4368"}],"curies":[{"name":"wp","href":"https:\/\/api.w.org\/{rel}","templated":true}]}}