{"id":4366,"date":"2025-10-20T14:40:29","date_gmt":"2025-10-20T11:40:29","guid":{"rendered":"https:\/\/glamu.com.ua\/shop\/\u0431\u0435\u0437%20\u043a\u0430\u0442\u0435\u0433\u043e\u0440\u0456\u0457\/krem-d-konturu-ochej-z-efektom-liftyngu-bimaio-absolute-definition-eye-contour-15-ml\/"},"modified":"2026-03-30T18:08:06","modified_gmt":"2026-03-30T15:08:06","slug":"krem-d-konturu-ochej-z-efektom-liftyngu-bimaio-absolute-definition-eye-contour-15-ml","status":"publish","type":"product","link":"https:\/\/glamu.com.ua\/es\/tienda\/doglyad-za-tilom\/krem-d-konturu-ochej-z-efektom-liftyngu-bimaio-absolute-definition-eye-contour-15-ml\/","title":{"rendered":"Crema contorno de ojos efecto lifting Bimaio Contorno de ojos definici\u00f3n absoluta 15 ml"},"content":{"rendered":"<p>La piel sensible del contorno de los ojos necesita atenci\u00f3n y cuidados especiales. Proporci\u00f3nele la Crema Reafirmante Contorno de Ojos de Bimaio. Gracias a su f\u00f3rmula a base de ingredientes bot\u00e1nicos, proporciona una hidrataci\u00f3n y nutrici\u00f3n intensivas a la epidermis, prolongando su juventud. El producto tonifica y refresca la piel, elimina los signos de fatiga y previene el marchitamiento y los cambios prematuros relacionados con la edad.Caracter\u00edsticas de Bimaio Contorno de Ojos Definici\u00f3n Absoluta: Liftonin\u00ae-Xpress mejora la textura de la piel, reduce la aparici\u00f3n de arrugas y l\u00edneas de expresi\u00f3n;complejo multivitam\u00ednico de vitaminas E, C, B3, B5 y B6 tiene propiedades antioxidantes, calma la irritaci\u00f3n;niacinamida reduce la pigmentaci\u00f3n, unifica el tono de la epidermis;el aceite de almendras dulces mantiene la firmeza y la elasticidad;la argirelina (acetil hexap\u00e9ptido-8) alisa la piel, previene el envejecimiento;la cafe\u00edna reduce la hinchaz\u00f3n, elimina las ojeras;el \u00e1cido hialur\u00f3nico restablece el equilibrio h\u00eddrico \u00f3ptimo.<\/p>","protected":false},"excerpt":{"rendered":"<p>\u0427\u0443\u0442\u043b\u0438\u0432\u0430 \u0448\u043a\u0456\u0440\u0430 \u043d\u0430\u0432\u043a\u043e\u043b\u043e \u043e\u0447\u0435\u0439 \u043f\u043e\u0442\u0440\u0435\u0431\u0443\u0454 \u043e\u0441\u043e\u0431\u043b\u0438\u0432\u043e\u0457 \u0443\u0432\u0430\u0433\u0438 \u0442\u0430 \u0434\u043e\u0433\u043b\u044f\u0434\u0443. \u0417\u0430\u0431\u0435\u0437\u043f\u0435\u0447\u0442\u0435 \u0457\u0439 \u0446\u0435 \u0437 \u0437\u0430\u0441\u043e\u0431\u043e\u043c \u0434\u043b\u044f \u043a\u043e\u043d\u0442\u0443\u0440\u0443 \u043e\u0447\u0435\u0439 \u0437 \u0435\u0444\u0435\u043a\u0442\u043e\u043c \u043b\u0456\u0444\u0442\u0438\u043d\u0433\u0443<\/p>","protected":false},"featured_media":8980,"comment_status":"closed","ping_status":"closed","template":"","meta":{"_acf_changed":false},"product_brand":[],"product_cat":[16],"product_tag":[],"class_list":{"0":"post-4366","1":"product","2":"type-product","3":"status-publish","4":"has-post-thumbnail","6":"product_cat-doglyad-za-tilom","8":"first","9":"instock","10":"purchasable","11":"product-type-simple"},"acf":[],"_links":{"self":[{"href":"https:\/\/glamu.com.ua\/es\/wp-json\/wp\/v2\/product\/4366","targetHints":{"allow":["GET"]}}],"collection":[{"href":"https:\/\/glamu.com.ua\/es\/wp-json\/wp\/v2\/product"}],"about":[{"href":"https:\/\/glamu.com.ua\/es\/wp-json\/wp\/v2\/types\/product"}],"replies":[{"embeddable":true,"href":"https:\/\/glamu.com.ua\/es\/wp-json\/wp\/v2\/comments?post=4366"}],"version-history":[{"count":1,"href":"https:\/\/glamu.com.ua\/es\/wp-json\/wp\/v2\/product\/4366\/revisions"}],"predecessor-version":[{"id":8112,"href":"https:\/\/glamu.com.ua\/es\/wp-json\/wp\/v2\/product\/4366\/revisions\/8112"}],"wp:featuredmedia":[{"embeddable":true,"href":"https:\/\/glamu.com.ua\/es\/wp-json\/wp\/v2\/media\/8980"}],"wp:attachment":[{"href":"https:\/\/glamu.com.ua\/es\/wp-json\/wp\/v2\/media?parent=4366"}],"wp:term":[{"taxonomy":"product_brand","embeddable":true,"href":"https:\/\/glamu.com.ua\/es\/wp-json\/wp\/v2\/product_brand?post=4366"},{"taxonomy":"product_cat","embeddable":true,"href":"https:\/\/glamu.com.ua\/es\/wp-json\/wp\/v2\/product_cat?post=4366"},{"taxonomy":"product_tag","embeddable":true,"href":"https:\/\/glamu.com.ua\/es\/wp-json\/wp\/v2\/product_tag?post=4366"}],"curies":[{"name":"wp","href":"https:\/\/api.w.org\/{rel}","templated":true}]}}