{"id":4358,"date":"2025-10-20T14:40:29","date_gmt":"2025-10-20T11:40:29","guid":{"rendered":"https:\/\/glamu.com.ua\/shop\/\u0431\u0435\u0437%20\u043a\u0430\u0442\u0435\u0433\u043e\u0440\u0456\u0457\/vidnovlyuyuchyj-krem-d-konturu-ochej-bimaio-revitlizing-360-eye-contour\/"},"modified":"2026-03-29T22:55:28","modified_gmt":"2026-03-29T19:55:28","slug":"crema-de-nuevo-diseno-con-contorno-de-ojos-revitalizante-360-eye-contour","status":"publish","type":"product","link":"https:\/\/glamu.com.ua\/es\/tienda\/doglyad-za-tilom\/crema-de-nuevo-diseno-con-contorno-de-ojos-revitalizante-360-eye-contour\/","title":{"rendered":"Bimaio Revitlizing 360\u00b0 Crema Revitalizante Contorno de Ojos"},"content":{"rendered":"<p>El Revitalizador Contorno de Ojos Bimaio est\u00e1 dise\u00f1ado para proporcionar a su piel un aspecto radiante y fresco, prolongando su juventud. El producto tiene una f\u00f3rmula innovadora a base de ingredientes naturales que cubre todos los aspectos del cuidado de los ojos a 360 grados. Proporciona hidrataci\u00f3n y nutrici\u00f3n intensivas a la epidermis, eliminando los signos de fatiga y marchitez. Como resultado de la aplicaci\u00f3n de la crema, la piel se volver\u00e1 m\u00e1s el\u00e1stica y suave, reforzando su barrera protectora. Caracter\u00edsticas de Bimaio Contorno de Ojos Revitalizante 360 la argirelina combate activamente las arrugas y l\u00edneas de expresi\u00f3n; el matrixyl activa los genes responsables de la proliferaci\u00f3n celular, estimula los procesos de regeneraci\u00f3n; el silicio org\u00e1nico reorganiza las membranas celulares, haci\u00e9ndolas m\u00e1s resistentes a los radicales libres y al envejecimiento; la cafe\u00edna elimina las bolsas y ojeras; las prote\u00ednas de soja mejoran la s\u00edntesis de col\u00e1geno y elastina; el extracto de ginkgo activa la microcirculaci\u00f3n sangu\u00ednea, mejora el tono de la piel; el extracto de hamamelis es un potente antioxidante; el palmitato de retinol mejora el tono epid\u00e9rmico, estimula el crecimiento celular; el hidrovit\u00f3n restaura la hidrataci\u00f3n \u00f3ptima de la piel.<\/p>","protected":false},"excerpt":{"rendered":"<p>\u041d\u0430\u0434\u0430\u0442\u0438 \u0448\u043a\u0456\u0440\u0456 \u0441\u044f\u0439\u0432\u0430 \u0442\u0430 \u0441\u0432\u0456\u0436\u043e\u0441\u0442\u0456, \u043f\u0440\u043e\u0434\u043e\u0432\u0436\u0443\u044e\u0447\u0438 \u0457\u0457 \u043c\u043e\u043b\u043e\u0434\u0456\u0441\u0442\u044c, \u043f\u0456\u0434 \u0441\u0438\u043b\u0443 \u0432\u0456\u0434\u043d\u043e\u0432\u043b\u044e\u0432\u0430\u043b\u044c\u043d\u043e\u043c\u0443 \u0437\u0430\u0441\u043e\u0431\u0443 \u0434\u043b\u044f \u043a\u043e\u043d\u0442\u0443\u0440\u0443 \u043e\u0447\u0435\u0439 \u0431\u0440\u0435\u043d\u0434\u0430 Bimaio. \u041f\u0440\u043e\u0434\u0443\u043a\u0442 \u043c\u0430\u0454 \u0456\u043d\u043d\u043e\u0432\u0430\u0446\u0456\u0439\u043d\u0443<\/p>","protected":false},"featured_media":8932,"comment_status":"closed","ping_status":"closed","template":"","meta":{"_acf_changed":false},"product_brand":[],"product_cat":[16],"product_tag":[],"class_list":{"0":"post-4358","1":"product","2":"type-product","3":"status-publish","4":"has-post-thumbnail","6":"product_cat-doglyad-za-tilom","8":"first","9":"instock","10":"purchasable","11":"product-type-simple"},"acf":[],"_links":{"self":[{"href":"https:\/\/glamu.com.ua\/es\/wp-json\/wp\/v2\/product\/4358","targetHints":{"allow":["GET"]}}],"collection":[{"href":"https:\/\/glamu.com.ua\/es\/wp-json\/wp\/v2\/product"}],"about":[{"href":"https:\/\/glamu.com.ua\/es\/wp-json\/wp\/v2\/types\/product"}],"replies":[{"embeddable":true,"href":"https:\/\/glamu.com.ua\/es\/wp-json\/wp\/v2\/comments?post=4358"}],"version-history":[{"count":1,"href":"https:\/\/glamu.com.ua\/es\/wp-json\/wp\/v2\/product\/4358\/revisions"}],"predecessor-version":[{"id":7254,"href":"https:\/\/glamu.com.ua\/es\/wp-json\/wp\/v2\/product\/4358\/revisions\/7254"}],"wp:featuredmedia":[{"embeddable":true,"href":"https:\/\/glamu.com.ua\/es\/wp-json\/wp\/v2\/media\/8932"}],"wp:attachment":[{"href":"https:\/\/glamu.com.ua\/es\/wp-json\/wp\/v2\/media?parent=4358"}],"wp:term":[{"taxonomy":"product_brand","embeddable":true,"href":"https:\/\/glamu.com.ua\/es\/wp-json\/wp\/v2\/product_brand?post=4358"},{"taxonomy":"product_cat","embeddable":true,"href":"https:\/\/glamu.com.ua\/es\/wp-json\/wp\/v2\/product_cat?post=4358"},{"taxonomy":"product_tag","embeddable":true,"href":"https:\/\/glamu.com.ua\/es\/wp-json\/wp\/v2\/product_tag?post=4358"}],"curies":[{"name":"wp","href":"https:\/\/api.w.org\/{rel}","templated":true}]}}