{"id":4356,"date":"2025-10-20T14:40:29","date_gmt":"2025-10-20T11:40:29","guid":{"rendered":"https:\/\/glamu.com.ua\/shop\/\u0431\u0435\u0437%20\u043a\u0430\u0442\u0435\u0433\u043e\u0440\u0456\u0457\/zvolozhuyuchyj-krem-dlya-zapobigannya-starinnya-bimaio-total-moisturizing-defense-cream-spf20\/"},"modified":"2026-03-30T18:04:36","modified_gmt":"2026-03-30T15:04:36","slug":"crema-hidratante-para-el-tratamiento-de-los-ojos-estrellados-bimaio-total-moisturising-defence-cream-spf20","status":"publish","type":"product","link":"https:\/\/glamu.com.ua\/es\/tienda\/doglyad-za-tilom\/crema-hidratante-para-el-tratamiento-de-los-ojos-estrellados-bimaio-total-moisturising-defence-cream-spf20\/","title":{"rendered":"Bimaio Crema de Defensa Hidratante Total SPF20 para prevenir el envejecimiento"},"content":{"rendered":"<p>El producto tiene una rica composici\u00f3n de ingredientes naturales que proporciona una hidrataci\u00f3n intensiva y una protecci\u00f3n eficaz contra los efectos nocivos de la luz solar. Satura la epidermis con microelementos \u00fatiles y la fortalece, previniendo el envejecimiento prematuro, la hiperpigmentaci\u00f3n y las quemaduras solares.Caracter\u00edsticas de la Crema Hidratante de Defensa Total SPF 20 de Bimaio: la polystone proporciona una barrera eficaz contra tres tipos de contaminaci\u00f3n: atmosf\u00e9rica, UV y contaminaci\u00f3n qu\u00edmica;Niacinamida, inhibe la s\u00edntesis de melanina, refuerza la barrera cut\u00e1nea y unifica el tono desigual de la piel;Lumicease (hidrolizado de prote\u00edna de guisante) previene el fotoenvejecimiento de la epidermis;el \u00e1cido hialur\u00f3nico normaliza el equilibrio h\u00eddrico, favorece la s\u00edntesis de col\u00e1geno y elastina, aumenta la elasticidad;la beta\u00edna tiene la capacidad de retener el agua en las capas de la piel;la alanto\u00edna activa la regeneraci\u00f3n celular;el alga roja Phycocorail protege la piel de los rayos UVA y UVB.<\/p>","protected":false},"excerpt":{"rendered":"<p>\u0417\u0430\u0441\u0456\u0431 \u043c\u0430\u0454 \u0431\u0430\u0433\u0430\u0442\u0438\u0439 \u0441\u043a\u043b\u0430\u0434 \u0437 \u043d\u0430\u0442\u0443\u0440\u0430\u043b\u044c\u043d\u0438\u0445 \u043a\u043e\u043c\u043f\u043e\u043d\u0435\u043d\u0442\u0456\u0432, \u044f\u043a\u0438\u0439 \u0437\u0430\u0431\u0435\u0437\u043f\u0435\u0447\u0443\u0454 \u0456\u043d\u0442\u0435\u043d\u0441\u0438\u0432\u043d\u0435 \u0437\u0432\u043e\u043b\u043e\u0436\u0435\u043d\u043d\u044f \u0442\u0430 \u0435\u0444\u0435\u043a\u0442\u0438\u0432\u043d\u0438\u0439 \u0437\u0430\u0445\u0438\u0441\u0442 \u0432\u0456\u0434 \u0448\u043a\u0456\u0434\u043b\u0438\u0432\u043e\u0433\u043e \u0432\u043f\u043b\u0438\u0432\u0443 \u0441\u043e\u043d\u044f\u0447\u043d\u0438\u0445 \u043f\u0440\u043e\u043c\u0435\u043d\u0456\u0432. \u0412\u0456\u043d<\/p>","protected":false},"featured_media":8976,"comment_status":"closed","ping_status":"closed","template":"","meta":{"_acf_changed":false},"product_brand":[],"product_cat":[16],"product_tag":[],"class_list":{"0":"post-4356","1":"product","2":"type-product","3":"status-publish","4":"has-post-thumbnail","6":"product_cat-doglyad-za-tilom","8":"first","9":"instock","10":"purchasable","11":"product-type-simple"},"acf":[],"_links":{"self":[{"href":"https:\/\/glamu.com.ua\/es\/wp-json\/wp\/v2\/product\/4356","targetHints":{"allow":["GET"]}}],"collection":[{"href":"https:\/\/glamu.com.ua\/es\/wp-json\/wp\/v2\/product"}],"about":[{"href":"https:\/\/glamu.com.ua\/es\/wp-json\/wp\/v2\/types\/product"}],"replies":[{"embeddable":true,"href":"https:\/\/glamu.com.ua\/es\/wp-json\/wp\/v2\/comments?post=4356"}],"version-history":[{"count":2,"href":"https:\/\/glamu.com.ua\/es\/wp-json\/wp\/v2\/product\/4356\/revisions"}],"predecessor-version":[{"id":8974,"href":"https:\/\/glamu.com.ua\/es\/wp-json\/wp\/v2\/product\/4356\/revisions\/8974"}],"wp:featuredmedia":[{"embeddable":true,"href":"https:\/\/glamu.com.ua\/es\/wp-json\/wp\/v2\/media\/8976"}],"wp:attachment":[{"href":"https:\/\/glamu.com.ua\/es\/wp-json\/wp\/v2\/media?parent=4356"}],"wp:term":[{"taxonomy":"product_brand","embeddable":true,"href":"https:\/\/glamu.com.ua\/es\/wp-json\/wp\/v2\/product_brand?post=4356"},{"taxonomy":"product_cat","embeddable":true,"href":"https:\/\/glamu.com.ua\/es\/wp-json\/wp\/v2\/product_cat?post=4356"},{"taxonomy":"product_tag","embeddable":true,"href":"https:\/\/glamu.com.ua\/es\/wp-json\/wp\/v2\/product_tag?post=4356"}],"curies":[{"name":"wp","href":"https:\/\/api.w.org\/{rel}","templated":true}]}}