{"id":4348,"date":"2025-10-20T14:40:29","date_gmt":"2025-10-20T11:40:29","guid":{"rendered":"https:\/\/glamu.com.ua\/shop\/\u0431\u0435\u0437%20\u043a\u0430\u0442\u0435\u0433\u043e\u0440\u0456\u0457\/zaspokoyuyucha-miczelyarna-voda-bimaio-agua-micelar-calmante-200ml\/"},"modified":"2026-03-29T23:18:06","modified_gmt":"2026-03-29T20:18:06","slug":"zaspokoyuyucha-miczelyarna-voda-bimaio-agua-micelar-calmante-200ml","status":"publish","type":"product","link":"https:\/\/glamu.com.ua\/es\/tienda\/doglyad-za-tilom\/zaspokoyuyucha-miczelyarna-voda-bimaio-agua-micelar-calmante-200ml\/","title":{"rendered":"Bimaio Agua micelar calmante agua micelar 200ml"},"content":{"rendered":"<p>Para una limpieza suave de la piel, elija el agua micelar calmante de Bimaio. Basado en una f\u00f3rmula suave que incluye extractos de plantas y vitaminas, el producto no s\u00f3lo elimina las impurezas y refresca la epidermis, sino que tambi\u00e9n proporciona un cuidado adicional y protecci\u00f3n contra los factores ambientales adversos. Gracias a sus ingredientes naturales, el producto ayuda a calmar la irritaci\u00f3n y el enrojecimiento, por lo que es adecuado incluso para pieles hipersensibles. Caracter\u00edsticas del Agua Micelar Calmante Bimaio:Elimina eficazmente las impurezas acumuladas, el maquillaje y el exceso de sebo; no provoca sequedad ni tirantez en la piel; el \u00e1cido hialur\u00f3nico retiene la humedad en las capas de la epidermis, mejora su tono, firmeza y elasticidad;el complejo multivitam\u00ednico Beauplex de vitaminas E, C, B3, B5 y B6 tiene un efecto antioxidante, unifica la tez, mejora el microrelieve;el agua de hamamelis ralentiza los cambios prematuros de la piel relacionados con la edad;el agua de manzanilla tiene potentes propiedades antis\u00e9pticas, reduce la reactividad de la piel, suprime la inflamaci\u00f3n y el acn\u00e9.<\/p>","protected":false},"excerpt":{"rendered":"<p>\u0414\u043b\u044f \u043d\u0456\u0436\u043d\u043e\u0433\u043e \u043e\u0447\u0438\u0449\u0435\u043d\u043d\u044f \u0448\u043a\u0456\u0440\u0438 \u043e\u0431\u0438\u0440\u0430\u0439\u0442\u0435 \u0437\u0430\u0441\u043f\u043e\u043a\u0456\u0439\u043b\u0438\u0432\u0443 \u043c\u0456\u0446\u0435\u043b\u044f\u0440\u043d\u0443 \u0432\u043e\u0434\u0443 \u0431\u0440\u0435\u043d\u0434\u0430 Bimaio. \u041e\u0441\u043d\u043e\u0432\u0430\u043d\u0438\u0439 \u043d\u0430 \u043c&#8217;\u044f\u043a\u0456\u0439 \u0444\u043e\u0440\u043c\u0443\u043b\u0456, \u044f\u043a\u0430 \u0432\u043a\u043b\u044e\u0447\u0430\u0454 \u0435\u043a\u0441\u0442\u0440\u0430\u043a\u0442\u0438 \u0440\u043e\u0441\u043b\u0438\u043d \u0456 \u0432\u0456\u0442\u0430\u043c\u0456\u043d\u0438,<\/p>","protected":false},"featured_media":8962,"comment_status":"closed","ping_status":"closed","template":"","meta":{"_acf_changed":false},"product_brand":[],"product_cat":[16],"product_tag":[],"class_list":{"0":"post-4348","1":"product","2":"type-product","3":"status-publish","4":"has-post-thumbnail","6":"product_cat-doglyad-za-tilom","8":"first","9":"instock","10":"purchasable","11":"product-type-simple"},"acf":[],"_links":{"self":[{"href":"https:\/\/glamu.com.ua\/es\/wp-json\/wp\/v2\/product\/4348","targetHints":{"allow":["GET"]}}],"collection":[{"href":"https:\/\/glamu.com.ua\/es\/wp-json\/wp\/v2\/product"}],"about":[{"href":"https:\/\/glamu.com.ua\/es\/wp-json\/wp\/v2\/types\/product"}],"replies":[{"embeddable":true,"href":"https:\/\/glamu.com.ua\/es\/wp-json\/wp\/v2\/comments?post=4348"}],"version-history":[{"count":1,"href":"https:\/\/glamu.com.ua\/es\/wp-json\/wp\/v2\/product\/4348\/revisions"}],"predecessor-version":[{"id":7249,"href":"https:\/\/glamu.com.ua\/es\/wp-json\/wp\/v2\/product\/4348\/revisions\/7249"}],"wp:featuredmedia":[{"embeddable":true,"href":"https:\/\/glamu.com.ua\/es\/wp-json\/wp\/v2\/media\/8962"}],"wp:attachment":[{"href":"https:\/\/glamu.com.ua\/es\/wp-json\/wp\/v2\/media?parent=4348"}],"wp:term":[{"taxonomy":"product_brand","embeddable":true,"href":"https:\/\/glamu.com.ua\/es\/wp-json\/wp\/v2\/product_brand?post=4348"},{"taxonomy":"product_cat","embeddable":true,"href":"https:\/\/glamu.com.ua\/es\/wp-json\/wp\/v2\/product_cat?post=4348"},{"taxonomy":"product_tag","embeddable":true,"href":"https:\/\/glamu.com.ua\/es\/wp-json\/wp\/v2\/product_tag?post=4348"}],"curies":[{"name":"wp","href":"https:\/\/api.w.org\/{rel}","templated":true}]}}