{"id":4318,"date":"2025-10-20T14:22:28","date_gmt":"2025-10-20T11:22:28","guid":{"rendered":"https:\/\/glamu.com.ua\/shop\/\u0431\u0435\u0437%20\u043a\u0430\u0442\u0435\u0433\u043e\u0440\u0456\u0457\/krem-dlya-doglyadu-za-zonoyu-navkolo-ochej-beaute-mediterranea-eye-hero-all-in-1-treatment-hemp-line-15-ml\/"},"modified":"2025-11-24T23:40:34","modified_gmt":"2025-11-24T21:40:34","slug":"krem-dlya-doglyadu-za-zonoyu-navkolo-ochej-beaute-mediterranea-eye-hero-all-in-1-treatment-hemp-line-15-ml","status":"publish","type":"product","link":"https:\/\/glamu.com.ua\/es\/tienda\/doglyad-para-oblychchyam\/krem-dlya-doglyadu-za-zonoyu-navkolo-ochej-beaute-mediterranea-eye-hero-all-in-1-treatment-hemp-line-15-ml\/","title":{"rendered":"Crema contorno de ojos BEAUT\u00c9 MEDITERRANEA HERO DE OJOS TRATAMIENTO TODO EN UNO L\u00cdNEA DE C\u00c1\u00d1AMO 15 ml"},"content":{"rendered":"<p>\u0417\u0430\u0431\u0435\u0437\u043f\u0435\u0447\u0443\u0454 \u0448\u043a\u0456\u0440\u0456 \u0432\u0456\u0434\u0447\u0443\u0442\u0442\u044f \u0441\u0432\u0456\u0436\u043e\u0441\u0442\u0456, \u0437\u0432\u043e\u043b\u043e\u0436\u0435\u043d\u043d\u044f \u0442\u0430 \u0437\u0430\u0445\u0438\u0441\u0442 \u0443 \u0431\u0443\u0434\u044c-\u044f\u043a\u0438\u0439 \u0447\u0430\u0441 \u0434\u043e\u0431\u0438.<\/p>\n<p>\u041a\u0440\u0435\u043c \u0434\u043b\u044f \u0434\u043e\u0433\u043b\u044f\u0434\u0443 \u0437\u0430 \u0437\u043e\u043d\u043e\u044e \u043d\u0430\u0432\u043a\u043e\u043b\u043e \u043e\u0447\u0435\u0439 \u043f\u043e\u0454\u0434\u043d\u0443\u0454 \u0443 \u0441\u043e\u0431\u0456 \u043a\u043e\u043c\u043f\u043b\u0435\u043a\u0441 \u043e\u043b\u0456\u0439 \u2013 \u043d\u0430 \u043e\u0441\u043d\u043e\u0432\u0456 \u0441\u0443\u043c\u0456\u0448\u0456 \u043a\u0430\u043d\u0430\u0431\u0456\u0441\u0443, \u0447\u0456\u0430, \u043e\u043b\u0438\u0432\u0438, \u0430\u0432\u043e\u043a\u0430\u0434\u043e \u0442\u0430 \u0440\u043e\u0437\u043c\u0430\u0440\u0438\u043d\u0443, \u0449\u043e \u0437\u0430\u0431\u0435\u0437\u043f\u0435\u0447\u0443\u044e\u0442\u044c \u0436\u0438\u0432\u043b\u0435\u043d\u043d\u044f, \u0437\u0430\u0445\u0438\u0441\u0442 \u0442\u0430 \u0437\u0432\u043e\u043b\u043e\u0436\u0435\u043d\u043d\u044f \u0448\u043a\u0456\u0440\u0438, \u2013 \u0437 \u0435\u043a\u0441\u0442\u0440\u0430\u043a\u0442\u0430\u043c\u0438 \u0430\u043b\u044c\u0431\u0456\u0446\u0456\u0457 \u044e\u043b\u0456\u0431\u0440\u0438\u0441\u0438\u043d\u0441\u044c\u043a\u043e\u0457 \u0442\u0430 \u0437\u0438\u0433\u0435\u0441\u0431\u0435\u043a\u0456\u0457 \u0441\u0445\u0456\u0434\u043d\u043e\u0457, \u044f\u043a\u0456 \u0434\u043e\u043f\u043e\u043c\u0430\u0433\u0430\u044e\u0442\u044c \u0437\u043c\u0435\u043d\u0448\u0438\u0442\u0438 \u043f\u0440\u043e\u044f\u0432\u0438 \u0432\u0442\u043e\u043c\u0438 \u0448\u043a\u0456\u0440\u0438, \u0442\u0430\u043a\u0456 \u044f\u043a \u043e\u043f\u0443\u0445\u043b\u0456 \u043e\u0447\u0456, \u0442\u0435\u043c\u043d\u0456 \u043a\u043e\u043b\u0430 \u0442\u0430 \u043e\u043f\u0443\u0449\u0435\u043d\u043d\u044f \u0432\u0435\u0440\u0445\u043d\u044c\u043e\u0457 \u043f\u043e\u0432\u0456\u043a\u0438. \u0412\u0456\u043d \u0442\u0430\u043a\u043e\u0436 \u043c\u0456\u0441\u0442\u0438\u0442\u044c \u0431\u0430\u043a\u0443\u0447\u0456\u043e\u043b, \u043d\u0430\u0442\u0443\u0440\u0430\u043b\u044c\u043d\u0438\u0439 \u0440\u0435\u0442\u0438\u043d\u043e\u043b\u043f\u043e\u0434\u0456\u0431\u043d\u0438\u0439 \u0430\u0433\u0435\u043d\u0442, \u044f\u043a\u0438\u0439 \u0437\u0430\u043f\u043e\u0431\u0456\u0433\u0430\u0454 \u043f\u043e\u044f\u0432\u0456 \u0437\u043c\u043e\u0440\u0448\u043e\u043a.<\/p>\n<p>\u041f\u0456\u0434\u0445\u043e\u0434\u0438\u0442\u044c \u0434\u043b\u044f \u0432\u0441\u0456\u0445 \u0442\u0438\u043f\u0456\u0432 \u0448\u043a\u0456\u0440\u0438 \/ \u0414\u0435\u0440\u043c\u0430\u0442\u043e\u043b\u043e\u0433\u0456\u0447\u043d\u043e \u043f\u0440\u043e\u0442\u0435\u0441\u0442\u043e\u0432\u0430\u043d\u0438\u0439<\/p>\n<p>NO T\u00d3XICO, SIN PARABENOS, SIN PEG, SIN SULFATOS, SIN FRAGANCIAS SINT\u00c9TICAS, VEGANO<\/p>","protected":false},"excerpt":{"rendered":"<p>\u0417\u0430\u0431\u0435\u0437\u043f\u0435\u0447\u0443\u0454 \u0448\u043a\u0456\u0440\u0456 \u0432\u0456\u0434\u0447\u0443\u0442\u0442\u044f \u0441\u0432\u0456\u0436\u043e\u0441\u0442\u0456, \u0437\u0432\u043e\u043b\u043e\u0436\u0435\u043d\u043d\u044f \u0442\u0430 \u0437\u0430\u0445\u0438\u0441\u0442 \u0443 \u0431\u0443\u0434\u044c-\u044f\u043a\u0438\u0439 \u0447\u0430\u0441 \u0434\u043e\u0431\u0438. \u041a\u0440\u0435\u043c \u0434\u043b\u044f \u0434\u043e\u0433\u043b\u044f\u0434\u0443 \u0437\u0430 \u0437\u043e\u043d\u043e\u044e \u043d\u0430\u0432\u043a\u043e\u043b\u043e \u043e\u0447\u0435\u0439 \u043f\u043e\u0454\u0434\u043d\u0443\u0454 \u0443<\/p>","protected":false},"featured_media":5046,"comment_status":"closed","ping_status":"closed","template":"","meta":{"_acf_changed":false},"product_brand":[],"product_cat":[645],"product_tag":[],"class_list":{"0":"post-4318","1":"product","2":"type-product","3":"status-publish","4":"has-post-thumbnail","6":"product_cat-doglyad-za-oblychchyam","8":"first","9":"instock","10":"purchasable","11":"product-type-simple"},"acf":[],"_links":{"self":[{"href":"https:\/\/glamu.com.ua\/es\/wp-json\/wp\/v2\/product\/4318","targetHints":{"allow":["GET"]}}],"collection":[{"href":"https:\/\/glamu.com.ua\/es\/wp-json\/wp\/v2\/product"}],"about":[{"href":"https:\/\/glamu.com.ua\/es\/wp-json\/wp\/v2\/types\/product"}],"replies":[{"embeddable":true,"href":"https:\/\/glamu.com.ua\/es\/wp-json\/wp\/v2\/comments?post=4318"}],"version-history":[{"count":1,"href":"https:\/\/glamu.com.ua\/es\/wp-json\/wp\/v2\/product\/4318\/revisions"}],"predecessor-version":[{"id":7219,"href":"https:\/\/glamu.com.ua\/es\/wp-json\/wp\/v2\/product\/4318\/revisions\/7219"}],"wp:featuredmedia":[{"embeddable":true,"href":"https:\/\/glamu.com.ua\/es\/wp-json\/wp\/v2\/media\/5046"}],"wp:attachment":[{"href":"https:\/\/glamu.com.ua\/es\/wp-json\/wp\/v2\/media?parent=4318"}],"wp:term":[{"taxonomy":"product_brand","embeddable":true,"href":"https:\/\/glamu.com.ua\/es\/wp-json\/wp\/v2\/product_brand?post=4318"},{"taxonomy":"product_cat","embeddable":true,"href":"https:\/\/glamu.com.ua\/es\/wp-json\/wp\/v2\/product_cat?post=4318"},{"taxonomy":"product_tag","embeddable":true,"href":"https:\/\/glamu.com.ua\/es\/wp-json\/wp\/v2\/product_tag?post=4318"}],"curies":[{"name":"wp","href":"https:\/\/api.w.org\/{rel}","templated":true}]}}