{"id":4304,"date":"2025-10-20T13:36:49","date_gmt":"2025-10-20T10:36:49","guid":{"rendered":"https:\/\/glamu.com.ua\/shop\/\u0431\u0435\u0437%20\u043a\u0430\u0442\u0435\u0433\u043e\u0440\u0456\u0457\/miczelyarna-voda-averac-micellar-cleansing-water-200-ml\/"},"modified":"2025-11-24T23:40:41","modified_gmt":"2025-11-24T21:40:41","slug":"miczelyarna-voda-averac-agua-micelar-limpiadora-200-ml","status":"publish","type":"product","link":"https:\/\/glamu.com.ua\/es\/tienda\/doglyad-para-oblychchyam\/miczelyarna-voda-averac-agua-micelar-limpiadora-200-ml\/","title":{"rendered":"AGUA MICELAR LIMPIADORA AVERAC 200 ML"},"content":{"rendered":"<p>Agua micelar que elimina la suciedad, la grasa y el maquillaje.<br \/>\nEl pantenol potencia los procesos metab\u00f3licos regenerativos de la piel, mejora la elasticidad y favorece la formaci\u00f3n de nuevas c\u00e9lulas.<br \/>\nLa beta\u00edna mejora la retenci\u00f3n de humedad en las c\u00e9lulas de la piel. Tiene un efecto hidratante, mejora la sensibilidad de la piel y reduce la irritaci\u00f3n.<\/p>","protected":false},"excerpt":{"rendered":"<p>\u041c\u0456\u0446\u0435\u043b\u044f\u0440\u043d\u0430 \u0432\u043e\u0434\u0430, \u044f\u043a\u0430 \u0432\u0438\u0434\u0430\u043b\u044f\u0454 \u0437\u0430\u0431\u0440\u0443\u0434\u043d\u0435\u043d\u043d\u044f, \u0436\u0438\u0440, \u0441\u043b\u0456\u0434\u0438 \u043c\u0430\u043a\u0456\u044f\u0436\u0443. \u041f\u0430\u043d\u0442\u0435\u043d\u043e\u043b \u043f\u043e\u0441\u0438\u043b\u044e\u0454 \u0432\u0456\u0434\u043d\u043e\u0432\u043b\u044e\u044e\u0447\u0456 \u043c\u0435\u0442\u0430\u0431\u043e\u043b\u0456\u0447\u043d\u0456 \u043f\u0440\u043e\u0446\u0435\u0441\u0438 \u0448\u043a\u0456\u0440\u0438, \u043f\u043e\u043a\u0440\u0430\u0449\u0443\u0454 \u0435\u043b\u0430\u0441\u0442\u0438\u0447\u043d\u0456\u0441\u0442\u044c \u0442\u0430 \u0441\u043f\u0440\u0438\u044f\u0454 \u0444\u043e\u0440\u043c\u0443\u0432\u0430\u043d\u043d\u044e \u043d\u043e\u0432\u0438\u0445<\/p>","protected":false},"featured_media":5287,"comment_status":"closed","ping_status":"closed","template":"","meta":{"_acf_changed":false},"product_brand":[],"product_cat":[645],"product_tag":[],"class_list":{"0":"post-4304","1":"product","2":"type-product","3":"status-publish","4":"has-post-thumbnail","6":"product_cat-doglyad-za-oblychchyam","8":"first","9":"instock","10":"purchasable","11":"product-type-simple"},"acf":[],"_links":{"self":[{"href":"https:\/\/glamu.com.ua\/es\/wp-json\/wp\/v2\/product\/4304","targetHints":{"allow":["GET"]}}],"collection":[{"href":"https:\/\/glamu.com.ua\/es\/wp-json\/wp\/v2\/product"}],"about":[{"href":"https:\/\/glamu.com.ua\/es\/wp-json\/wp\/v2\/types\/product"}],"replies":[{"embeddable":true,"href":"https:\/\/glamu.com.ua\/es\/wp-json\/wp\/v2\/comments?post=4304"}],"version-history":[{"count":1,"href":"https:\/\/glamu.com.ua\/es\/wp-json\/wp\/v2\/product\/4304\/revisions"}],"predecessor-version":[{"id":7248,"href":"https:\/\/glamu.com.ua\/es\/wp-json\/wp\/v2\/product\/4304\/revisions\/7248"}],"wp:featuredmedia":[{"embeddable":true,"href":"https:\/\/glamu.com.ua\/es\/wp-json\/wp\/v2\/media\/5287"}],"wp:attachment":[{"href":"https:\/\/glamu.com.ua\/es\/wp-json\/wp\/v2\/media?parent=4304"}],"wp:term":[{"taxonomy":"product_brand","embeddable":true,"href":"https:\/\/glamu.com.ua\/es\/wp-json\/wp\/v2\/product_brand?post=4304"},{"taxonomy":"product_cat","embeddable":true,"href":"https:\/\/glamu.com.ua\/es\/wp-json\/wp\/v2\/product_cat?post=4304"},{"taxonomy":"product_tag","embeddable":true,"href":"https:\/\/glamu.com.ua\/es\/wp-json\/wp\/v2\/product_tag?post=4304"}],"curies":[{"name":"wp","href":"https:\/\/api.w.org\/{rel}","templated":true}]}}