{"id":4302,"date":"2025-10-20T13:36:49","date_gmt":"2025-10-20T10:36:49","guid":{"rendered":"https:\/\/glamu.com.ua\/shop\/\u0431\u0435\u0437%20\u043a\u0430\u0442\u0435\u0433\u043e\u0440\u0456\u0457\/ochyshhayuche-molochko-averac-cleansing-milk-200-ml\/"},"modified":"2026-03-21T07:40:07","modified_gmt":"2026-03-21T05:40:07","slug":"ochyshhayuche-molochko-averac-leche-limpiadora-200-ml","status":"publish","type":"product","link":"https:\/\/glamu.com.ua\/es\/tienda\/doglyad-para-oblychchyam\/ochyshhayuche-molochko-averac-leche-limpiadora-200-ml\/","title":{"rendered":"Leche limpiadora Averac, 200 ml"},"content":{"rendered":"<p>La leche elimina las impurezas del rostro sin dejar de hidratarlo. Limpia con suavidad y deja el rostro limpio e hidratado en un abrir y cerrar de ojos.<br \/>\nEl pantenol potencia los procesos metab\u00f3licos regenerativos de la piel, mejora la elasticidad y favorece la formaci\u00f3n de nuevas c\u00e9lulas.<br \/>\nLa alanto\u00edna tiene un efecto queratol\u00edtico. Interact\u00faa con la queratina de la piel, reduciendo el grosor del estrato c\u00f3rneo. Favorece la regeneraci\u00f3n celular en pieles debilitadas por factores ambientales.<br \/>\nEl \u00e1cido hialur\u00f3nico tiene la capacidad de retener la humedad en las capas de la piel.<br \/>\nEl aloe vera estimula los fibroblastos, por lo que ayuda a regenerar la piel. Mejora la elasticidad. Hidrata y forma una pel\u00edcula sobre la piel que la protege de las influencias ambientales agresivas.<\/p>","protected":false},"excerpt":{"rendered":"<p>\u041c\u043e\u043b\u043e\u0447\u043a\u043e \u0432\u0438\u0434\u0430\u043b\u044f\u0454 \u0437\u0430\u0431\u0440\u0443\u0434\u043d\u0435\u043d\u043d\u044f \u0437 \u043e\u0431\u043b\u0438\u0447\u0447\u044f, \u043d\u0435 \u043d\u0435\u0445\u0442\u0443\u044e\u0447\u0438 \u0439\u043e\u0433\u043e \u0437\u0432\u043e\u043b\u043e\u0436\u0435\u043d\u043d\u044f\u043c. \u041c&#8217;\u044f\u043a\u043e \u043e\u0447\u0438\u0449\u0443\u0454, \u044f\u043a \u0440\u0435\u0437\u0443\u043b\u044c\u0442\u0430\u0442 &#8211; \u0447\u0438\u0441\u0442\u0435, \u0437\u0432\u043e\u043b\u043e\u0436\u0435\u043d\u0435 \u043e\u0431\u043b\u0438\u0447\u0447\u044f \u0437\u0430 \u043c\u0438\u0442\u044c. \u041f\u0430\u043d\u0442\u0435\u043d\u043e\u043b<\/p>","protected":false},"featured_media":8583,"comment_status":"closed","ping_status":"closed","template":"","meta":{"_acf_changed":false},"product_brand":[],"product_cat":[645],"product_tag":[],"class_list":{"0":"post-4302","1":"product","2":"type-product","3":"status-publish","4":"has-post-thumbnail","6":"product_cat-doglyad-za-oblychchyam","8":"first","9":"instock","10":"featured","11":"purchasable","12":"product-type-simple"},"acf":[],"_links":{"self":[{"href":"https:\/\/glamu.com.ua\/es\/wp-json\/wp\/v2\/product\/4302","targetHints":{"allow":["GET"]}}],"collection":[{"href":"https:\/\/glamu.com.ua\/es\/wp-json\/wp\/v2\/product"}],"about":[{"href":"https:\/\/glamu.com.ua\/es\/wp-json\/wp\/v2\/types\/product"}],"replies":[{"embeddable":true,"href":"https:\/\/glamu.com.ua\/es\/wp-json\/wp\/v2\/comments?post=4302"}],"version-history":[{"count":3,"href":"https:\/\/glamu.com.ua\/es\/wp-json\/wp\/v2\/product\/4302\/revisions"}],"predecessor-version":[{"id":9157,"href":"https:\/\/glamu.com.ua\/es\/wp-json\/wp\/v2\/product\/4302\/revisions\/9157"}],"wp:featuredmedia":[{"embeddable":true,"href":"https:\/\/glamu.com.ua\/es\/wp-json\/wp\/v2\/media\/8583"}],"wp:attachment":[{"href":"https:\/\/glamu.com.ua\/es\/wp-json\/wp\/v2\/media?parent=4302"}],"wp:term":[{"taxonomy":"product_brand","embeddable":true,"href":"https:\/\/glamu.com.ua\/es\/wp-json\/wp\/v2\/product_brand?post=4302"},{"taxonomy":"product_cat","embeddable":true,"href":"https:\/\/glamu.com.ua\/es\/wp-json\/wp\/v2\/product_cat?post=4302"},{"taxonomy":"product_tag","embeddable":true,"href":"https:\/\/glamu.com.ua\/es\/wp-json\/wp\/v2\/product_tag?post=4302"}],"curies":[{"name":"wp","href":"https:\/\/api.w.org\/{rel}","templated":true}]}}