{"id":4298,"date":"2025-10-20T13:36:49","date_gmt":"2025-10-20T10:36:49","guid":{"rendered":"https:\/\/glamu.com.ua\/shop\/\u0431\u0435\u0437%20\u043a\u0430\u0442\u0435\u0433\u043e\u0440\u0456\u0457\/dvofaznyj-zasib-dlya-znyattya-makiyazhu-averac-biphasic-make-up-remover-200-ml\/"},"modified":"2025-11-24T23:40:40","modified_gmt":"2025-11-24T21:40:40","slug":"dvofazny-zasib-dlya-znyattya-makiyazhu-averac-desmaquillante-bifasico-200-ml","status":"publish","type":"product","link":"https:\/\/glamu.com.ua\/es\/tienda\/doglyad-para-oblychchyam\/dvofazny-zasib-dlya-znyattya-makiyazhu-averac-desmaquillante-bifasico-200-ml\/","title":{"rendered":"DESMAQUILLANTE BIF\u00c1SICO AVERAC 200 ML"},"content":{"rendered":"<p>Desmaquillante bif\u00e1sico de ojos y labios. Desmaquilla sin irritar.<br \/>\nEl aceite de almendras dulces ayuda a aliviar la piel seca y el picor, protege e hidrata la piel. Tiene propiedades calmantes y relajantes, adem\u00e1s de emolientes y regeneradoras.<br \/>\nEl pantenol potencia los procesos metab\u00f3licos regenerativos de la piel, mejora la elasticidad y favorece la formaci\u00f3n de nuevas c\u00e9lulas.<br \/>\nLa vitamina E es un potente antioxidante.<\/p>","protected":false},"excerpt":{"rendered":"<p>\u0414\u0432\u043e\u0444\u0430\u0437\u043d\u0438\u0439 \u0437\u0430\u0441\u0456\u0431 \u0434\u043b\u044f \u0437\u043d\u044f\u0442\u0442\u044f \u043c\u0430\u043a\u0456\u044f\u0436\u0443 \u0437 \u043e\u0447\u0435\u0439 \u0442\u0430 \u0433\u0443\u0431. \u0412\u0438\u0434\u0430\u043b\u044f\u0454 \u043c\u0430\u043a\u0456\u044f\u0436 \u0456 \u043d\u0435 \u0432\u0438\u043a\u043b\u0438\u043a\u0430\u0454 \u043f\u043e\u0434\u0440\u0430\u0437\u043d\u0435\u043d\u044c. \u041e\u043b\u0456\u044f \u0441\u043e\u043b\u043e\u0434\u043a\u043e\u0433\u043e \u043c\u0438\u0433\u0434\u0430\u043b\u044e \u0434\u043e\u043f\u043e\u043c\u0430\u0433\u0430\u0454 \u0437\u043d\u044f\u0442\u0438<\/p>","protected":false},"featured_media":5273,"comment_status":"closed","ping_status":"closed","template":"","meta":{"_acf_changed":false},"product_brand":[],"product_cat":[645],"product_tag":[],"class_list":{"0":"post-4298","1":"product","2":"type-product","3":"status-publish","4":"has-post-thumbnail","6":"product_cat-doglyad-za-oblychchyam","8":"first","9":"instock","10":"purchasable","11":"product-type-simple"},"acf":[],"_links":{"self":[{"href":"https:\/\/glamu.com.ua\/es\/wp-json\/wp\/v2\/product\/4298","targetHints":{"allow":["GET"]}}],"collection":[{"href":"https:\/\/glamu.com.ua\/es\/wp-json\/wp\/v2\/product"}],"about":[{"href":"https:\/\/glamu.com.ua\/es\/wp-json\/wp\/v2\/types\/product"}],"replies":[{"embeddable":true,"href":"https:\/\/glamu.com.ua\/es\/wp-json\/wp\/v2\/comments?post=4298"}],"version-history":[{"count":1,"href":"https:\/\/glamu.com.ua\/es\/wp-json\/wp\/v2\/product\/4298\/revisions"}],"predecessor-version":[{"id":7245,"href":"https:\/\/glamu.com.ua\/es\/wp-json\/wp\/v2\/product\/4298\/revisions\/7245"}],"wp:featuredmedia":[{"embeddable":true,"href":"https:\/\/glamu.com.ua\/es\/wp-json\/wp\/v2\/media\/5273"}],"wp:attachment":[{"href":"https:\/\/glamu.com.ua\/es\/wp-json\/wp\/v2\/media?parent=4298"}],"wp:term":[{"taxonomy":"product_brand","embeddable":true,"href":"https:\/\/glamu.com.ua\/es\/wp-json\/wp\/v2\/product_brand?post=4298"},{"taxonomy":"product_cat","embeddable":true,"href":"https:\/\/glamu.com.ua\/es\/wp-json\/wp\/v2\/product_cat?post=4298"},{"taxonomy":"product_tag","embeddable":true,"href":"https:\/\/glamu.com.ua\/es\/wp-json\/wp\/v2\/product_tag?post=4298"}],"curies":[{"name":"wp","href":"https:\/\/api.w.org\/{rel}","templated":true}]}}