{"id":4288,"date":"2025-10-20T13:36:49","date_gmt":"2025-10-20T10:36:49","guid":{"rendered":"https:\/\/glamu.com.ua\/shop\/\u0431\u0435\u0437%20\u043a\u0430\u0442\u0435\u0433\u043e\u0440\u0456\u0457\/krem-z-kolagenom-ta-vitaminom-e-dlya-oblychchya-averac-focus-collagen-e-spf-30-50-ml\/"},"modified":"2025-11-24T23:40:40","modified_gmt":"2025-11-24T21:40:40","slug":"krem-z-kolagenom-ta-vitaminom-e-dlya-oblychchya-averac-focus-collagen-e-spf-30-50-ml","status":"publish","type":"product","link":"https:\/\/glamu.com.ua\/es\/tienda\/doglyad-para-oblychchyam\/krem-z-kolagenom-ta-vitaminom-e-dlya-oblychchya-averac-focus-collagen-e-spf-30-50-ml\/","title":{"rendered":"Averac Focus Col\u00e1geno E+ SPF 30 50 ml crema con col\u00e1geno y vitamina E para el rostro"},"content":{"rendered":"<p>Crema de d\u00eda con FPS 30 que mejora la elasticidad y firmeza de la piel y combate los signos del envejecimiento prematuro gracias a su acci\u00f3n antioxidante. Contiene col\u00e1geno y vitamina E. Efecto lifting instant\u00e1neo para una piel firme y tersa sin signos de envejecimiento.<\/p>","protected":false},"excerpt":{"rendered":"<p>\u0414\u0435\u043d\u043d\u0438\u0439 \u043a\u0440\u0435\u043c \u0437 SPF 30, \u044f\u043a\u0438\u0439 \u043f\u0456\u0434\u0432\u0438\u0449\u0443\u0454 \u0435\u043b\u0430\u0441\u0442\u0438\u0447\u043d\u0456\u0441\u0442\u044c \u0442\u0430 \u043f\u0440\u0443\u0436\u043d\u0456\u0441\u0442\u044c \u0448\u043a\u0456\u0440\u0438, \u0430 \u0442\u0430\u043a\u043e\u0436 \u0431\u043e\u0440\u0435\u0442\u044c\u0441\u044f \u0437 \u043e\u0437\u043d\u0430\u043a\u0430\u043c\u0438 \u043f\u0435\u0440\u0435\u0434\u0447\u0430\u0441\u043d\u043e\u0433\u043e \u0441\u0442\u0430\u0440\u0456\u043d\u043d\u044f \u0437\u0430\u0432\u0434\u044f\u043a\u0438 \u0441\u0432\u043e\u0457\u0439<\/p>","protected":false},"featured_media":5285,"comment_status":"closed","ping_status":"closed","template":"","meta":{"_acf_changed":false},"product_brand":[],"product_cat":[645],"product_tag":[],"class_list":{"0":"post-4288","1":"product","2":"type-product","3":"status-publish","4":"has-post-thumbnail","6":"product_cat-doglyad-za-oblychchyam","8":"first","9":"instock","10":"purchasable","11":"product-type-simple"},"acf":[],"_links":{"self":[{"href":"https:\/\/glamu.com.ua\/es\/wp-json\/wp\/v2\/product\/4288","targetHints":{"allow":["GET"]}}],"collection":[{"href":"https:\/\/glamu.com.ua\/es\/wp-json\/wp\/v2\/product"}],"about":[{"href":"https:\/\/glamu.com.ua\/es\/wp-json\/wp\/v2\/types\/product"}],"replies":[{"embeddable":true,"href":"https:\/\/glamu.com.ua\/es\/wp-json\/wp\/v2\/comments?post=4288"}],"version-history":[{"count":1,"href":"https:\/\/glamu.com.ua\/es\/wp-json\/wp\/v2\/product\/4288\/revisions"}],"predecessor-version":[{"id":7241,"href":"https:\/\/glamu.com.ua\/es\/wp-json\/wp\/v2\/product\/4288\/revisions\/7241"}],"wp:featuredmedia":[{"embeddable":true,"href":"https:\/\/glamu.com.ua\/es\/wp-json\/wp\/v2\/media\/5285"}],"wp:attachment":[{"href":"https:\/\/glamu.com.ua\/es\/wp-json\/wp\/v2\/media?parent=4288"}],"wp:term":[{"taxonomy":"product_brand","embeddable":true,"href":"https:\/\/glamu.com.ua\/es\/wp-json\/wp\/v2\/product_brand?post=4288"},{"taxonomy":"product_cat","embeddable":true,"href":"https:\/\/glamu.com.ua\/es\/wp-json\/wp\/v2\/product_cat?post=4288"},{"taxonomy":"product_tag","embeddable":true,"href":"https:\/\/glamu.com.ua\/es\/wp-json\/wp\/v2\/product_tag?post=4288"}],"curies":[{"name":"wp","href":"https:\/\/api.w.org\/{rel}","templated":true}]}}