{"id":3743,"date":"2025-09-25T15:55:19","date_gmt":"2025-09-25T12:55:19","guid":{"rendered":"https:\/\/glamu.com.ua\/shop\/\u0431\u0435\u0437%20\u043a\u0430\u0442\u0435\u0433\u043e\u0440\u0456\u0457\/vidnovlyuyucha-kolir-maska-philip-martins-color-repair-200-ml-8054726573661\/"},"modified":"2026-03-31T05:53:27","modified_gmt":"2026-03-31T02:53:27","slug":"philip-martins-reparador-del-color-200-ml-8054726573661","status":"publish","type":"product","link":"https:\/\/glamu.com.ua\/es\/tienda\/doglyad-za-volossyam\/maska-dlya-volossya\/philip-martins-reparador-del-color-200-ml-8054726573661\/","title":{"rendered":"Philip Martin's Mascarilla reparadora del color 200 ml (8054726573661)"},"content":{"rendered":"<p>Producto rico en aceites y mantecas vegetales que repara y revitaliza los cabellos te\u00f1idos o tratados. Contribuye a hidratar y dar elasticidad, ayudando a reparar el cabello y a protegerlo despu\u00e9s de un tratamiento qu\u00edmico de coloraci\u00f3n. El cabello aparece m\u00e1s suave y brillante, lo que garantiza una mayor duraci\u00f3n del color.<\/p>","protected":false},"excerpt":{"rendered":"<p>\u0417\u0430\u0441\u0456\u0431, \u0431\u0430\u0433\u0430\u0442\u0438\u0439 \u043d\u0430 \u0440\u043e\u0441\u043b\u0438\u043d\u043d\u0456 \u043c\u0430\u0441\u043b\u0430 \u0442\u0430 \u043e\u043b\u0456\u0457, \u0449\u043e \u0432\u0456\u0434\u043d\u043e\u0432\u043b\u044e\u0454 \u0442\u0430 \u043e\u0436\u0438\u0432\u043b\u044f\u0454 \u0444\u0430\u0440\u0431\u043e\u0432\u0430\u043d\u0435 \u0430\u0431\u043e \u043e\u0431\u0440\u043e\u0431\u043b\u0435\u043d\u0435 \u0432\u043e\u043b\u043e\u0441\u0441\u044f. \u0426\u0435 \u0434\u043e\u043f\u043e\u043c\u0430\u0433\u0430\u0454 \u0437\u0432\u043e\u043b\u043e\u0436\u0438\u0442\u0438 \u0442\u0430 \u043d\u0430\u0434\u0430\u0442\u0438<\/p>","protected":false},"featured_media":9386,"comment_status":"closed","ping_status":"closed","template":"","meta":{"_acf_changed":false},"product_brand":[],"product_cat":[298],"product_tag":[],"class_list":{"0":"post-3743","1":"product","2":"type-product","3":"status-publish","4":"has-post-thumbnail","6":"product_cat-maska-dlya-volossya","8":"first","9":"instock","10":"purchasable","11":"product-type-simple"},"acf":[],"_links":{"self":[{"href":"https:\/\/glamu.com.ua\/es\/wp-json\/wp\/v2\/product\/3743","targetHints":{"allow":["GET"]}}],"collection":[{"href":"https:\/\/glamu.com.ua\/es\/wp-json\/wp\/v2\/product"}],"about":[{"href":"https:\/\/glamu.com.ua\/es\/wp-json\/wp\/v2\/types\/product"}],"replies":[{"embeddable":true,"href":"https:\/\/glamu.com.ua\/es\/wp-json\/wp\/v2\/comments?post=3743"}],"version-history":[{"count":1,"href":"https:\/\/glamu.com.ua\/es\/wp-json\/wp\/v2\/product\/3743\/revisions"}],"predecessor-version":[{"id":6725,"href":"https:\/\/glamu.com.ua\/es\/wp-json\/wp\/v2\/product\/3743\/revisions\/6725"}],"wp:featuredmedia":[{"embeddable":true,"href":"https:\/\/glamu.com.ua\/es\/wp-json\/wp\/v2\/media\/9386"}],"wp:attachment":[{"href":"https:\/\/glamu.com.ua\/es\/wp-json\/wp\/v2\/media?parent=3743"}],"wp:term":[{"taxonomy":"product_brand","embeddable":true,"href":"https:\/\/glamu.com.ua\/es\/wp-json\/wp\/v2\/product_brand?post=3743"},{"taxonomy":"product_cat","embeddable":true,"href":"https:\/\/glamu.com.ua\/es\/wp-json\/wp\/v2\/product_cat?post=3743"},{"taxonomy":"product_tag","embeddable":true,"href":"https:\/\/glamu.com.ua\/es\/wp-json\/wp\/v2\/product_tag?post=3743"}],"curies":[{"name":"wp","href":"https:\/\/api.w.org\/{rel}","templated":true}]}}