{"id":3733,"date":"2025-09-25T15:55:15","date_gmt":"2025-09-25T12:55:15","guid":{"rendered":"https:\/\/glamu.com.ua\/shop\/\u0431\u0435\u0437%20\u043a\u0430\u0442\u0435\u0433\u043e\u0440\u0456\u0457\/kondyczioner-dlya-chastogo-vykorystannya-philip-martins-everyday-rinse-75-ml-8054726577317\/"},"modified":"2026-03-31T06:53:52","modified_gmt":"2026-03-31T03:53:52","slug":"philip-martins-everyday-rinse-75-ml-8054726577317","status":"publish","type":"product","link":"https:\/\/glamu.com.ua\/es\/tienda\/doglyad-za-volossyam\/kondyczioner-dlya-volossya\/philip-martins-everyday-rinse-75-ml-8054726577317\/","title":{"rendered":"Enjuague diario Philip Martin's 75 ml (8054726577317)"},"content":{"rendered":"<p>Acondicionador hidratante, desenredante y fortalecedor. Ideal para todo tipo de cabellos. Enriquecido con extractos bot\u00e1nicos que se combinan con ingredientes activos de \u00faltima generaci\u00f3n para hidratar el cabello y la piel, fortalecer la estructura y desenredar el cabello con facilidad. Ideal para uso diario.<\/p>","protected":false},"excerpt":{"rendered":"<p>\u0417\u0432\u043e\u043b\u043e\u0436\u0443\u044e\u0447\u0438\u0439, \u0440\u043e\u0437\u043f\u0443\u0448\u0443\u044e\u0447\u0438\u0439 \u0442\u0430 \u0437\u043c\u0456\u0446\u043d\u044e\u044e\u0447\u0438\u0439 \u043a\u043e\u043d\u0434\u0438\u0446\u0456\u043e\u043d\u0435\u0440. \u0406\u0434\u0435\u0430\u043b\u044c\u043d\u043e \u043f\u0456\u0434\u0445\u043e\u0434\u0438\u0442\u044c \u0434\u043b\u044f \u0432\u0441\u0456\u0445 \u0442\u0438\u043f\u0456\u0432 \u0432\u043e\u043b\u043e\u0441\u0441\u044f. \u0417\u0431\u0430\u0433\u0430\u0447\u0435\u043d\u0438\u0439 \u0435\u043a\u0441\u0442\u0440\u0430\u043a\u0442\u0430\u043c\u0438 \u0440\u043e\u0441\u043b\u0438\u043d\u043d\u043e\u0433\u043e \u043f\u043e\u0445\u043e\u0434\u0436\u0435\u043d\u043d\u044f, \u044f\u043a\u0456 \u0432 \u043f\u043e\u0454\u0434\u043d\u0430\u043d\u043d\u0456 \u0437 \u0430\u043a\u0442\u0438\u0432\u043d\u0438\u043c\u0438<\/p>","protected":false},"featured_media":9519,"comment_status":"closed","ping_status":"closed","template":"","meta":{"_acf_changed":false},"product_brand":[],"product_cat":[320],"product_tag":[],"class_list":{"0":"post-3733","1":"product","2":"type-product","3":"status-publish","4":"has-post-thumbnail","6":"product_cat-kondyczioner-dlya-volossya","8":"first","9":"instock","10":"purchasable","11":"product-type-simple"},"acf":[],"_links":{"self":[{"href":"https:\/\/glamu.com.ua\/es\/wp-json\/wp\/v2\/product\/3733","targetHints":{"allow":["GET"]}}],"collection":[{"href":"https:\/\/glamu.com.ua\/es\/wp-json\/wp\/v2\/product"}],"about":[{"href":"https:\/\/glamu.com.ua\/es\/wp-json\/wp\/v2\/types\/product"}],"replies":[{"embeddable":true,"href":"https:\/\/glamu.com.ua\/es\/wp-json\/wp\/v2\/comments?post=3733"}],"version-history":[{"count":1,"href":"https:\/\/glamu.com.ua\/es\/wp-json\/wp\/v2\/product\/3733\/revisions"}],"predecessor-version":[{"id":6732,"href":"https:\/\/glamu.com.ua\/es\/wp-json\/wp\/v2\/product\/3733\/revisions\/6732"}],"wp:featuredmedia":[{"embeddable":true,"href":"https:\/\/glamu.com.ua\/es\/wp-json\/wp\/v2\/media\/9519"}],"wp:attachment":[{"href":"https:\/\/glamu.com.ua\/es\/wp-json\/wp\/v2\/media?parent=3733"}],"wp:term":[{"taxonomy":"product_brand","embeddable":true,"href":"https:\/\/glamu.com.ua\/es\/wp-json\/wp\/v2\/product_brand?post=3733"},{"taxonomy":"product_cat","embeddable":true,"href":"https:\/\/glamu.com.ua\/es\/wp-json\/wp\/v2\/product_cat?post=3733"},{"taxonomy":"product_tag","embeddable":true,"href":"https:\/\/glamu.com.ua\/es\/wp-json\/wp\/v2\/product_tag?post=3733"}],"curies":[{"name":"wp","href":"https:\/\/api.w.org\/{rel}","templated":true}]}}