{"id":3635,"date":"2025-09-25T15:54:42","date_gmt":"2025-09-25T12:54:42","guid":{"rendered":"https:\/\/glamu.com.ua\/shop\/\u0431\u0435\u0437%20\u043a\u0430\u0442\u0435\u0433\u043e\u0440\u0456\u0457\/gel-dlya-dushu-philip-martins-ash-body-shower-75-ml\/"},"modified":"2026-03-29T23:02:06","modified_gmt":"2026-03-29T20:02:06","slug":"gel-dlya-dushu-philip-martins-ceniza-ducha-corporal-75-ml","status":"publish","type":"product","link":"https:\/\/glamu.com.ua\/es\/tienda\/doglyad-za-tilom\/gel-dlya-dusha\/gel-dlya-dushu-philip-martins-ceniza-ducha-corporal-75-ml\/","title":{"rendered":"Gel de ducha corporal de fresno Philip Martin's 75 ml"},"content":{"rendered":"<p>Un gel de ducha para la limpieza diaria de la piel del cuerpo, caracterizado por un envolvente e intenso aroma a incienso. Enriquecido con extractos bot\u00e1nicos que hidratan y revitalizan la piel, Ash Body Shower le proporciona al instante una sensaci\u00f3n de bienestar reencontrado, convirtiendo su ducha en un ritual sensual que recuerda a Oriente. Su piel estar\u00e1 m\u00e1s restaurada y suave al tacto.<\/p>","protected":false},"excerpt":{"rendered":"<p>\u0413\u0435\u043b\u044c \u0434\u043b\u044f \u0434\u0443\u0448\u0443 \u0434\u043b\u044f \u0449\u043e\u0434\u0435\u043d\u043d\u043e\u0433\u043e \u043e\u0447\u0438\u0449\u0435\u043d\u043d\u044f \u0448\u043a\u0456\u0440\u0438 \u0442\u0456\u043b\u0430, \u0449\u043e \u0445\u0430\u0440\u0430\u043a\u0442\u0435\u0440\u0438\u0437\u0443\u0454\u0442\u044c\u0441\u044f \u043e\u0431\u0432\u043e\u043b\u0456\u043a\u0430\u044e\u0447\u0438\u043c \u0442\u0430 \u0456\u043d\u0442\u0435\u043d\u0441\u0438\u0432\u043d\u0438\u043c \u0430\u0440\u043e\u043c\u0430\u0442\u043e\u043c \u043b\u0430\u0434\u0430\u043d\u0443. \u0414\u0443\u0448 \u0434\u043b\u044f \u0442\u0456\u043b\u0430 Ash Body<\/p>","protected":false},"featured_media":8939,"comment_status":"closed","ping_status":"closed","template":"","meta":{"_acf_changed":false},"product_brand":[],"product_cat":[154],"product_tag":[],"class_list":{"0":"post-3635","1":"product","2":"type-product","3":"status-publish","4":"has-post-thumbnail","6":"product_cat-gel-dlya-dusha","8":"first","9":"instock","10":"purchasable","11":"product-type-simple"},"acf":[],"_links":{"self":[{"href":"https:\/\/glamu.com.ua\/es\/wp-json\/wp\/v2\/product\/3635","targetHints":{"allow":["GET"]}}],"collection":[{"href":"https:\/\/glamu.com.ua\/es\/wp-json\/wp\/v2\/product"}],"about":[{"href":"https:\/\/glamu.com.ua\/es\/wp-json\/wp\/v2\/types\/product"}],"replies":[{"embeddable":true,"href":"https:\/\/glamu.com.ua\/es\/wp-json\/wp\/v2\/comments?post=3635"}],"version-history":[{"count":1,"href":"https:\/\/glamu.com.ua\/es\/wp-json\/wp\/v2\/product\/3635\/revisions"}],"predecessor-version":[{"id":6812,"href":"https:\/\/glamu.com.ua\/es\/wp-json\/wp\/v2\/product\/3635\/revisions\/6812"}],"wp:featuredmedia":[{"embeddable":true,"href":"https:\/\/glamu.com.ua\/es\/wp-json\/wp\/v2\/media\/8939"}],"wp:attachment":[{"href":"https:\/\/glamu.com.ua\/es\/wp-json\/wp\/v2\/media?parent=3635"}],"wp:term":[{"taxonomy":"product_brand","embeddable":true,"href":"https:\/\/glamu.com.ua\/es\/wp-json\/wp\/v2\/product_brand?post=3635"},{"taxonomy":"product_cat","embeddable":true,"href":"https:\/\/glamu.com.ua\/es\/wp-json\/wp\/v2\/product_cat?post=3635"},{"taxonomy":"product_tag","embeddable":true,"href":"https:\/\/glamu.com.ua\/es\/wp-json\/wp\/v2\/product_tag?post=3635"}],"curies":[{"name":"wp","href":"https:\/\/api.w.org\/{rel}","templated":true}]}}