{"id":3591,"date":"2025-09-25T15:54:29","date_gmt":"2025-09-25T12:54:29","guid":{"rendered":"https:\/\/glamu.com.ua\/shop\/\u0431\u0435\u0437%20\u043a\u0430\u0442\u0435\u0433\u043e\u0440\u0456\u0457\/gel-dlya-shhodennogo-vykorystannya-philip-martins-everyday-body-shower-320-ml\/"},"modified":"2026-03-29T23:05:10","modified_gmt":"2026-03-29T20:05:10","slug":"gel-dlya-shodennogo-vykorystannya-philip-martins-everyday-body-shower-320-ml","status":"publish","type":"product","link":"https:\/\/glamu.com.ua\/es\/tienda\/doglyad-za-tilom\/gel-dlya-dusha\/gel-dlya-shodennogo-vykorystannya-philip-martins-everyday-body-shower-320-ml\/","title":{"rendered":"Gel de uso diario Philip Martin's Everyday Body Shower 320 ml"},"content":{"rendered":"<p>Un gel de ducha con un aroma luminoso y envolvente, dise\u00f1ado para una limpieza diaria eficaz y suave. El gel contiene tensioactivos que no da\u00f1an la piel, sino que devuelven una agradable sensaci\u00f3n de frescor y confort incluso a las pieles m\u00e1s sensibles. El gel est\u00e1 enriquecido con extractos fermentados de rosa, grosella negra, acerola, guayaba y col. El gel restaura la piel y la vuelve extremadamente suave y sedosa.<\/p>","protected":false},"excerpt":{"rendered":"<p>\u0413\u0435\u043b\u044c \u0434\u043b\u044f \u0434\u0443\u0448\u0443 \u0437 \u044f\u0441\u043a\u0440\u0430\u0432\u0438\u043c \u0442\u0430 \u043e\u0431\u0432\u043e\u043b\u0456\u043a\u0430\u044e\u0447\u0438\u043c \u0430\u0440\u043e\u043c\u0430\u0442\u043e\u043c, \u0441\u0442\u0432\u043e\u0440\u0435\u043d\u0438\u0439 \u0434\u043b\u044f \u0435\u0444\u0435\u043a\u0442\u0438\u0432\u043d\u043e\u0433\u043e \u0442\u0430 \u0434\u0431\u0430\u0439\u043b\u0438\u0432\u043e\u0433\u043e \u0449\u043e\u0434\u0435\u043d\u043d\u043e\u0433\u043e \u043e\u0447\u0438\u0449\u0435\u043d\u043d\u044f. \u0421\u043a\u043b\u0430\u0434 \u0433\u0435\u043b\u044e \u043c\u0456\u0441\u0442\u0438\u0442\u044c \u043f\u043e\u0432\u0435\u0440\u0445\u043d\u0435\u0432\u043e-\u0430\u043a\u0442\u0438\u0432\u043d\u0456 \u0440\u0435\u0447\u043e\u0432\u0438\u043d\u0438,<\/p>","protected":false},"featured_media":8943,"comment_status":"closed","ping_status":"closed","template":"","meta":{"_acf_changed":false},"product_brand":[],"product_cat":[154],"product_tag":[],"class_list":{"0":"post-3591","1":"product","2":"type-product","3":"status-publish","4":"has-post-thumbnail","6":"product_cat-gel-dlya-dusha","8":"first","9":"instock","10":"purchasable","11":"product-type-simple"},"acf":[],"_links":{"self":[{"href":"https:\/\/glamu.com.ua\/es\/wp-json\/wp\/v2\/product\/3591","targetHints":{"allow":["GET"]}}],"collection":[{"href":"https:\/\/glamu.com.ua\/es\/wp-json\/wp\/v2\/product"}],"about":[{"href":"https:\/\/glamu.com.ua\/es\/wp-json\/wp\/v2\/types\/product"}],"replies":[{"embeddable":true,"href":"https:\/\/glamu.com.ua\/es\/wp-json\/wp\/v2\/comments?post=3591"}],"version-history":[{"count":1,"href":"https:\/\/glamu.com.ua\/es\/wp-json\/wp\/v2\/product\/3591\/revisions"}],"predecessor-version":[{"id":6793,"href":"https:\/\/glamu.com.ua\/es\/wp-json\/wp\/v2\/product\/3591\/revisions\/6793"}],"wp:featuredmedia":[{"embeddable":true,"href":"https:\/\/glamu.com.ua\/es\/wp-json\/wp\/v2\/media\/8943"}],"wp:attachment":[{"href":"https:\/\/glamu.com.ua\/es\/wp-json\/wp\/v2\/media?parent=3591"}],"wp:term":[{"taxonomy":"product_brand","embeddable":true,"href":"https:\/\/glamu.com.ua\/es\/wp-json\/wp\/v2\/product_brand?post=3591"},{"taxonomy":"product_cat","embeddable":true,"href":"https:\/\/glamu.com.ua\/es\/wp-json\/wp\/v2\/product_cat?post=3591"},{"taxonomy":"product_tag","embeddable":true,"href":"https:\/\/glamu.com.ua\/es\/wp-json\/wp\/v2\/product_tag?post=3591"}],"curies":[{"name":"wp","href":"https:\/\/api.w.org\/{rel}","templated":true}]}}