{"id":3509,"date":"2025-09-25T15:45:59","date_gmt":"2025-09-25T12:45:59","guid":{"rendered":"https:\/\/glamu.com.ua\/shop\/\u0431\u0435\u0437%20\u043a\u0430\u0442\u0435\u0433\u043e\u0440\u0456\u0457\/myakyj-vidnovlyuvalnyj-krem-skeyndor-aquatherm-re-balancing-gentle-cream-fi-50-ml\/"},"modified":"2025-10-19T20:09:12","modified_gmt":"2025-10-19T17:09:12","slug":"myakyj-vidnovlyuvalnyj-krem-skeyndor-aquatherm-re-balancing-gentle-cream-fi-50-ml","status":"publish","type":"product","link":"https:\/\/glamu.com.ua\/es\/tienda\/doglyad-para-oblychchyam\/crema\/krem-dlya-oblychchya\/myakyj-vidnovlyuvalnyj-krem-skeyndor-aquatherm-re-balancing-gentle-cream-fi-50-ml\/","title":{"rendered":"Crema suave regeneradora Skeyndor Aquatherm Re-Balancing Gentle Cream FI 50 ml"},"content":{"rendered":"<p>La Crema Reparadora F1 para Piel Grasa proporciona el efecto integral que necesita la piel da\u00f1ada. La crema hidrata la piel y restaura r\u00e1pidamente la barrera protectora da\u00f1ada, causante de inflamaciones e irritaciones. El complejo de ceramidas hidrata la piel, restaura su barrera protectora y la protege contra la deshidrataci\u00f3n, las bacterias y el ambiente agresivo.<\/p>","protected":false},"excerpt":{"rendered":"<p>\u0412\u0456\u0434\u043d\u043e\u0432\u043b\u044e\u0432\u0430\u043b\u044c\u043d\u0438\u0439 \u043a\u0440\u0435\u043c F1 \u0434\u043b\u044f \u0436\u0438\u0440\u043d\u043e\u0457 \u0448\u043a\u0456\u0440\u0438 \u0437\u0434\u0456\u0439\u0441\u043d\u044e\u0454 \u043a\u043e\u043c\u043f\u043b\u0435\u043a\u0441\u043d\u0438\u0439 \u0435\u0444\u0435\u043a\u0442, \u043d\u0435\u043e\u0431\u0445\u0456\u0434\u043d\u0438\u0439 \u0443\u0448\u043a\u043e\u0434\u0436\u0435\u043d\u0456\u0439 \u0448\u043a\u0456\u0440\u0456. \u041a\u0440\u0435\u043c \u0437\u0432\u043e\u043b\u043e\u0436\u0443\u0454 \u0448\u043a\u0456\u0440\u0443 \u0442\u0430 \u0448\u0432\u0438\u0434\u043a\u043e \u0432\u0456\u0434\u043d\u043e\u0432\u043b\u044e\u0454 \u043f\u043e\u0448\u043a\u043e\u0434\u0436\u0435\u043d\u0438\u0439 \u0437\u0430\u0445\u0438\u0441\u043d\u0438\u0439<\/p>","protected":false},"featured_media":4180,"comment_status":"closed","ping_status":"closed","template":"","meta":{"_acf_changed":false},"product_brand":[],"product_cat":[79],"product_tag":[],"class_list":{"0":"post-3509","1":"product","2":"type-product","3":"status-publish","4":"has-post-thumbnail","6":"product_cat-krem-dlya-oblychchya","8":"first","9":"instock","10":"product-type-simple"},"acf":[],"_links":{"self":[{"href":"https:\/\/glamu.com.ua\/es\/wp-json\/wp\/v2\/product\/3509","targetHints":{"allow":["GET"]}}],"collection":[{"href":"https:\/\/glamu.com.ua\/es\/wp-json\/wp\/v2\/product"}],"about":[{"href":"https:\/\/glamu.com.ua\/es\/wp-json\/wp\/v2\/types\/product"}],"replies":[{"embeddable":true,"href":"https:\/\/glamu.com.ua\/es\/wp-json\/wp\/v2\/comments?post=3509"}],"version-history":[{"count":0,"href":"https:\/\/glamu.com.ua\/es\/wp-json\/wp\/v2\/product\/3509\/revisions"}],"wp:featuredmedia":[{"embeddable":true,"href":"https:\/\/glamu.com.ua\/es\/wp-json\/wp\/v2\/media\/4180"}],"wp:attachment":[{"href":"https:\/\/glamu.com.ua\/es\/wp-json\/wp\/v2\/media?parent=3509"}],"wp:term":[{"taxonomy":"product_brand","embeddable":true,"href":"https:\/\/glamu.com.ua\/es\/wp-json\/wp\/v2\/product_brand?post=3509"},{"taxonomy":"product_cat","embeddable":true,"href":"https:\/\/glamu.com.ua\/es\/wp-json\/wp\/v2\/product_cat?post=3509"},{"taxonomy":"product_tag","embeddable":true,"href":"https:\/\/glamu.com.ua\/es\/wp-json\/wp\/v2\/product_tag?post=3509"}],"curies":[{"name":"wp","href":"https:\/\/api.w.org\/{rel}","templated":true}]}}