{"id":3499,"date":"2025-09-25T15:45:55","date_gmt":"2025-09-25T12:45:55","guid":{"rendered":"https:\/\/glamu.com.ua\/shop\/\u0431\u0435\u0437%20\u043a\u0430\u0442\u0435\u0433\u043e\u0440\u0456\u0457\/ochyshhuvalna-emulsiya-dlya-kombinovanoyi-ta-zhyrnoyi-shkiry-skeyndor-essential-line-cucumber-cleansing-emulsion-250-ml\/"},"modified":"2026-03-30T21:46:57","modified_gmt":"2026-03-30T18:46:57","slug":"ochyshhuvalna-emulsiya-dlya-kombinovanoyi-ta-zhyrnoyi-shkiry-skeyndor-essential-line-cucumber-cleansing-emulsion-250-ml","status":"publish","type":"product","link":"https:\/\/glamu.com.ua\/es\/tienda\/doglyad-para-oblychchyam\/ochishchennya\/pinky-ta-heli\/ochyshhuvalna-emulsiya-dlya-kombinovanoyi-ta-zhyrnoyi-shkiry-skeyndor-essential-line-cucumber-cleansing-emulsion-250-ml\/","title":{"rendered":"Skeyndor Essential Line Emulsi\u00f3n Limpiadora de Pepino 250 ml para pieles mixtas y grasas"},"content":{"rendered":"<p>La emulsi\u00f3n limpiadora para pieles mixtas y grasas limpia la piel de sebo e impurezas. Seca y cura las erupciones cut\u00e1neas y previene la aparici\u00f3n de nuevas lesiones de acn\u00e9. Unifica el tono y la textura de la piel, combate el post-acn\u00e9 y la pigmentaci\u00f3n. A pesar de los potentes ingredientes de su composici\u00f3n, el producto no reseca la piel, dej\u00e1ndola fresca y limpia. Adecuado para mujeres y hombres de todas las edades con piel grasa y problem\u00e1tica.<\/p>","protected":false},"excerpt":{"rendered":"<p>\u041e\u0447\u0438\u0449\u0443\u0432\u0430\u043b\u044c\u043d\u0430 \u0435\u043c\u0443\u043b\u044c\u0441\u0456\u044f \u0434\u043b\u044f \u043a\u043e\u043c\u0431\u0456\u043d\u043e\u0432\u0430\u043d\u043e\u0457 \u0442\u0430 \u0436\u0438\u0440\u043d\u043e\u0457 \u0448\u043a\u0456\u0440\u0438 \u043e\u0447\u0438\u0449\u0430\u0454 \u0448\u043a\u0456\u0440\u0443 \u0432\u0456\u0434 \u0441\u0435\u0431\u0443\u043c\u0443 \u0442\u0430 \u0437\u0430\u0431\u0440\u0443\u0434\u043d\u0435\u043d\u044c. \u041f\u0456\u0434\u0441\u0443\u0448\u0443\u0454 \u0442\u0430 \u0437\u0430\u0433\u043e\u044e\u0454 \u0432\u0438\u0441\u0438\u043f\u0430\u043d\u043d\u044f \u0442\u0430 \u043f\u0435\u0440\u0435\u0448\u043a\u043e\u0434\u0436\u0430\u0454 \u043f\u043e\u044f\u0432\u0456<\/p>","protected":false},"featured_media":9162,"comment_status":"closed","ping_status":"closed","template":"","meta":{"_acf_changed":false},"product_brand":[],"product_cat":[19],"product_tag":[],"class_list":{"0":"post-3499","1":"product","2":"type-product","3":"status-publish","4":"has-post-thumbnail","6":"product_cat-pinky-ta-heli","8":"first","9":"instock","10":"product-type-simple"},"acf":[],"_links":{"self":[{"href":"https:\/\/glamu.com.ua\/es\/wp-json\/wp\/v2\/product\/3499","targetHints":{"allow":["GET"]}}],"collection":[{"href":"https:\/\/glamu.com.ua\/es\/wp-json\/wp\/v2\/product"}],"about":[{"href":"https:\/\/glamu.com.ua\/es\/wp-json\/wp\/v2\/types\/product"}],"replies":[{"embeddable":true,"href":"https:\/\/glamu.com.ua\/es\/wp-json\/wp\/v2\/comments?post=3499"}],"version-history":[{"count":2,"href":"https:\/\/glamu.com.ua\/es\/wp-json\/wp\/v2\/product\/3499\/revisions"}],"predecessor-version":[{"id":9160,"href":"https:\/\/glamu.com.ua\/es\/wp-json\/wp\/v2\/product\/3499\/revisions\/9160"}],"wp:featuredmedia":[{"embeddable":true,"href":"https:\/\/glamu.com.ua\/es\/wp-json\/wp\/v2\/media\/9162"}],"wp:attachment":[{"href":"https:\/\/glamu.com.ua\/es\/wp-json\/wp\/v2\/media?parent=3499"}],"wp:term":[{"taxonomy":"product_brand","embeddable":true,"href":"https:\/\/glamu.com.ua\/es\/wp-json\/wp\/v2\/product_brand?post=3499"},{"taxonomy":"product_cat","embeddable":true,"href":"https:\/\/glamu.com.ua\/es\/wp-json\/wp\/v2\/product_cat?post=3499"},{"taxonomy":"product_tag","embeddable":true,"href":"https:\/\/glamu.com.ua\/es\/wp-json\/wp\/v2\/product_tag?post=3499"}],"curies":[{"name":"wp","href":"https:\/\/api.w.org\/{rel}","templated":true}]}}