{"id":3453,"date":"2025-09-25T15:45:35","date_gmt":"2025-09-25T12:45:35","guid":{"rendered":"https:\/\/glamu.com.ua\/shop\/\u0431\u0435\u0437%20\u043a\u0430\u0442\u0435\u0433\u043e\u0440\u0456\u0457\/matuyucha-pinka-gel-dlya-vmyvannya-skeyndor-expert-cleanse-pro-mattifying-foam-in-gel-200-ml\/"},"modified":"2025-11-18T18:23:04","modified_gmt":"2025-11-18T16:23:04","slug":"matuyucha-pinka-gel-dlya-vmyvannya-skeyndor-expert-cleanse-pro-mattifying-foam-in-gel-200-ml","status":"publish","type":"product","link":"https:\/\/glamu.com.ua\/es\/tienda\/doglyad-para-oblychchyam\/ochishchennya\/pinky-ta-heli\/matuyucha-pinka-gel-dlya-vmyvannya-skeyndor-expert-cleanse-pro-mattifying-foam-in-gel-200-ml\/","title":{"rendered":"Skeyndor Expert Cleanse Pro Espuma Matificante En Gel 200 ml"},"content":{"rendered":"<p>Espuma gel matificante para pieles normales a mixtas. La segunda etapa del tratamiento EXPERT CLEANSE PRO, dise\u00f1ada para alcanzar el m\u00e1ximo nivel de limpieza. Limpia la piel en profundidad de impurezas sin irritar ni resecar y ayuda a prevenir nuevas inflamaciones. Con tensioactivos bot\u00e1nicos ultrasuaves y postbi\u00f3ticos que protegen la funci\u00f3n barrera y la microflora de la piel.<\/p>","protected":false},"excerpt":{"rendered":"<p>\u041c\u0430\u0442\u0443\u044e\u0447\u0438\u0439 \u0433\u0435\u043b\u044c-\u043f\u0456\u043d\u043a\u0430 \u0434\u043b\u044f \u043d\u043e\u0440\u043c\u0430\u043b\u044c\u043d\u043e\u0457 \u0442\u0430 \u043a\u043e\u043c\u0431\u0456\u043d\u043e\u0432\u0430\u043d\u043e\u0457 \u0448\u043a\u0456\u0440\u0438. \u0414\u0440\u0443\u0433\u0438\u0439 \u0435\u0442\u0430\u043f \u043f\u0440\u043e\u0446\u0435\u0434\u0443\u0440\u0438 EXPERT CLEANSE PRO, \u0449\u043e \u0441\u0442\u0432\u043e\u0440\u0435\u043d\u0430 \u0434\u043b\u044f \u0434\u043e\u0441\u044f\u0433\u043d\u0435\u043d\u043d\u044f \u043d\u0430\u0439\u0432\u0438\u0449\u043e\u0433\u043e \u0440\u0456\u0432\u043d\u044f \u043f\u0456\u0434\u0442\u0440\u0438\u043c\u043a\u0438<\/p>","protected":false},"featured_media":4177,"comment_status":"closed","ping_status":"closed","template":"","meta":{"_acf_changed":false},"product_brand":[],"product_cat":[19],"product_tag":[],"class_list":{"0":"post-3453","1":"product","2":"type-product","3":"status-publish","4":"has-post-thumbnail","6":"product_cat-pinky-ta-heli","8":"first","9":"instock","10":"product-type-simple"},"acf":[],"_links":{"self":[{"href":"https:\/\/glamu.com.ua\/es\/wp-json\/wp\/v2\/product\/3453","targetHints":{"allow":["GET"]}}],"collection":[{"href":"https:\/\/glamu.com.ua\/es\/wp-json\/wp\/v2\/product"}],"about":[{"href":"https:\/\/glamu.com.ua\/es\/wp-json\/wp\/v2\/types\/product"}],"replies":[{"embeddable":true,"href":"https:\/\/glamu.com.ua\/es\/wp-json\/wp\/v2\/comments?post=3453"}],"version-history":[{"count":0,"href":"https:\/\/glamu.com.ua\/es\/wp-json\/wp\/v2\/product\/3453\/revisions"}],"wp:featuredmedia":[{"embeddable":true,"href":"https:\/\/glamu.com.ua\/es\/wp-json\/wp\/v2\/media\/4177"}],"wp:attachment":[{"href":"https:\/\/glamu.com.ua\/es\/wp-json\/wp\/v2\/media?parent=3453"}],"wp:term":[{"taxonomy":"product_brand","embeddable":true,"href":"https:\/\/glamu.com.ua\/es\/wp-json\/wp\/v2\/product_brand?post=3453"},{"taxonomy":"product_cat","embeddable":true,"href":"https:\/\/glamu.com.ua\/es\/wp-json\/wp\/v2\/product_cat?post=3453"},{"taxonomy":"product_tag","embeddable":true,"href":"https:\/\/glamu.com.ua\/es\/wp-json\/wp\/v2\/product_tag?post=3453"}],"curies":[{"name":"wp","href":"https:\/\/api.w.org\/{rel}","templated":true}]}}