{"id":3449,"date":"2025-09-25T15:45:35","date_gmt":"2025-09-25T12:45:35","guid":{"rendered":"https:\/\/glamu.com.ua\/shop\/\u0431\u0435\u0437%20\u043a\u0430\u0442\u0435\u0433\u043e\u0440\u0456\u0457\/matuvalnyj-konczentrat-shho-zvuzhuye-pory-skeyndor-uniqcure-mattifying-pore-refiner-7-h-2-ml\/"},"modified":"2025-10-19T20:05:45","modified_gmt":"2025-10-19T17:05:45","slug":"matuvalnyj-konczentrat-shho-zvuzhuye-pory-skeyndor-uniqcure-mattifying-pore-refiner-7-h-2-ml","status":"publish","type":"product","link":"https:\/\/glamu.com.ua\/es\/tienda\/doglyad-para-oblychchyam\/syrovatka-dlya-oblychchya\/matuvalnyj-konczentrat-shho-zvuzhuye-pory-skeyndor-uniqcure-mattifying-pore-refiner-7-h-2-ml\/","title":{"rendered":"Skeyndor UniqCure Refinador de Poros Matificante 7 x 2 ml concentrado matificante"},"content":{"rendered":"<p>Este concentrado matificante cierra los poros y est\u00e1 indicado para pieles grasas y mixtas. No s\u00f3lo normaliza la producci\u00f3n de sebo y limpia los poros, sino que tambi\u00e9n restaura la barrera hidrolip\u00eddica de la piel, que la protege de la deshidrataci\u00f3n y las bacterias. Pueden utilizarlo mujeres y hombres de todas las edades.<\/p>","protected":false},"excerpt":{"rendered":"<p>\u041c\u0430\u0442\u0443\u0432\u0430\u043b\u044c\u043d\u0438\u0439 \u043a\u043e\u043d\u0446\u0435\u043d\u0442\u0440\u0430\u0442, \u0449\u043e \u0437\u0432\u0443\u0436\u0443\u0454 \u043f\u043e\u0440\u0438 \u043f\u0440\u0438\u0437\u043d\u0430\u0447\u0435\u043d\u0438\u0439 \u0434\u043b\u044f \u0436\u0438\u0440\u043d\u043e\u0457 \u0442\u0430 \u043a\u043e\u043c\u0431\u0456\u043d\u043e\u0432\u0430\u043d\u043e\u0457 \u0448\u043a\u0456\u0440\u0438. \u0412\u0456\u043d \u043d\u0435 \u0442\u0456\u043b\u044c\u043a\u0438 \u043d\u043e\u0440\u043c\u0430\u043b\u0456\u0437\u0443\u0454 \u0432\u0438\u0440\u043e\u0431\u043b\u0435\u043d\u043d\u044f \u0441\u0435\u0431\u0443\u043c\u0443 \u0442\u0430 \u043e\u0447\u0438\u0449\u0430\u0454 \u043f\u043e\u0440\u0438,<\/p>","protected":false},"featured_media":4175,"comment_status":"closed","ping_status":"closed","template":"","meta":{"_acf_changed":false},"product_brand":[],"product_cat":[83],"product_tag":[],"class_list":{"0":"post-3449","1":"product","2":"type-product","3":"status-publish","4":"has-post-thumbnail","6":"product_cat-syrovatka-dlya-oblychchya","8":"first","9":"instock","10":"product-type-simple"},"acf":[],"_links":{"self":[{"href":"https:\/\/glamu.com.ua\/es\/wp-json\/wp\/v2\/product\/3449","targetHints":{"allow":["GET"]}}],"collection":[{"href":"https:\/\/glamu.com.ua\/es\/wp-json\/wp\/v2\/product"}],"about":[{"href":"https:\/\/glamu.com.ua\/es\/wp-json\/wp\/v2\/types\/product"}],"replies":[{"embeddable":true,"href":"https:\/\/glamu.com.ua\/es\/wp-json\/wp\/v2\/comments?post=3449"}],"version-history":[{"count":0,"href":"https:\/\/glamu.com.ua\/es\/wp-json\/wp\/v2\/product\/3449\/revisions"}],"wp:featuredmedia":[{"embeddable":true,"href":"https:\/\/glamu.com.ua\/es\/wp-json\/wp\/v2\/media\/4175"}],"wp:attachment":[{"href":"https:\/\/glamu.com.ua\/es\/wp-json\/wp\/v2\/media?parent=3449"}],"wp:term":[{"taxonomy":"product_brand","embeddable":true,"href":"https:\/\/glamu.com.ua\/es\/wp-json\/wp\/v2\/product_brand?post=3449"},{"taxonomy":"product_cat","embeddable":true,"href":"https:\/\/glamu.com.ua\/es\/wp-json\/wp\/v2\/product_cat?post=3449"},{"taxonomy":"product_tag","embeddable":true,"href":"https:\/\/glamu.com.ua\/es\/wp-json\/wp\/v2\/product_tag?post=3449"}],"curies":[{"name":"wp","href":"https:\/\/api.w.org\/{rel}","templated":true}]}}