{"id":3443,"date":"2025-09-25T15:45:31","date_gmt":"2025-09-25T12:45:31","guid":{"rendered":"https:\/\/glamu.com.ua\/shop\/\u0431\u0435\u0437%20\u043a\u0430\u0442\u0435\u0433\u043e\u0440\u0456\u0457\/vidnovlyuvalna-vitaminna-esencziya-dlya-oblychchya-skeyndor-expert-cleanse-pro-rebalancing-vitamin-essence-200-ml\/"},"modified":"2026-03-30T18:58:19","modified_gmt":"2026-03-30T15:58:19","slug":"esencia-vitaminica-renovadora-para-el-rostro-skeyndor-expert-cleanse-pro-esencia-vitaminica-reequilibrante-200-ml","status":"publish","type":"product","link":"https:\/\/glamu.com.ua\/es\/tienda\/doglyad-para-oblychchyam\/syrovatka-dlya-oblychchya\/esencia-vitaminica-renovadora-para-el-rostro-skeyndor-expert-cleanse-pro-esencia-vitaminica-reequilibrante-200-ml\/","title":{"rendered":"Skeyndor Expert Cleanse Pro Esencia Vitam\u00ednica Reequilibrante 200 ml Esencia vitam\u00ednica regeneradora para el rostro"},"content":{"rendered":"<p>Esencia revitalizante rica en vitaminas. Una loci\u00f3n de cuidado excepcional dise\u00f1ada para revitalizar, suavizar la textura y proteger la piel de los efectos negativos del medio ambiente.<\/p>","protected":false},"excerpt":{"rendered":"<p>Esencia revitalizante rica en vitaminas. Una loci\u00f3n de cuidado excepcional dise\u00f1ada para revitalizar, suavizar la textura y proteger la piel de los efectos negativos del medio ambiente.<\/p>","protected":false},"featured_media":9047,"comment_status":"closed","ping_status":"closed","template":"","meta":{"_acf_changed":false},"product_brand":[],"product_cat":[83],"product_tag":[],"class_list":{"0":"post-3443","1":"product","2":"type-product","3":"status-publish","4":"has-post-thumbnail","6":"product_cat-syrovatka-dlya-oblychchya","8":"first","9":"instock","10":"product-type-simple"},"acf":[],"_links":{"self":[{"href":"https:\/\/glamu.com.ua\/es\/wp-json\/wp\/v2\/product\/3443","targetHints":{"allow":["GET"]}}],"collection":[{"href":"https:\/\/glamu.com.ua\/es\/wp-json\/wp\/v2\/product"}],"about":[{"href":"https:\/\/glamu.com.ua\/es\/wp-json\/wp\/v2\/types\/product"}],"replies":[{"embeddable":true,"href":"https:\/\/glamu.com.ua\/es\/wp-json\/wp\/v2\/comments?post=3443"}],"version-history":[{"count":1,"href":"https:\/\/glamu.com.ua\/es\/wp-json\/wp\/v2\/product\/3443\/revisions"}],"predecessor-version":[{"id":8427,"href":"https:\/\/glamu.com.ua\/es\/wp-json\/wp\/v2\/product\/3443\/revisions\/8427"}],"wp:featuredmedia":[{"embeddable":true,"href":"https:\/\/glamu.com.ua\/es\/wp-json\/wp\/v2\/media\/9047"}],"wp:attachment":[{"href":"https:\/\/glamu.com.ua\/es\/wp-json\/wp\/v2\/media?parent=3443"}],"wp:term":[{"taxonomy":"product_brand","embeddable":true,"href":"https:\/\/glamu.com.ua\/es\/wp-json\/wp\/v2\/product_brand?post=3443"},{"taxonomy":"product_cat","embeddable":true,"href":"https:\/\/glamu.com.ua\/es\/wp-json\/wp\/v2\/product_cat?post=3443"},{"taxonomy":"product_tag","embeddable":true,"href":"https:\/\/glamu.com.ua\/es\/wp-json\/wp\/v2\/product_tag?post=3443"}],"curies":[{"name":"wp","href":"https:\/\/api.w.org\/{rel}","templated":true}]}}