{"id":3423,"date":"2025-09-25T15:45:24","date_gmt":"2025-09-25T12:45:24","guid":{"rendered":"https:\/\/glamu.com.ua\/shop\/\u0431\u0435\u0437%20\u043a\u0430\u0442\u0435\u0433\u043e\u0440\u0456\u0457\/normalizuvalna-krem-maska-skeyndor-essential-normalising-mask-cream-50-ml\/"},"modified":"2025-10-19T20:19:16","modified_gmt":"2025-10-19T17:19:16","slug":"normalizuvalna-krem-maska-skeyndor-essential-normalising-mask-cream-50-ml","status":"publish","type":"product","link":"https:\/\/glamu.com.ua\/es\/tienda\/doglyad-para-oblychchyam\/maska-dlya-oblychchya\/normalizuvalna-krem-maska-skeyndor-essential-normalising-mask-cream-50-ml\/","title":{"rendered":"Skeyndor Essential Crema Mascarilla Normalizante 50 ml"},"content":{"rendered":"<p>La mascarilla tiene una textura cremosa muy agradable, que contribuye a su r\u00e1pida y c\u00f3moda distribuci\u00f3n. Entre sus principios activos se encuentra el extracto de hamamelis, que posee potentes propiedades seborreguladoras y limpia suavemente los poros de impurezas. Por su parte, el caol\u00edn absorbe el exceso de sebo, seca ligeramente y cierra los poros. El producto unifica visiblemente el tono, alisa y matifica ligeramente, eliminando los molestos brillos grasos. Al mismo tiempo, no reseca ni aprieta en absoluto, dejando una sensaci\u00f3n excepcionalmente agradable. Es una soluci\u00f3n ideal para un uso regular, con la que pronto ver\u00e1 los primeros cambios positivos.<\/p>","protected":false},"excerpt":{"rendered":"<p>\u041c\u0430\u0441\u043a\u0430 \u043c\u0430\u0454 \u043d\u0430\u0434\u0437\u0432\u0438\u0447\u0430\u0439\u043d\u043e \u043f\u0440\u0438\u0454\u043c\u043d\u0443 \u043a\u0440\u0435\u043c\u043e\u0432\u0443 \u0442\u0435\u043a\u0441\u0442\u0443\u0440\u0443, \u0449\u043e \u0441\u043f\u0440\u0438\u044f\u0454 \u0457\u0457 \u0448\u0432\u0438\u0434\u043a\u043e\u043c\u0443 \u0442\u0430 \u043a\u043e\u043c\u0444\u043e\u0440\u0442\u043d\u043e\u043c\u0443 \u0440\u043e\u0437\u043f\u043e\u0434\u0456\u043b\u0435\u043d\u043d\u044e. \u0421\u0435\u0440\u0435\u0434 \u0457\u0457 \u0430\u043a\u0442\u0438\u0432\u043d\u0438\u0445 \u0456\u043d\u0433\u0440\u0435\u0434\u0456\u0454\u043d\u0442\u0456\u0432 \u043c\u043e\u0436\u043d\u0430 \u0437\u043d\u0430\u0439\u0442\u0438 \u0435\u043a\u0441\u0442\u0440\u0430\u043a\u0442<\/p>","protected":false},"featured_media":4193,"comment_status":"closed","ping_status":"closed","template":"","meta":{"_acf_changed":false},"product_brand":[],"product_cat":[82],"product_tag":[],"class_list":{"0":"post-3423","1":"product","2":"type-product","3":"status-publish","4":"has-post-thumbnail","6":"product_cat-maska-dlya-oblychchya","8":"first","9":"instock","10":"product-type-simple"},"acf":[],"_links":{"self":[{"href":"https:\/\/glamu.com.ua\/es\/wp-json\/wp\/v2\/product\/3423","targetHints":{"allow":["GET"]}}],"collection":[{"href":"https:\/\/glamu.com.ua\/es\/wp-json\/wp\/v2\/product"}],"about":[{"href":"https:\/\/glamu.com.ua\/es\/wp-json\/wp\/v2\/types\/product"}],"replies":[{"embeddable":true,"href":"https:\/\/glamu.com.ua\/es\/wp-json\/wp\/v2\/comments?post=3423"}],"version-history":[{"count":0,"href":"https:\/\/glamu.com.ua\/es\/wp-json\/wp\/v2\/product\/3423\/revisions"}],"wp:featuredmedia":[{"embeddable":true,"href":"https:\/\/glamu.com.ua\/es\/wp-json\/wp\/v2\/media\/4193"}],"wp:attachment":[{"href":"https:\/\/glamu.com.ua\/es\/wp-json\/wp\/v2\/media?parent=3423"}],"wp:term":[{"taxonomy":"product_brand","embeddable":true,"href":"https:\/\/glamu.com.ua\/es\/wp-json\/wp\/v2\/product_brand?post=3423"},{"taxonomy":"product_cat","embeddable":true,"href":"https:\/\/glamu.com.ua\/es\/wp-json\/wp\/v2\/product_cat?post=3423"},{"taxonomy":"product_tag","embeddable":true,"href":"https:\/\/glamu.com.ua\/es\/wp-json\/wp\/v2\/product_tag?post=3423"}],"curies":[{"name":"wp","href":"https:\/\/api.w.org\/{rel}","templated":true}]}}