{"id":3413,"date":"2025-09-25T15:45:19","date_gmt":"2025-09-25T12:45:19","guid":{"rendered":"https:\/\/glamu.com.ua\/shop\/\u0431\u0435\u0437%20\u043a\u0430\u0442\u0435\u0433\u043e\u0440\u0456\u0457\/ochyshhuvalnyj-balzam-na-osnovi-miczelyarnoyi-oliyi-skeyndor-expert-cleanse-pro-urban-micelar-balm-to-oil-125-ml\/"},"modified":"2026-03-30T21:53:23","modified_gmt":"2026-03-30T18:53:23","slug":"ochyshhuvalnyj-balzam-na-osnovi-miczelyarnoyi-oliyi-skeyndor-expert-cleanse-pro-urban-micelar-balm-to-oil-125-ml","status":"publish","type":"product","link":"https:\/\/glamu.com.ua\/es\/tienda\/doglyad-para-oblychchyam\/ochishchennya\/pinky-ta-heli\/ochyshhuvalnyj-balzam-na-osnovi-miczelyarnoyi-oliyi-skeyndor-expert-cleanse-pro-urban-micelar-balm-to-oil-125-ml\/","title":{"rendered":"Skeyndor Expert Cleanse Pro B\u00e1lsamo Micelar Urbano B\u00e1lsamo limpiador a base de aceite micelar 125 ml"},"content":{"rendered":"<p>B\u00e1lsamo limpiador oleoso especialmente formulado para uso profesional. Forma micelas oleosas que capturan eficazmente el maquillaje y las impurezas sin da\u00f1ar la piel. F\u00f3rmula ultrahidratante con alto contenido en glicerina. Se transforma en leche al aclararla con agua. Textura mate y no grasa.<\/p>","protected":false},"excerpt":{"rendered":"<p>\u041e\u0447\u0438\u0449\u0443\u044e\u0447\u0438\u0439 \u0431\u0430\u043b\u044c\u0437\u0430\u043c \u0432 \u0444\u043e\u0440\u043c\u0456 \u043c\u0430\u0441\u043b\u0430 \u0441\u043f\u0435\u0446\u0456\u0430\u043b\u044c\u043d\u043e \u0434\u043b\u044f \u043f\u0440\u043e\u0444\u0435\u0441\u0456\u0439\u043d\u043e\u0433\u043e \u0437\u0430\u0441\u0442\u043e\u0441\u0443\u0432\u0430\u043d\u043d\u044f. \u0424\u043e\u0440\u043c\u0443\u0454 \u043c\u0456\u0446\u0435\u043b\u0438 \u043c\u0430\u0441\u043b\u0430, \u044f\u043a\u0456 \u0435\u0444\u0435\u043a\u0442\u0438\u0432\u043d\u043e \u0437\u0430\u0445\u043e\u043f\u043b\u044e\u044e\u0442\u044c \u0447\u0430\u0441\u0442\u0438\u043d\u043a\u0438 \u043c\u0430\u043a\u0456\u044f\u0436\u0443 \u0456 \u0437\u0430\u0431\u0440\u0443\u0434\u043d\u0435\u043d\u044c, \u043d\u0435<\/p>","protected":false},"featured_media":8904,"comment_status":"closed","ping_status":"closed","template":"","meta":{"_acf_changed":false},"product_brand":[],"product_cat":[19],"product_tag":[],"class_list":{"0":"post-3413","1":"product","2":"type-product","3":"status-publish","4":"has-post-thumbnail","6":"product_cat-pinky-ta-heli","8":"first","9":"instock","10":"product-type-simple"},"acf":[],"_links":{"self":[{"href":"https:\/\/glamu.com.ua\/es\/wp-json\/wp\/v2\/product\/3413","targetHints":{"allow":["GET"]}}],"collection":[{"href":"https:\/\/glamu.com.ua\/es\/wp-json\/wp\/v2\/product"}],"about":[{"href":"https:\/\/glamu.com.ua\/es\/wp-json\/wp\/v2\/types\/product"}],"replies":[{"embeddable":true,"href":"https:\/\/glamu.com.ua\/es\/wp-json\/wp\/v2\/comments?post=3413"}],"version-history":[{"count":2,"href":"https:\/\/glamu.com.ua\/es\/wp-json\/wp\/v2\/product\/3413\/revisions"}],"predecessor-version":[{"id":9176,"href":"https:\/\/glamu.com.ua\/es\/wp-json\/wp\/v2\/product\/3413\/revisions\/9176"}],"wp:featuredmedia":[{"embeddable":true,"href":"https:\/\/glamu.com.ua\/es\/wp-json\/wp\/v2\/media\/8904"}],"wp:attachment":[{"href":"https:\/\/glamu.com.ua\/es\/wp-json\/wp\/v2\/media?parent=3413"}],"wp:term":[{"taxonomy":"product_brand","embeddable":true,"href":"https:\/\/glamu.com.ua\/es\/wp-json\/wp\/v2\/product_brand?post=3413"},{"taxonomy":"product_cat","embeddable":true,"href":"https:\/\/glamu.com.ua\/es\/wp-json\/wp\/v2\/product_cat?post=3413"},{"taxonomy":"product_tag","embeddable":true,"href":"https:\/\/glamu.com.ua\/es\/wp-json\/wp\/v2\/product_tag?post=3413"}],"curies":[{"name":"wp","href":"https:\/\/api.w.org\/{rel}","templated":true}]}}