{"id":3375,"date":"2025-09-25T15:45:10","date_gmt":"2025-09-25T12:45:10","guid":{"rendered":"https:\/\/glamu.com.ua\/shop\/\u0431\u0435\u0437%20\u043a\u0430\u0442\u0435\u0433\u043e\u0440\u0456\u0457\/krem-filer-vid-glybokyh-zmorshhok-skeyndor-corrective-deep-lines-filler-cream-50-ml\/"},"modified":"2025-10-19T20:00:09","modified_gmt":"2025-10-19T17:00:09","slug":"krem-filer-vid-glybokyh-zmorshhok-skeyndor-corrective-deep-lines-filler-cream-50-ml","status":"publish","type":"product","link":"https:\/\/glamu.com.ua\/es\/tienda\/doglyad-para-oblychchyam\/crema\/krem-dlya-oblychchya\/krem-filer-vid-glybokyh-zmorshhok-skeyndor-corrective-deep-lines-filler-cream-50-ml\/","title":{"rendered":"Skeyndor Corrective Crema Rellenadora de L\u00edneas Profundas 50 ml"},"content":{"rendered":"<p>Crema correctora de relleno Skandor Corrective. Combina dos t\u00e9cnicas de relleno de arrugas: lipofiller y tecnolog\u00eda DRON para un rejuvenecimiento eficaz y profundo. Dise\u00f1ado para rellenar arrugas y pliegues profundos. Puede prescribirse como tratamiento domiciliario para prolongar el efecto de la terapia con toxina botul\u00ednica y rellenos, as\u00ed como alternativa a las inyecciones en caso de contraindicaciones.<\/p>","protected":false},"excerpt":{"rendered":"<p>\u041a\u043e\u0440\u0438\u0433\u0443\u044e\u0447\u0438\u0439 \u043a\u0440\u0435\u043c-\u0444\u0456\u043b\u0435\u0440 \u0421\u043a\u0435\u0439\u043d\u0434\u043e\u0440 \u041a\u043e\u0440\u0435\u043a\u0442\u0438\u0432. \u041f\u043e\u0454\u0434\u043d\u0443\u0454 \u0434\u0432\u0456 \u0442\u0435\u0445\u043d\u0456\u043a\u0438 \u0437\u0430\u043f\u043e\u0432\u043d\u0435\u043d\u043d\u044f \u0437\u043c\u043e\u0440\u0448\u043e\u043a: \u043b\u0456\u043f\u043e\u0444\u0456\u043b\u0435\u0440 \u0442\u0430 \u0442\u0435\u0445\u043d\u043e\u043b\u043e\u0433\u0456\u044e \u00abDRON\u00bb \u0434\u043b\u044f \u0435\u0444\u0435\u043a\u0442\u0438\u0432\u043d\u043e\u0433\u043e \u0442\u0430 \u0433\u043b\u0438\u0431\u043e\u043a\u043e\u0433\u043e \u043e\u043c\u043e\u043b\u043e\u0434\u0436\u0435\u043d\u043d\u044f. \u041f\u0440\u0438\u0437\u043d\u0430\u0447\u0435\u043d\u0438\u0439 \u0434\u043b\u044f<\/p>","protected":false},"featured_media":4163,"comment_status":"closed","ping_status":"closed","template":"","meta":{"_acf_changed":false},"product_brand":[],"product_cat":[79],"product_tag":[],"class_list":{"0":"post-3375","1":"product","2":"type-product","3":"status-publish","4":"has-post-thumbnail","6":"product_cat-krem-dlya-oblychchya","8":"first","9":"instock","10":"product-type-simple"},"acf":[],"_links":{"self":[{"href":"https:\/\/glamu.com.ua\/es\/wp-json\/wp\/v2\/product\/3375","targetHints":{"allow":["GET"]}}],"collection":[{"href":"https:\/\/glamu.com.ua\/es\/wp-json\/wp\/v2\/product"}],"about":[{"href":"https:\/\/glamu.com.ua\/es\/wp-json\/wp\/v2\/types\/product"}],"replies":[{"embeddable":true,"href":"https:\/\/glamu.com.ua\/es\/wp-json\/wp\/v2\/comments?post=3375"}],"version-history":[{"count":0,"href":"https:\/\/glamu.com.ua\/es\/wp-json\/wp\/v2\/product\/3375\/revisions"}],"wp:featuredmedia":[{"embeddable":true,"href":"https:\/\/glamu.com.ua\/es\/wp-json\/wp\/v2\/media\/4163"}],"wp:attachment":[{"href":"https:\/\/glamu.com.ua\/es\/wp-json\/wp\/v2\/media?parent=3375"}],"wp:term":[{"taxonomy":"product_brand","embeddable":true,"href":"https:\/\/glamu.com.ua\/es\/wp-json\/wp\/v2\/product_brand?post=3375"},{"taxonomy":"product_cat","embeddable":true,"href":"https:\/\/glamu.com.ua\/es\/wp-json\/wp\/v2\/product_cat?post=3375"},{"taxonomy":"product_tag","embeddable":true,"href":"https:\/\/glamu.com.ua\/es\/wp-json\/wp\/v2\/product_tag?post=3375"}],"curies":[{"name":"wp","href":"https:\/\/api.w.org\/{rel}","templated":true}]}}