{"id":3339,"date":"2025-09-25T15:44:56","date_gmt":"2025-09-25T12:44:56","guid":{"rendered":"https:\/\/glamu.com.ua\/shop\/\u0431\u0435\u0437%20\u043a\u0430\u0442\u0435\u0433\u043e\u0440\u0456\u0457\/ochyshhuvalnyj-piling-skrab-eksfoliant-skeyndor-essential-scrub-exfoliating-50-ml\/"},"modified":"2026-03-30T22:04:24","modified_gmt":"2026-03-30T19:04:24","slug":"ochyshuvanyy-piling-skrab-eksfoliant-skeyndor-exfoliante-esencial-50-ml","status":"publish","type":"product","link":"https:\/\/glamu.com.ua\/es\/tienda\/doglyad-para-oblychchyam\/apilamiento-dlya-oblychchya\/ochyshuvanyy-piling-skrab-eksfoliant-skeyndor-exfoliante-esencial-50-ml\/","title":{"rendered":"Skeyndor Essential Scrub Exfoliante Peeling 50 ml"},"content":{"rendered":"<p>Exfoliante cremoso dise\u00f1ado para exfoliar y limpiar eficazmente la piel de c\u00e9lulas muertas. Gracias a su contenido en micropart\u00edculas de aceite de jojoba, el producto elimina suavemente las c\u00e9lulas muertas, suaviza la epidermis y favorece la renovaci\u00f3n de la piel, dej\u00e1ndola tersa y radiante.<\/p>","protected":false},"excerpt":{"rendered":"<p>\u041a\u0440\u0435\u043c\u043e\u043f\u043e\u0434\u0456\u0431\u043d\u0438\u0439 \u043f\u0456\u043b\u0456\u043d\u0433-\u0441\u043a\u0440\u0430\u0431, \u043f\u0440\u0438\u0437\u043d\u0430\u0447\u0435\u043d\u0438\u0439 \u0434\u043b\u044f \u0435\u0444\u0435\u043a\u0442\u0438\u0432\u043d\u043e\u0433\u043e \u0432\u0456\u0434\u043b\u0443\u0449\u0443\u0432\u0430\u043d\u043d\u044f \u0442\u0430 \u043e\u0447\u0438\u0449\u0435\u043d\u043d\u044f \u0448\u043a\u0456\u0440\u0438 \u0432\u0456\u0434 \u043e\u0440\u043e\u0433\u043e\u0432\u0456\u043b\u0438\u0445 \u043a\u043b\u0456\u0442\u0438\u043d. \u0417\u0430\u0432\u0434\u044f\u043a\u0438 \u0432\u043c\u0456\u0441\u0442\u0443 \u043c\u0456\u043a\u0440\u043e\u0447\u0430\u0441\u0442\u0438\u043d\u043e\u043a \u043e\u043b\u0456\u0457 \u0436\u043e\u0436\u043e\u0431\u0430, \u0437\u0430\u0441\u0456\u0431 \u043c&#8217;\u044f\u043a\u043e \u0432\u0438\u0434\u0430\u043b\u044f\u0454<\/p>","protected":false},"featured_media":9197,"comment_status":"closed","ping_status":"closed","template":"","meta":{"_acf_changed":false},"product_brand":[],"product_cat":[80],"product_tag":[],"class_list":{"0":"post-3339","1":"product","2":"type-product","3":"status-publish","4":"has-post-thumbnail","6":"product_cat-piling-dlya-oblychchya","8":"first","9":"instock","10":"product-type-simple"},"acf":[],"_links":{"self":[{"href":"https:\/\/glamu.com.ua\/es\/wp-json\/wp\/v2\/product\/3339","targetHints":{"allow":["GET"]}}],"collection":[{"href":"https:\/\/glamu.com.ua\/es\/wp-json\/wp\/v2\/product"}],"about":[{"href":"https:\/\/glamu.com.ua\/es\/wp-json\/wp\/v2\/types\/product"}],"replies":[{"embeddable":true,"href":"https:\/\/glamu.com.ua\/es\/wp-json\/wp\/v2\/comments?post=3339"}],"version-history":[{"count":2,"href":"https:\/\/glamu.com.ua\/es\/wp-json\/wp\/v2\/product\/3339\/revisions"}],"predecessor-version":[{"id":9195,"href":"https:\/\/glamu.com.ua\/es\/wp-json\/wp\/v2\/product\/3339\/revisions\/9195"}],"wp:featuredmedia":[{"embeddable":true,"href":"https:\/\/glamu.com.ua\/es\/wp-json\/wp\/v2\/media\/9197"}],"wp:attachment":[{"href":"https:\/\/glamu.com.ua\/es\/wp-json\/wp\/v2\/media?parent=3339"}],"wp:term":[{"taxonomy":"product_brand","embeddable":true,"href":"https:\/\/glamu.com.ua\/es\/wp-json\/wp\/v2\/product_brand?post=3339"},{"taxonomy":"product_cat","embeddable":true,"href":"https:\/\/glamu.com.ua\/es\/wp-json\/wp\/v2\/product_cat?post=3339"},{"taxonomy":"product_tag","embeddable":true,"href":"https:\/\/glamu.com.ua\/es\/wp-json\/wp\/v2\/product_tag?post=3339"}],"curies":[{"name":"wp","href":"https:\/\/api.w.org\/{rel}","templated":true}]}}