{"id":3337,"date":"2025-09-25T15:44:56","date_gmt":"2025-09-25T12:44:56","guid":{"rendered":"https:\/\/glamu.com.ua\/shop\/\u0431\u0435\u0437%20\u043a\u0430\u0442\u0435\u0433\u043e\u0440\u0456\u0457\/krem-liftyng-dlya-konturu-ochej-skeyndor-lift-definition-eye-contour-cream-15-ml\/"},"modified":"2025-10-19T19:54:42","modified_gmt":"2025-10-19T16:54:42","slug":"krem-liftyng-dlya-konturu-ochej-skeyndor-lift-definition-eye-contour-cream-15-ml","status":"publish","type":"product","link":"https:\/\/glamu.com.ua\/es\/tienda\/doglyad-para-oblychchyam\/crema\/krem-dlya-oblychchya\/krem-liftyng-dlya-konturu-ochej-skeyndor-lift-definition-eye-contour-cream-15-ml\/","title":{"rendered":"Skeyndor Lift Definition Crema Contorno de Ojos 15 ml"},"content":{"rendered":"<p>Una crema lifting para el contorno de ojos, creada espec\u00edficamente para el cuidado intensivo de la piel madura. Su f\u00f3rmula \u00fanica impresiona con un complejo de ingredientes activos que act\u00faan para mejorar la elasticidad de la piel e hidratarla en profundidad.<\/p>","protected":false},"excerpt":{"rendered":"<p>\u041a\u0440\u0435\u043c-\u043b\u0456\u0444\u0442\u0438\u043d\u0433 \u0434\u043b\u044f \u043a\u043e\u043d\u0442\u0443\u0440\u0443 \u043e\u0447\u0435\u0439, \u0441\u0442\u0432\u043e\u0440\u0435\u043d\u0438\u0439 \u0441\u043f\u0435\u0446\u0456\u0430\u043b\u044c\u043d\u043e \u0434\u043b\u044f \u0456\u043d\u0442\u0435\u043d\u0441\u0438\u0432\u043d\u043e\u0433\u043e \u0434\u043e\u0433\u043b\u044f\u0434\u0443 \u0437\u0430 \u0437\u0440\u0456\u043b\u043e\u044e \u0448\u043a\u0456\u0440\u043e\u044e. \u0419\u043e\u0433\u043e \u0443\u043d\u0456\u043a\u0430\u043b\u044c\u043d\u0430 \u0444\u043e\u0440\u043c\u0443\u043b\u0430 \u0432\u0440\u0430\u0436\u0430\u0454 \u043a\u043e\u043c\u043f\u043b\u0435\u043a\u0441\u043e\u043c \u0430\u043a\u0442\u0438\u0432\u043d\u0438\u0445 \u0440\u0435\u0447\u043e\u0432\u0438\u043d, \u0449\u043e<\/p>","protected":false},"featured_media":4155,"comment_status":"closed","ping_status":"closed","template":"","meta":{"_acf_changed":false},"product_brand":[],"product_cat":[79],"product_tag":[],"class_list":{"0":"post-3337","1":"product","2":"type-product","3":"status-publish","4":"has-post-thumbnail","6":"product_cat-krem-dlya-oblychchya","8":"first","9":"instock","10":"product-type-simple"},"acf":[],"_links":{"self":[{"href":"https:\/\/glamu.com.ua\/es\/wp-json\/wp\/v2\/product\/3337","targetHints":{"allow":["GET"]}}],"collection":[{"href":"https:\/\/glamu.com.ua\/es\/wp-json\/wp\/v2\/product"}],"about":[{"href":"https:\/\/glamu.com.ua\/es\/wp-json\/wp\/v2\/types\/product"}],"replies":[{"embeddable":true,"href":"https:\/\/glamu.com.ua\/es\/wp-json\/wp\/v2\/comments?post=3337"}],"version-history":[{"count":0,"href":"https:\/\/glamu.com.ua\/es\/wp-json\/wp\/v2\/product\/3337\/revisions"}],"wp:featuredmedia":[{"embeddable":true,"href":"https:\/\/glamu.com.ua\/es\/wp-json\/wp\/v2\/media\/4155"}],"wp:attachment":[{"href":"https:\/\/glamu.com.ua\/es\/wp-json\/wp\/v2\/media?parent=3337"}],"wp:term":[{"taxonomy":"product_brand","embeddable":true,"href":"https:\/\/glamu.com.ua\/es\/wp-json\/wp\/v2\/product_brand?post=3337"},{"taxonomy":"product_cat","embeddable":true,"href":"https:\/\/glamu.com.ua\/es\/wp-json\/wp\/v2\/product_cat?post=3337"},{"taxonomy":"product_tag","embeddable":true,"href":"https:\/\/glamu.com.ua\/es\/wp-json\/wp\/v2\/product_tag?post=3337"}],"curies":[{"name":"wp","href":"https:\/\/api.w.org\/{rel}","templated":true}]}}