{"id":3322,"date":"2025-09-15T16:28:44","date_gmt":"2025-09-15T13:28:44","guid":{"rendered":"https:\/\/glamu.com.ua\/shop\/\u0431\u0435\u0437%20\u043a\u0430\u0442\u0435\u0433\u043e\u0440\u0456\u0457\/vidnovlyuyuchyj-shampun-dlya-poshkodzhenogo-volossya-insight-damaged-hair-resctructurizing-shampoo-100-ml\/"},"modified":"2026-03-31T06:03:37","modified_gmt":"2026-03-31T03:03:37","slug":"vidnovlyuyuchyj-shampun-dlya-poshkodzhenogo-volossya-insight-damaged-hair-resctructurizing-shampoo-100-ml","status":"publish","type":"product","link":"https:\/\/glamu.com.ua\/es\/tienda\/doglyad-za-volossyam\/shampun\/vidnovlyuyuchyj-shampun-dlya-poshkodzhenogo-volossya-insight-damaged-hair-resctructurizing-shampoo-100-ml\/","title":{"rendered":"\u0412\u0456\u0434\u043d\u043e\u0432\u043b\u044e\u044e\u0447\u0438\u0439 \u0448\u0430\u043c\u043f\u0443\u043d\u044c \u0434\u043b\u044f \u043f\u043e\u0448\u043a\u043e\u0434\u0436\u0435\u043d\u043e\u0433\u043e \u0432\u043e\u043b\u043e\u0441\u0441\u044f Insight Damaged Hair Resctructurizing Shampoo 100 \u043c\u043b"},"content":{"rendered":"<p>Champ\u00fa que restaura el cabello gracias a una f\u00f3rmula nutritiva rica en principios activos. Alisa las fibras capilares, realzando su brillo. Un producto para cabellos da\u00f1ados y estresados. Contiene extracto de germen de trigo ecol\u00f3gico y un fitocomplejo regenerador (aceite de oliva, aceite de arg\u00e1n, aceite de salvado de arroz).<\/p>","protected":false},"excerpt":{"rendered":"<p>\u0428\u0430\u043c\u043f\u0443\u043d\u044c, \u0449\u043e \u0432\u0456\u0434\u043d\u043e\u0432\u043b\u044e\u0454 \u0432\u043e\u043b\u043e\u0441\u0441\u044f \u0437\u0430\u0432\u0434\u044f\u043a\u0438 \u0436\u0438\u0432\u0438\u043b\u044c\u043d\u0456\u0439 \u0444\u043e\u0440\u043c\u0443\u043b\u0456, \u0431\u0430\u0433\u0430\u0442\u0456\u0439 \u0430\u043a\u0442\u0438\u0432\u043d\u0438\u043c\u0438 \u0456\u043d\u0433\u0440\u0435\u0434\u0456\u0454\u043d\u0442\u0430\u043c\u0438. \u0420\u043e\u0437\u0433\u043b\u0430\u0434\u0436\u0443\u0454 \u0432\u043e\u043b\u043e\u043a\u043d\u0430 \u0432\u043e\u043b\u043e\u0441\u0441\u044f, \u043f\u043e\u0441\u0438\u043b\u044e\u044e\u0447\u0438 \u0439\u043e\u0433\u043e \u0431\u043b\u0438\u0441\u043a. \u0417\u0430\u0441\u0456\u0431 \u0434\u043b\u044f \u043f\u043e\u0448\u043a\u043e\u0434\u0436\u0435\u043d\u043e\u0433\u043e, \u043f\u0456\u0434\u0434\u0430\u043d\u043e\u0433\u043e<\/p>","protected":false},"featured_media":9403,"comment_status":"closed","ping_status":"closed","template":"","meta":{"_acf_changed":false},"product_brand":[],"product_cat":[279],"product_tag":[],"class_list":{"0":"post-3322","1":"product","2":"type-product","3":"status-publish","4":"has-post-thumbnail","6":"product_cat-shampun","8":"first","9":"instock","10":"purchasable","11":"product-type-simple"},"acf":[],"_links":{"self":[{"href":"https:\/\/glamu.com.ua\/es\/wp-json\/wp\/v2\/product\/3322","targetHints":{"allow":["GET"]}}],"collection":[{"href":"https:\/\/glamu.com.ua\/es\/wp-json\/wp\/v2\/product"}],"about":[{"href":"https:\/\/glamu.com.ua\/es\/wp-json\/wp\/v2\/types\/product"}],"replies":[{"embeddable":true,"href":"https:\/\/glamu.com.ua\/es\/wp-json\/wp\/v2\/comments?post=3322"}],"version-history":[{"count":1,"href":"https:\/\/glamu.com.ua\/es\/wp-json\/wp\/v2\/product\/3322\/revisions"}],"predecessor-version":[{"id":6681,"href":"https:\/\/glamu.com.ua\/es\/wp-json\/wp\/v2\/product\/3322\/revisions\/6681"}],"wp:featuredmedia":[{"embeddable":true,"href":"https:\/\/glamu.com.ua\/es\/wp-json\/wp\/v2\/media\/9403"}],"wp:attachment":[{"href":"https:\/\/glamu.com.ua\/es\/wp-json\/wp\/v2\/media?parent=3322"}],"wp:term":[{"taxonomy":"product_brand","embeddable":true,"href":"https:\/\/glamu.com.ua\/es\/wp-json\/wp\/v2\/product_brand?post=3322"},{"taxonomy":"product_cat","embeddable":true,"href":"https:\/\/glamu.com.ua\/es\/wp-json\/wp\/v2\/product_cat?post=3322"},{"taxonomy":"product_tag","embeddable":true,"href":"https:\/\/glamu.com.ua\/es\/wp-json\/wp\/v2\/product_tag?post=3322"}],"curies":[{"name":"wp","href":"https:\/\/api.w.org\/{rel}","templated":true}]}}