{"id":3311,"date":"2025-09-15T16:27:28","date_gmt":"2025-09-15T13:27:28","guid":{"rendered":"https:\/\/glamu.com.ua\/shop\/\u0431\u0435\u0437%20\u043a\u0430\u0442\u0435\u0433\u043e\u0440\u0456\u0457\/antyoksydantnyj-tonizuyuchyj-kondyczioner-dlya-volossya-insight-antioxidant-rejuvenating-conditioner-400-ml\/"},"modified":"2026-03-31T05:36:45","modified_gmt":"2026-03-31T02:36:45","slug":"antyoksydantnyj-tonizuyuchyj-kondyczioner-dlya-volossya-insight-antioxidant-rejuvenating-conditioner-400-ml","status":"publish","type":"product","link":"https:\/\/glamu.com.ua\/es\/tienda\/doglyad-za-volossyam\/kondyczioner-dlya-volossya\/antyoksydantnyj-tonizuyuchyj-kondyczioner-dlya-volossya-insight-antioxidant-rejuvenating-conditioner-400-ml\/","title":{"rendered":"Insight Acondicionador Rejuvenecedor Antioxidante 400 ml"},"content":{"rendered":"<p>La f\u00f3rmula de este acondicionador tonifica y fortalece las fibras capilares desde la ra\u00edz para un cabello m\u00e1s resistente, brillante y protegido. Desenreda el cabello sin apelmazarlo. La f\u00f3rmula est\u00e1 dise\u00f1ada para nutrir y proteger todo tipo de cabellos. Contiene extracto de zanahoria org\u00e1nica y fitocomplejo antioxidante (aceite de soja, aceite de jojoba, aceite de avellana).<\/p>","protected":false},"excerpt":{"rendered":"<p>\u0424\u043e\u0440\u043c\u0443\u043b\u0430 \u0446\u044c\u043e\u0433\u043e \u043a\u043e\u043d\u0434\u0438\u0446\u0456\u043e\u043d\u0435\u0440\u0430 \u0442\u043e\u043d\u0456\u0437\u0443\u0454 \u0456 \u0437\u043c\u0456\u0446\u043d\u044e\u0454 \u0432\u043e\u043b\u043e\u043a\u043d\u0430 \u0432\u043e\u043b\u043e\u0441\u0441\u044f \u0432\u0456\u0434 \u043a\u043e\u0440\u0435\u043d\u0456\u0432, \u0434\u043b\u044f \u0431\u0456\u043b\u044c\u0448 \u0441\u0442\u0456\u0439\u043a\u043e\u0433\u043e, \u0431\u043b\u0438\u0441\u043a\u0443\u0447\u043e\u0433\u043e, \u0437\u0430\u0445\u0438\u0449\u0435\u043d\u043e\u0433\u043e \u0432\u043e\u043b\u043e\u0441\u0441\u044f. \u0420\u043e\u0437\u043f\u043b\u0443\u0442\u0443\u0454 \u0432\u043e\u043b\u043e\u0441\u0441\u044f, \u043d\u0435 \u043e\u0431\u0442\u044f\u0436\u0443\u044e\u0447\u0438<\/p>","protected":false},"featured_media":9356,"comment_status":"closed","ping_status":"closed","template":"","meta":{"_acf_changed":false},"product_brand":[],"product_cat":[320],"product_tag":[],"class_list":{"0":"post-3311","1":"product","2":"type-product","3":"status-publish","4":"has-post-thumbnail","6":"product_cat-kondyczioner-dlya-volossya","8":"first","9":"instock","10":"purchasable","11":"product-type-simple"},"acf":[],"_links":{"self":[{"href":"https:\/\/glamu.com.ua\/es\/wp-json\/wp\/v2\/product\/3311","targetHints":{"allow":["GET"]}}],"collection":[{"href":"https:\/\/glamu.com.ua\/es\/wp-json\/wp\/v2\/product"}],"about":[{"href":"https:\/\/glamu.com.ua\/es\/wp-json\/wp\/v2\/types\/product"}],"replies":[{"embeddable":true,"href":"https:\/\/glamu.com.ua\/es\/wp-json\/wp\/v2\/comments?post=3311"}],"version-history":[{"count":1,"href":"https:\/\/glamu.com.ua\/es\/wp-json\/wp\/v2\/product\/3311\/revisions"}],"predecessor-version":[{"id":6676,"href":"https:\/\/glamu.com.ua\/es\/wp-json\/wp\/v2\/product\/3311\/revisions\/6676"}],"wp:featuredmedia":[{"embeddable":true,"href":"https:\/\/glamu.com.ua\/es\/wp-json\/wp\/v2\/media\/9356"}],"wp:attachment":[{"href":"https:\/\/glamu.com.ua\/es\/wp-json\/wp\/v2\/media?parent=3311"}],"wp:term":[{"taxonomy":"product_brand","embeddable":true,"href":"https:\/\/glamu.com.ua\/es\/wp-json\/wp\/v2\/product_brand?post=3311"},{"taxonomy":"product_cat","embeddable":true,"href":"https:\/\/glamu.com.ua\/es\/wp-json\/wp\/v2\/product_cat?post=3311"},{"taxonomy":"product_tag","embeddable":true,"href":"https:\/\/glamu.com.ua\/es\/wp-json\/wp\/v2\/product_tag?post=3311"}],"curies":[{"name":"wp","href":"https:\/\/api.w.org\/{rel}","templated":true}]}}