{"id":3301,"date":"2025-09-15T16:26:36","date_gmt":"2025-09-15T13:26:36","guid":{"rendered":"https:\/\/glamu.com.ua\/shop\/\u0431\u0435\u0437%20\u043a\u0430\u0442\u0435\u0433\u043e\u0440\u0456\u0457\/maska-dlya-zahystu-koloru-farbovanogo-volossya-insight-colored-hair-protective-mask-250-ml\/"},"modified":"2026-03-31T08:54:03","modified_gmt":"2026-03-31T05:54:03","slug":"mascarilla-para-la-proteccion-del-color-del-cabello-farbovanana-insight-cabello-tenido-mascarilla-protectora-250-ml","status":"publish","type":"product","link":"https:\/\/glamu.com.ua\/es\/tienda\/doglyad-za-volossyam\/maska-dlya-volossya\/mascarilla-para-la-proteccion-del-color-del-cabello-farbovanana-insight-cabello-tenido-mascarilla-protectora-250-ml\/","title":{"rendered":"Insight Mascarilla protectora para cabellos coloreados 250 ml para cabellos coloreados 250 ml"},"content":{"rendered":"<p>Mascarilla protectora antioxidante. Nutre intensamente, protege el cabello y prolonga la duraci\u00f3n del color. Dise\u00f1ada para proteger la intensidad y el brillo del cabello te\u00f1ido. Contiene extracto de macadamia org\u00e1nica, as\u00ed como un fitocomplejo para la protecci\u00f3n del color (extracto de henna, aceite de mango, aceite de semilla de uva).<\/p>","protected":false},"excerpt":{"rendered":"<p>\u0417\u0430\u0445\u0438\u0441\u043d\u0430 \u0430\u043d\u0442\u0438\u043e\u043a\u0441\u0438\u0434\u0430\u043d\u0442\u043d\u0430 \u043c\u0430\u0441\u043a\u0430. \u0417\u0430\u0431\u0435\u0437\u043f\u0435\u0447\u0443\u0454 \u0456\u043d\u0442\u0435\u043d\u0441\u0438\u0432\u043d\u0435 \u0436\u0438\u0432\u043b\u0435\u043d\u043d\u044f, \u0437\u0430\u0445\u0438\u0449\u0430\u0454 \u0432\u043e\u043b\u043e\u0441\u0441\u044f \u0442\u0430 \u043f\u0440\u043e\u0434\u043e\u0432\u0436\u0443\u0454 \u0436\u0438\u0442\u0442\u044f \u0439\u043e\u0433\u043e \u043a\u043e\u043b\u044c\u043e\u0440\u0443. \u0420\u043e\u0437\u0440\u043e\u0431\u043b\u0435\u043d\u043e \u0434\u043b\u044f \u0437\u0430\u0445\u0438\u0441\u0442\u0443 \u0456\u043d\u0442\u0435\u043d\u0441\u0438\u0432\u043d\u043e\u0441\u0442\u0456 \u0442\u0430 \u0432\u0456\u0434\u0431\u043b\u0438\u0441\u043a\u0456\u0432 \u0444\u0430\u0440\u0431\u043e\u0432\u0430\u043d\u043e\u0433\u043e<\/p>","protected":false},"featured_media":9582,"comment_status":"closed","ping_status":"closed","template":"","meta":{"_acf_changed":false},"product_brand":[],"product_cat":[298],"product_tag":[],"class_list":{"0":"post-3301","1":"product","2":"type-product","3":"status-publish","4":"has-post-thumbnail","6":"product_cat-maska-dlya-volossya","8":"first","9":"instock","10":"purchasable","11":"product-type-simple"},"acf":[],"_links":{"self":[{"href":"https:\/\/glamu.com.ua\/es\/wp-json\/wp\/v2\/product\/3301","targetHints":{"allow":["GET"]}}],"collection":[{"href":"https:\/\/glamu.com.ua\/es\/wp-json\/wp\/v2\/product"}],"about":[{"href":"https:\/\/glamu.com.ua\/es\/wp-json\/wp\/v2\/types\/product"}],"replies":[{"embeddable":true,"href":"https:\/\/glamu.com.ua\/es\/wp-json\/wp\/v2\/comments?post=3301"}],"version-history":[{"count":1,"href":"https:\/\/glamu.com.ua\/es\/wp-json\/wp\/v2\/product\/3301\/revisions"}],"predecessor-version":[{"id":6671,"href":"https:\/\/glamu.com.ua\/es\/wp-json\/wp\/v2\/product\/3301\/revisions\/6671"}],"wp:featuredmedia":[{"embeddable":true,"href":"https:\/\/glamu.com.ua\/es\/wp-json\/wp\/v2\/media\/9582"}],"wp:attachment":[{"href":"https:\/\/glamu.com.ua\/es\/wp-json\/wp\/v2\/media?parent=3301"}],"wp:term":[{"taxonomy":"product_brand","embeddable":true,"href":"https:\/\/glamu.com.ua\/es\/wp-json\/wp\/v2\/product_brand?post=3301"},{"taxonomy":"product_cat","embeddable":true,"href":"https:\/\/glamu.com.ua\/es\/wp-json\/wp\/v2\/product_cat?post=3301"},{"taxonomy":"product_tag","embeddable":true,"href":"https:\/\/glamu.com.ua\/es\/wp-json\/wp\/v2\/product_tag?post=3301"}],"curies":[{"name":"wp","href":"https:\/\/api.w.org\/{rel}","templated":true}]}}