{"id":3282,"date":"2025-09-15T16:25:14","date_gmt":"2025-09-15T13:25:14","guid":{"rendered":"https:\/\/glamu.com.ua\/shop\/\u0431\u0435\u0437%20\u043a\u0430\u0442\u0435\u0433\u043e\u0440\u0456\u0457\/maska-energetychna-dlya-shhodennogo-zastosuvannya-insight-energizing-mask-250-ml\/"},"modified":"2026-03-31T09:03:45","modified_gmt":"2026-03-31T06:03:45","slug":"mascarilla-energizante-insight-250-ml-para-champu","status":"publish","type":"product","link":"https:\/\/glamu.com.ua\/es\/tienda\/doglyad-za-volossyam\/maska-dlya-volossya\/mascarilla-energizante-insight-250-ml-para-champu\/","title":{"rendered":"Mascarilla energ\u00e9tica de uso diario Insight Energising Mask 250 ml"},"content":{"rendered":"<p>Mascarilla regeneradora para una hidrataci\u00f3n uniforme sin apelmazar el cabello. Dise\u00f1ada para nutrir todo tipo de cabellos. Contiene extracto de lim\u00f3n ecol\u00f3gico y fitocomplejo energ\u00e9tico (aceite de albaricoque, aceite de girasol y aceite de germen de ma\u00edz).<\/p>","protected":false},"excerpt":{"rendered":"<p>\u0412\u0456\u0434\u043d\u043e\u0432\u043b\u044e\u044e\u0447\u0430 \u043c\u0430\u0441\u043a\u0430 \u0434\u043b\u044f \u0440\u0456\u0432\u043d\u043e\u043c\u0456\u0440\u043d\u043e\u0433\u043e \u0437\u0432\u043e\u043b\u043e\u0436\u0435\u043d\u043d\u044f, \u043d\u0435 \u043e\u0431\u0442\u044f\u0436\u0443\u044e\u0447\u0438 \u0432\u043e\u043b\u043e\u0441\u0441\u044f. \u041f\u0440\u0438\u0437\u043d\u0430\u0447\u0435\u043d\u0430 \u0434\u043b\u044f \u0436\u0438\u0432\u043b\u0435\u043d\u043d\u044f \u0432\u0441\u0456\u0445 \u0442\u0438\u043f\u0456\u0432 \u0432\u043e\u043b\u043e\u0441\u0441\u044f. \u041c\u0456\u0441\u0442\u0438\u0442\u044c \u043e\u0440\u0433\u0430\u043d\u0456\u0447\u043d\u0438\u0439 \u0435\u043a\u0441\u0442\u0440\u0430\u043a\u0442 \u043b\u0438\u043c\u043e\u043d\u0430 \u0442\u0430 \u0435\u043d\u0435\u0440\u0433\u0435\u0442\u0438\u0447\u043d\u0438\u0439<\/p>","protected":false},"featured_media":9596,"comment_status":"closed","ping_status":"closed","template":"","meta":{"_acf_changed":false},"product_brand":[],"product_cat":[298],"product_tag":[],"class_list":{"0":"post-3282","1":"product","2":"type-product","3":"status-publish","4":"has-post-thumbnail","6":"product_cat-maska-dlya-volossya","8":"first","9":"instock","10":"purchasable","11":"product-type-simple"},"acf":[],"_links":{"self":[{"href":"https:\/\/glamu.com.ua\/es\/wp-json\/wp\/v2\/product\/3282","targetHints":{"allow":["GET"]}}],"collection":[{"href":"https:\/\/glamu.com.ua\/es\/wp-json\/wp\/v2\/product"}],"about":[{"href":"https:\/\/glamu.com.ua\/es\/wp-json\/wp\/v2\/types\/product"}],"replies":[{"embeddable":true,"href":"https:\/\/glamu.com.ua\/es\/wp-json\/wp\/v2\/comments?post=3282"}],"version-history":[{"count":1,"href":"https:\/\/glamu.com.ua\/es\/wp-json\/wp\/v2\/product\/3282\/revisions"}],"predecessor-version":[{"id":6662,"href":"https:\/\/glamu.com.ua\/es\/wp-json\/wp\/v2\/product\/3282\/revisions\/6662"}],"wp:featuredmedia":[{"embeddable":true,"href":"https:\/\/glamu.com.ua\/es\/wp-json\/wp\/v2\/media\/9596"}],"wp:attachment":[{"href":"https:\/\/glamu.com.ua\/es\/wp-json\/wp\/v2\/media?parent=3282"}],"wp:term":[{"taxonomy":"product_brand","embeddable":true,"href":"https:\/\/glamu.com.ua\/es\/wp-json\/wp\/v2\/product_brand?post=3282"},{"taxonomy":"product_cat","embeddable":true,"href":"https:\/\/glamu.com.ua\/es\/wp-json\/wp\/v2\/product_cat?post=3282"},{"taxonomy":"product_tag","embeddable":true,"href":"https:\/\/glamu.com.ua\/es\/wp-json\/wp\/v2\/product_tag?post=3282"}],"curies":[{"name":"wp","href":"https:\/\/api.w.org\/{rel}","templated":true}]}}