{"id":3177,"date":"2025-09-15T16:10:00","date_gmt":"2025-09-15T13:10:00","guid":{"rendered":"https:\/\/glamu.com.ua\/shop\/\u0431\u0435\u0437%20\u043a\u0430\u0442\u0435\u0433\u043e\u0440\u0456\u0457\/osvitlyuvalna-zvolozhuvalna-pre-syrovatka-academie-white-derm-acte-brightening-hydrating-first-care-serum-200-ml\/"},"modified":"2025-11-24T23:39:58","modified_gmt":"2025-11-24T21:39:58","slug":"osvitlyuvanna-zvolozhuvanna-pre-syrovatka-academie-white-derm-acte-brightening-hydrating-first-care-serum-200-ml","status":"publish","type":"product","link":"https:\/\/glamu.com.ua\/es\/tienda\/doglyad-para-oblychchyam\/syrovatka-dlya-oblychchya\/osvitlyuvanna-zvolozhuvanna-pre-syrovatka-academie-white-derm-acte-brightening-hydrating-first-care-serum-200-ml\/","title":{"rendered":"Academie White Derm Acte Brightening Serum Hidratante Primeros Cuidados 200 ml"},"content":{"rendered":"<p>El Pre-Serum Luminoso combina lo mejor de varios tipos de cuidados. Su textura es tan ligera como la de una loci\u00f3n, pero la concentraci\u00f3n de principios activos es la de un s\u00e9rum. El producto es f\u00e1cil de extender, se absorbe r\u00e1pidamente, hidrata la piel y aclara las manchas de la edad, y es adecuado para todo tipo de pieles.<\/p>","protected":false},"excerpt":{"rendered":"<p>\u041e\u0441\u0432\u0456\u0442\u043b\u044e\u0432\u0430\u043b\u044c\u043d\u0430 \u0437\u0432\u043e\u043b\u043e\u0436\u0443\u0432\u0430\u043b\u044c\u043d\u0430 \u043f\u0440\u0435-\u0441\u0438\u0440\u043e\u0432\u0430\u0442\u043a\u0430 \u00ab\u041f\u0435\u0440\u0448\u0438\u0439 \u0434\u043e\u0433\u043b\u044f\u0434\u00bb \u043f\u043e\u0454\u0434\u043d\u0443\u0454 \u0443 \u0441\u043e\u0431\u0456 \u043d\u0430\u0439\u043a\u0440\u0430\u0449\u0435 \u0432\u0456\u0434 \u0434\u0435\u043a\u0456\u043b\u044c\u043a\u043e\u0445 \u0432\u0438\u0434\u0456\u0432 \u0434\u043e\u0433\u043b\u044f\u0434\u043e\u0432\u0438\u0445 \u0437\u0430\u0441\u043e\u0431\u0456\u0432. \u0417\u0430 \u0442\u0435\u043a\u0441\u0442\u0443\u0440\u043e\u044e \u0432\u043e\u043d\u0430 \u043b\u0435\u0433\u043a\u0430, \u044f\u043a \u043b\u043e\u0441\u044c\u0439\u043e\u043d,<\/p>","protected":false},"featured_media":4010,"comment_status":"closed","ping_status":"closed","template":"","meta":{"_acf_changed":false},"product_brand":[],"product_cat":[83],"product_tag":[],"class_list":{"0":"post-3177","1":"product","2":"type-product","3":"status-publish","4":"has-post-thumbnail","6":"product_cat-syrovatka-dlya-oblychchya","8":"first","9":"instock","10":"purchasable","11":"product-type-simple"},"acf":[],"_links":{"self":[{"href":"https:\/\/glamu.com.ua\/es\/wp-json\/wp\/v2\/product\/3177","targetHints":{"allow":["GET"]}}],"collection":[{"href":"https:\/\/glamu.com.ua\/es\/wp-json\/wp\/v2\/product"}],"about":[{"href":"https:\/\/glamu.com.ua\/es\/wp-json\/wp\/v2\/types\/product"}],"replies":[{"embeddable":true,"href":"https:\/\/glamu.com.ua\/es\/wp-json\/wp\/v2\/comments?post=3177"}],"version-history":[{"count":1,"href":"https:\/\/glamu.com.ua\/es\/wp-json\/wp\/v2\/product\/3177\/revisions"}],"predecessor-version":[{"id":7094,"href":"https:\/\/glamu.com.ua\/es\/wp-json\/wp\/v2\/product\/3177\/revisions\/7094"}],"wp:featuredmedia":[{"embeddable":true,"href":"https:\/\/glamu.com.ua\/es\/wp-json\/wp\/v2\/media\/4010"}],"wp:attachment":[{"href":"https:\/\/glamu.com.ua\/es\/wp-json\/wp\/v2\/media?parent=3177"}],"wp:term":[{"taxonomy":"product_brand","embeddable":true,"href":"https:\/\/glamu.com.ua\/es\/wp-json\/wp\/v2\/product_brand?post=3177"},{"taxonomy":"product_cat","embeddable":true,"href":"https:\/\/glamu.com.ua\/es\/wp-json\/wp\/v2\/product_cat?post=3177"},{"taxonomy":"product_tag","embeddable":true,"href":"https:\/\/glamu.com.ua\/es\/wp-json\/wp\/v2\/product_tag?post=3177"}],"curies":[{"name":"wp","href":"https:\/\/api.w.org\/{rel}","templated":true}]}}