{"id":3175,"date":"2025-09-15T16:09:58","date_gmt":"2025-09-15T13:09:58","guid":{"rendered":"https:\/\/glamu.com.ua\/shop\/\u0431\u0435\u0437%20\u043a\u0430\u0442\u0435\u0433\u043e\u0440\u0456\u0457\/podvijni-piling-patchi-academie-derm-acte-double-sided-peel-pads-30-ml\/"},"modified":"2026-03-30T22:18:38","modified_gmt":"2026-03-30T19:18:38","slug":"podvijni-piling-patchi-academie-derm-acte-almohadillas-peeling-doble-cara-30-ml","status":"publish","type":"product","link":"https:\/\/glamu.com.ua\/es\/tienda\/doglyad-para-oblychchyam\/apilamiento-dlya-oblychchya\/podvijni-piling-patchi-academie-derm-acte-almohadillas-peeling-doble-cara-30-ml\/","title":{"rendered":"Academie Derm Acte Almohadillas Peeling Doble Cara 30 ml"},"content":{"rendered":"<p>Los parches exfoliantes dobles limpian el rostro de impurezas y c\u00e9lulas muertas, dej\u00e1ndolo fresco y limpio. Hacen menos visibles la pigmentaci\u00f3n, el acn\u00e9 y las arrugas, y dejan la piel suave y radiante. Los parches exfoliantes tambi\u00e9n hidratan la piel y mejoran su barrera, alivian la irritaci\u00f3n y aceleran la curaci\u00f3n de la inflamaci\u00f3n. Los parches tienen dos caras: lisa y rugosa, en funci\u00f3n de la cual se puede controlar la intensidad de la exfoliaci\u00f3n.<\/p>","protected":false},"excerpt":{"rendered":"<p>\u041f\u043e\u0434\u0432\u0456\u0439\u043d\u0456 \u043f\u0456\u043b\u0456\u043d\u0433-\u043f\u0430\u0442\u0447\u0456 \u043e\u0447\u0438\u0449\u0430\u044e\u0442\u044c \u043e\u0431\u043b\u0438\u0447\u0447\u044f \u0432\u0456\u0434 \u0437\u0430\u0431\u0440\u0443\u0434\u043d\u0435\u043d\u044c \u0456 \u0432\u0456\u0434\u043c\u0435\u0440\u043b\u0438\u0445 \u043a\u043b\u0456\u0442\u0438\u043d, \u0434\u0430\u0440\u0443\u044e\u0442\u044c \u0432\u0456\u0434\u0447\u0443\u0442\u0442\u044f \u0441\u0432\u0456\u0436\u043e\u0441\u0442\u0456 \u0442\u0430 \u0447\u0438\u0441\u0442\u043e\u0442\u0438. \u0420\u043e\u0431\u043b\u044f\u0442\u044c \u043f\u0456\u0433\u043c\u0435\u043d\u0442\u0430\u0446\u0456\u044e, \u043f\u043e\u0441\u0442\u0430\u043a\u043d\u0435 \u0442\u0430 \u0437\u043c\u043e\u0440\u0448\u043a\u0438 \u043c\u0435\u043d\u0448<\/p>","protected":false},"featured_media":9213,"comment_status":"closed","ping_status":"closed","template":"","meta":{"_acf_changed":false},"product_brand":[],"product_cat":[80],"product_tag":[],"class_list":{"0":"post-3175","1":"product","2":"type-product","3":"status-publish","4":"has-post-thumbnail","6":"product_cat-piling-dlya-oblychchya","8":"first","9":"instock","10":"purchasable","11":"product-type-simple"},"acf":[],"_links":{"self":[{"href":"https:\/\/glamu.com.ua\/es\/wp-json\/wp\/v2\/product\/3175","targetHints":{"allow":["GET"]}}],"collection":[{"href":"https:\/\/glamu.com.ua\/es\/wp-json\/wp\/v2\/product"}],"about":[{"href":"https:\/\/glamu.com.ua\/es\/wp-json\/wp\/v2\/types\/product"}],"replies":[{"embeddable":true,"href":"https:\/\/glamu.com.ua\/es\/wp-json\/wp\/v2\/comments?post=3175"}],"version-history":[{"count":1,"href":"https:\/\/glamu.com.ua\/es\/wp-json\/wp\/v2\/product\/3175\/revisions"}],"predecessor-version":[{"id":7092,"href":"https:\/\/glamu.com.ua\/es\/wp-json\/wp\/v2\/product\/3175\/revisions\/7092"}],"wp:featuredmedia":[{"embeddable":true,"href":"https:\/\/glamu.com.ua\/es\/wp-json\/wp\/v2\/media\/9213"}],"wp:attachment":[{"href":"https:\/\/glamu.com.ua\/es\/wp-json\/wp\/v2\/media?parent=3175"}],"wp:term":[{"taxonomy":"product_brand","embeddable":true,"href":"https:\/\/glamu.com.ua\/es\/wp-json\/wp\/v2\/product_brand?post=3175"},{"taxonomy":"product_cat","embeddable":true,"href":"https:\/\/glamu.com.ua\/es\/wp-json\/wp\/v2\/product_cat?post=3175"},{"taxonomy":"product_tag","embeddable":true,"href":"https:\/\/glamu.com.ua\/es\/wp-json\/wp\/v2\/product_tag?post=3175"}],"curies":[{"name":"wp","href":"https:\/\/api.w.org\/{rel}","templated":true}]}}