{"id":3093,"date":"2025-09-15T16:09:38","date_gmt":"2025-09-15T13:09:38","guid":{"rendered":"https:\/\/glamu.com.ua\/shop\/\u0431\u0435\u0437%20\u043a\u0430\u0442\u0435\u0433\u043e\u0440\u0456\u0457\/ochyshhuvalna-glynyana-maska-academie-visage-purifying-mask-50-ml\/"},"modified":"2026-03-21T07:43:02","modified_gmt":"2026-03-21T05:43:02","slug":"ochyshuvalna-glynyana-mascarilla-academie-visage-mascarilla-purificante-50-ml","status":"publish","type":"product","link":"https:\/\/glamu.com.ua\/es\/tienda\/doglyad-para-oblychchyam\/maska-dlya-oblychchya\/ochyshuvalna-glynyana-mascarilla-academie-visage-mascarilla-purificante-50-ml\/","title":{"rendered":"Academie Visage Mascarilla de Arcilla Purificante 50 ml"},"content":{"rendered":"<p>La mascarilla de arcilla purificante absorbe el exceso de sebo y otras impurezas, matifica la piel y unifica su tono y textura. Reduce la producci\u00f3n de sebo, cura las erupciones cut\u00e1neas, alivia la irritaci\u00f3n, el picor y las rojeces. Adecuada para mujeres y hombres con piel mixta, grasa y problem\u00e1tica.<\/p>","protected":false},"excerpt":{"rendered":"<p>\u041e\u0447\u0438\u0449\u0430\u044e\u0447\u0430 \u0433\u043b\u0438\u043d\u044f\u043d\u0430 \u043c\u0430\u0441\u043a\u0430 \u0432\u0431\u0438\u0440\u0430\u0454 \u043d\u0430\u0434\u043b\u0438\u0448\u043a\u0438 \u0441\u0435\u0431\u0443\u043c\u0443 \u0442\u0430 \u0456\u043d\u0448\u0456 \u0437\u0430\u0431\u0440\u0443\u0434\u043d\u0435\u043d\u043d\u044f, \u0440\u043e\u0431\u0438\u0442\u044c \u0448\u043a\u0456\u0440\u0443 \u043c\u0430\u0442\u043e\u0432\u043e\u044e, \u0432\u0438\u0440\u0456\u0432\u043d\u044e\u0454 \u0457\u0457 \u0442\u043e\u043d \u0442\u0430 \u0440\u0435\u043b\u044c\u0454\u0444. \u0417\u043d\u0438\u0436\u0443\u0454 \u0432\u0438\u0440\u043e\u0431\u043b\u0435\u043d\u043d\u044f \u0441\u0435\u0431\u0443\u043c\u0443,<\/p>","protected":false},"featured_media":8589,"comment_status":"closed","ping_status":"closed","template":"","meta":{"_acf_changed":false},"product_brand":[],"product_cat":[82],"product_tag":[],"class_list":{"0":"post-3093","1":"product","2":"type-product","3":"status-publish","4":"has-post-thumbnail","6":"product_cat-maska-dlya-oblychchya","8":"first","9":"instock","10":"purchasable","11":"product-type-simple"},"acf":[],"_links":{"self":[{"href":"https:\/\/glamu.com.ua\/es\/wp-json\/wp\/v2\/product\/3093","targetHints":{"allow":["GET"]}}],"collection":[{"href":"https:\/\/glamu.com.ua\/es\/wp-json\/wp\/v2\/product"}],"about":[{"href":"https:\/\/glamu.com.ua\/es\/wp-json\/wp\/v2\/types\/product"}],"replies":[{"embeddable":true,"href":"https:\/\/glamu.com.ua\/es\/wp-json\/wp\/v2\/comments?post=3093"}],"version-history":[{"count":2,"href":"https:\/\/glamu.com.ua\/es\/wp-json\/wp\/v2\/product\/3093\/revisions"}],"predecessor-version":[{"id":9158,"href":"https:\/\/glamu.com.ua\/es\/wp-json\/wp\/v2\/product\/3093\/revisions\/9158"}],"wp:featuredmedia":[{"embeddable":true,"href":"https:\/\/glamu.com.ua\/es\/wp-json\/wp\/v2\/media\/8589"}],"wp:attachment":[{"href":"https:\/\/glamu.com.ua\/es\/wp-json\/wp\/v2\/media?parent=3093"}],"wp:term":[{"taxonomy":"product_brand","embeddable":true,"href":"https:\/\/glamu.com.ua\/es\/wp-json\/wp\/v2\/product_brand?post=3093"},{"taxonomy":"product_cat","embeddable":true,"href":"https:\/\/glamu.com.ua\/es\/wp-json\/wp\/v2\/product_cat?post=3093"},{"taxonomy":"product_tag","embeddable":true,"href":"https:\/\/glamu.com.ua\/es\/wp-json\/wp\/v2\/product_tag?post=3093"}],"curies":[{"name":"wp","href":"https:\/\/api.w.org\/{rel}","templated":true}]}}