{"id":3079,"date":"2025-09-15T16:09:36","date_gmt":"2025-09-15T13:09:36","guid":{"rendered":"https:\/\/glamu.com.ua\/shop\/\u0431\u0435\u0437%20\u043a\u0430\u0442\u0435\u0433\u043e\u0440\u0456\u0457\/gipoalergennyj-tonik-academie-hypo-sensible-toner-400-ml\/"},"modified":"2025-11-24T23:39:41","modified_gmt":"2025-11-24T21:39:41","slug":"gipoalergennyj-tonik-academie-hypo-sensible-toner-400-ml","status":"publish","type":"product","link":"https:\/\/glamu.com.ua\/es\/tienda\/doglyad-para-oblychchyam\/tonik-dlya-oblychchya\/gipoalergennyj-tonik-academie-hypo-sensible-toner-400-ml\/","title":{"rendered":"Academie T\u00f3nico Hipoalerg\u00e9nico 400 ml t\u00f3nico hipoalerg\u00e9nico"},"content":{"rendered":"<p>\u0413\u0456\u043f\u043e\u0430\u043b\u0435\u0440\u0433\u0435\u043d\u043d\u0438\u0439 \u0442\u043e\u043d\u0456\u043a \u043d\u0435 \u043c\u0456\u0441\u0442\u0438\u0442\u044c \u0430\u0433\u0440\u0435\u0441\u0438\u0432\u043d\u0438\u0445 \u043a\u043e\u043c\u043f\u043e\u043d\u0435\u043d\u0442\u0456\u0432. \u041c&#8217;\u044f\u043a\u043e \u043e\u0447\u0438\u0449\u0430\u0454 \u0442\u0430 \u0436\u0438\u0432\u0438\u0442\u044c \u0448\u043a\u0456\u0440\u0443, \u0437\u043d\u0456\u043c\u0430\u0454 \u043f\u043e\u0434\u0440\u0430\u0437\u043d\u0435\u043d\u043d\u044f \u0442\u0430 \u043f\u043e\u0447\u0435\u0440\u0432\u043e\u043d\u0456\u043d\u043d\u044f. \u041f\u043e\u043a\u0440\u0430\u0449\u0443\u0454 \u0431\u0430\u0440&#8217;\u0454\u0440\u043d\u0456 \u0432\u043b\u0430\u0441\u0442\u0438\u0432\u043e\u0441\u0442\u0456 \u0435\u043f\u0456\u0434\u0435\u0440\u043c\u0456\u0441\u0443, \u0440\u043e\u0431\u0438\u0442\u044c \u0448\u043a\u0456\u0440\u0443 \u0441\u0442\u0456\u0439\u043a\u0456\u0448\u043e\u044e \u0434\u043e \u0430\u0433\u0440\u0435\u0441\u0438\u0432\u043d\u0438\u0445 \u0437\u043e\u0432\u043d\u0456\u0448\u043d\u0456\u0445 \u0444\u0430\u043a\u0442\u043e\u0440\u0456\u0432. \u0417\u0430\u043f\u0430\u043b\u0435\u043d\u043d\u044f \u043f\u0440\u043e\u0445\u043e\u0434\u044f\u0442\u044c \u0448\u0432\u0438\u0434\u0448\u0435 \u0456 \u0437&#8217;\u044f\u0432\u043b\u044f\u044e\u0442\u044c\u0441\u044f \u0440\u0456\u0434\u0448\u0435, \u043e\u0431\u043b\u0438\u0447\u0447\u044f \u0432\u0438\u0433\u043b\u044f\u0434\u0430\u0454 \u0437\u0434\u043e\u0440\u043e\u0432\u0438\u043c \u0442\u0430 \u0434\u043e\u0433\u043b\u044f\u043d\u0443\u0442\u0438\u043c. \u0422\u043e\u043d\u0456\u043a \u043f\u0456\u0434\u0445\u043e\u0434\u0438\u0442\u044c \u0434\u043b\u044f \u0447\u0443\u0442\u043b\u0438\u0432\u043e\u0457 \u200b\u200b\u0448\u043a\u0456\u0440\u0438 \u0431\u0443\u0434\u044c-\u044f\u043a\u043e\u0433\u043e \u0442\u0438\u043f\u0443.<\/p>","protected":false},"excerpt":{"rendered":"<p>\u0413\u0456\u043f\u043e\u0430\u043b\u0435\u0440\u0433\u0435\u043d\u043d\u0438\u0439 \u0442\u043e\u043d\u0456\u043a \u043d\u0435 \u043c\u0456\u0441\u0442\u0438\u0442\u044c \u0430\u0433\u0440\u0435\u0441\u0438\u0432\u043d\u0438\u0445 \u043a\u043e\u043c\u043f\u043e\u043d\u0435\u043d\u0442\u0456\u0432. \u041c&#8217;\u044f\u043a\u043e \u043e\u0447\u0438\u0449\u0430\u0454 \u0442\u0430 \u0436\u0438\u0432\u0438\u0442\u044c \u0448\u043a\u0456\u0440\u0443, \u0437\u043d\u0456\u043c\u0430\u0454 \u043f\u043e\u0434\u0440\u0430\u0437\u043d\u0435\u043d\u043d\u044f \u0442\u0430 \u043f\u043e\u0447\u0435\u0440\u0432\u043e\u043d\u0456\u043d\u043d\u044f. \u041f\u043e\u043a\u0440\u0430\u0449\u0443\u0454 \u0431\u0430\u0440&#8217;\u0454\u0440\u043d\u0456 \u0432\u043b\u0430\u0441\u0442\u0438\u0432\u043e\u0441\u0442\u0456 \u0435\u043f\u0456\u0434\u0435\u0440\u043c\u0456\u0441\u0443, \u0440\u043e\u0431\u0438\u0442\u044c<\/p>","protected":false},"featured_media":3965,"comment_status":"closed","ping_status":"closed","template":"","meta":{"_acf_changed":false},"product_brand":[],"product_cat":[78],"product_tag":[],"class_list":{"0":"post-3079","1":"product","2":"type-product","3":"status-publish","4":"has-post-thumbnail","6":"product_cat-tonik-dlya-oblychchya","8":"first","9":"instock","10":"purchasable","11":"product-type-simple"},"acf":[],"_links":{"self":[{"href":"https:\/\/glamu.com.ua\/es\/wp-json\/wp\/v2\/product\/3079","targetHints":{"allow":["GET"]}}],"collection":[{"href":"https:\/\/glamu.com.ua\/es\/wp-json\/wp\/v2\/product"}],"about":[{"href":"https:\/\/glamu.com.ua\/es\/wp-json\/wp\/v2\/types\/product"}],"replies":[{"embeddable":true,"href":"https:\/\/glamu.com.ua\/es\/wp-json\/wp\/v2\/comments?post=3079"}],"version-history":[{"count":1,"href":"https:\/\/glamu.com.ua\/es\/wp-json\/wp\/v2\/product\/3079\/revisions"}],"predecessor-version":[{"id":7032,"href":"https:\/\/glamu.com.ua\/es\/wp-json\/wp\/v2\/product\/3079\/revisions\/7032"}],"wp:featuredmedia":[{"embeddable":true,"href":"https:\/\/glamu.com.ua\/es\/wp-json\/wp\/v2\/media\/3965"}],"wp:attachment":[{"href":"https:\/\/glamu.com.ua\/es\/wp-json\/wp\/v2\/media?parent=3079"}],"wp:term":[{"taxonomy":"product_brand","embeddable":true,"href":"https:\/\/glamu.com.ua\/es\/wp-json\/wp\/v2\/product_brand?post=3079"},{"taxonomy":"product_cat","embeddable":true,"href":"https:\/\/glamu.com.ua\/es\/wp-json\/wp\/v2\/product_cat?post=3079"},{"taxonomy":"product_tag","embeddable":true,"href":"https:\/\/glamu.com.ua\/es\/wp-json\/wp\/v2\/product_tag?post=3079"}],"curies":[{"name":"wp","href":"https:\/\/api.w.org\/{rel}","templated":true}]}}