{"id":3030,"date":"2025-09-15T15:59:39","date_gmt":"2025-09-15T12:59:39","guid":{"rendered":"https:\/\/glamu.com.ua\/shop\/\u0431\u0435\u0437%20\u043a\u0430\u0442\u0435\u0433\u043e\u0440\u0456\u0457\/vitaminno-mineralnyj-kompleks-dlya-pokrashhennya-rostu-ta-vidnovlennya-struktury-volossya-dsd-de-luxe-8-0-complete-capsules-60-kapsul\/"},"modified":"2026-03-29T22:57:52","modified_gmt":"2026-03-29T19:57:52","slug":"complejo-vitaminico-mineral-para-la-restauracion-del-crecimiento-del-cabello-y-la-renovacion-de-la-estructura-del-tallo-piloso-dsd-de-luxe-8-0-capsulas-completas-60-capsulas","status":"publish","type":"product","link":"https:\/\/glamu.com.ua\/es\/tienda\/doglyad-za-tilom\/complejo-vitaminico-mineral-para-la-restauracion-del-crecimiento-del-cabello-y-la-renovacion-de-la-estructura-del-tallo-piloso-dsd-de-luxe-8-0-capsulas-completas-60-capsulas\/","title":{"rendered":"Complejo vitam\u00ednico y mineral para mejorar el crecimiento del cabello y restaurar su estructura DSD de Luxe 8.0 C\u00e1psulas Completas 60 c\u00e1psulas"},"content":{"rendered":"<p>El Complejo Vitam\u00ednico y Mineral DSD DE LUXE COMPLETE aporta al cabello los nutrientes esenciales para prevenir y frenar su ca\u00edda. Contiene inhibidores de la enzima 5-alfa-reductasa, responsable de la ca\u00edda del cabello. Fortalece y potencia el crecimiento del cabello. Ayuda a mantener el cabello y la piel en el d\u00eda a d\u00eda. Restablece el equilibrio de las u\u00f1as debilitadas, proporcion\u00e1ndoles fuerza, dureza y durabilidad. El curso de aplicaci\u00f3n es de 3 meses.<\/p>","protected":false},"excerpt":{"rendered":"<p>\u0410\u043c\u0456\u043d\u043e\u043a\u0438\u0441\u043b\u043e\u0442\u043d\u0438\u0439 \u0432\u0456\u0442\u0430\u043c\u0456\u043d\u043d\u043e-\u043c\u0456\u043d\u0435\u0440\u0430\u043b\u044c\u043d\u0438\u0439 \u043a\u043e\u043c\u043f\u043b\u0435\u043a\u0441 DSD DE LUXE COMPLETE \u0437\u0430\u0431\u0435\u0437\u043f\u0435\u0447\u0443\u0454 \u0432\u043e\u043b\u043e\u0441\u0441\u044f \u043d\u0435\u043e\u0431\u0445\u0456\u0434\u043d\u0438\u043c\u0438 \u043f\u043e\u0436\u0438\u0432\u043d\u0438\u043c\u0438 \u0440\u0435\u0447\u043e\u0432\u0438\u043d\u0430\u043c\u0438 \u0434\u043b\u044f \u0437\u0430\u043f\u043e\u0431\u0456\u0433\u0430\u043d\u043d\u044f \u0442\u0430 \u0443\u043f\u043e\u0432\u0456\u043b\u044c\u043d\u0435\u043d\u043d\u044f \u0457\u0445 \u0432\u0438\u043f\u0430\u0434\u0456\u043d\u043d\u044f.\u00a0\u041c\u0456\u0441\u0442\u0438\u0442\u044c \u0456\u043d\u0433\u0456\u0431\u0456\u0442\u043e\u0440\u0438 \u0444\u0435\u0440\u043c\u0435\u043d\u0442\u0443<\/p>","protected":false},"featured_media":8935,"comment_status":"closed","ping_status":"closed","template":"","meta":{"_acf_changed":false},"product_brand":[],"product_cat":[16],"product_tag":[],"class_list":{"0":"post-3030","1":"product","2":"type-product","3":"status-publish","4":"has-post-thumbnail","6":"product_cat-doglyad-za-tilom","8":"first","9":"instock","10":"purchasable","11":"product-type-simple"},"acf":[],"_links":{"self":[{"href":"https:\/\/glamu.com.ua\/es\/wp-json\/wp\/v2\/product\/3030","targetHints":{"allow":["GET"]}}],"collection":[{"href":"https:\/\/glamu.com.ua\/es\/wp-json\/wp\/v2\/product"}],"about":[{"href":"https:\/\/glamu.com.ua\/es\/wp-json\/wp\/v2\/types\/product"}],"replies":[{"embeddable":true,"href":"https:\/\/glamu.com.ua\/es\/wp-json\/wp\/v2\/comments?post=3030"}],"version-history":[{"count":2,"href":"https:\/\/glamu.com.ua\/es\/wp-json\/wp\/v2\/product\/3030\/revisions"}],"predecessor-version":[{"id":8060,"href":"https:\/\/glamu.com.ua\/es\/wp-json\/wp\/v2\/product\/3030\/revisions\/8060"}],"wp:featuredmedia":[{"embeddable":true,"href":"https:\/\/glamu.com.ua\/es\/wp-json\/wp\/v2\/media\/8935"}],"wp:attachment":[{"href":"https:\/\/glamu.com.ua\/es\/wp-json\/wp\/v2\/media?parent=3030"}],"wp:term":[{"taxonomy":"product_brand","embeddable":true,"href":"https:\/\/glamu.com.ua\/es\/wp-json\/wp\/v2\/product_brand?post=3030"},{"taxonomy":"product_cat","embeddable":true,"href":"https:\/\/glamu.com.ua\/es\/wp-json\/wp\/v2\/product_cat?post=3030"},{"taxonomy":"product_tag","embeddable":true,"href":"https:\/\/glamu.com.ua\/es\/wp-json\/wp\/v2\/product_tag?post=3030"}],"curies":[{"name":"wp","href":"https:\/\/api.w.org\/{rel}","templated":true}]}}