{"id":3026,"date":"2025-09-15T15:48:04","date_gmt":"2025-09-15T12:48:04","guid":{"rendered":"https:\/\/glamu.com.ua\/shop\/\u0431\u0435\u0437%20\u043a\u0430\u0442\u0435\u0433\u043e\u0440\u0456\u0457\/vidnovlyuyucha-maska-z-keratynom-dsd-de-luxe-4-3-keratin-treatment-mask-50ml\/"},"modified":"2026-03-31T05:55:58","modified_gmt":"2026-03-31T02:55:58","slug":"mascarilla-revitalizante-con-queratina-dsd-de-luxe-4-3-mascarilla-de-tratamiento-con-queratina-50ml","status":"publish","type":"product","link":"https:\/\/glamu.com.ua\/es\/tienda\/doglyad-za-volossyam\/maska-dlya-volossya\/mascarilla-revitalizante-con-queratina-dsd-de-luxe-4-3-mascarilla-de-tratamiento-con-queratina-50ml\/","title":{"rendered":"DSD de Luxe 4.3 Mascarilla de Tratamiento de Queratina 50ml mascarilla regeneradora con queratina"},"content":{"rendered":"<p>La Mascarilla Revitalizante de Queratina es un producto de doble acci\u00f3n que estimula simult\u00e1neamente el crecimiento del cabello y mejora su estructura. La mascarilla contiene un complejo de estimulantes del crecimiento del cabello a base de adenosina y cafe\u00edna, as\u00ed como extracto de pimienta de cayena, vitaminas y vasodilatadores. Adem\u00e1s de estimular el crecimiento del cabello, la mascarilla tiene un efecto profundo en la estructura capilar y, debido a la alta concentraci\u00f3n de queratina y lecitina, restaura el cabello da\u00f1ado. Tras aplicar la mascarilla, el cabello gana brillo, fuerza y volumen durante mucho tiempo.<\/p>","protected":false},"excerpt":{"rendered":"<p>\u0412\u0456\u0434\u043d\u043e\u0432\u043b\u044e\u044e\u0447\u0430 \u043c\u0430\u0441\u043a\u0430 \u0437 \u043a\u0435\u0440\u0430\u0442\u0438\u043d\u043e\u043c \u0432\u0456\u0434\u043d\u043e\u0441\u0438\u0442\u044c\u0441\u044f \u0434\u043e \u0437\u0430\u0441\u043e\u0431\u0456\u0432 \u043f\u043e\u0434\u0432\u0456\u0439\u043d\u043e\u0457 \u0434\u0456\u0457, \u044f\u043a\u0456 \u043e\u0434\u043d\u043e\u0447\u0430\u0441\u043d\u043e \u0441\u0442\u0438\u043c\u0443\u043b\u044e\u044e\u0442\u044c \u0440\u0456\u0441\u0442 \u0432\u043e\u043b\u043e\u0441\u0441\u044f \u0456 \u043f\u043e\u043a\u0440\u0430\u0449\u0443\u044e\u0442\u044c \u0439\u043e\u0433\u043e \u0441\u0442\u0440\u0443\u043a\u0442\u0443\u0440\u0443.\u00a0\u041c\u0430\u0441\u043a\u0430 \u043c\u0456\u0441\u0442\u0438\u0442\u044c \u043a\u043e\u043c\u043f\u043b\u0435\u043a\u0441<\/p>","protected":false},"featured_media":9392,"comment_status":"closed","ping_status":"closed","template":"","meta":{"_acf_changed":false},"product_brand":[],"product_cat":[298],"product_tag":[],"class_list":{"0":"post-3026","1":"product","2":"type-product","3":"status-publish","4":"has-post-thumbnail","6":"product_cat-maska-dlya-volossya","8":"first","9":"instock","10":"purchasable","11":"product-type-simple"},"acf":[],"_links":{"self":[{"href":"https:\/\/glamu.com.ua\/es\/wp-json\/wp\/v2\/product\/3026","targetHints":{"allow":["GET"]}}],"collection":[{"href":"https:\/\/glamu.com.ua\/es\/wp-json\/wp\/v2\/product"}],"about":[{"href":"https:\/\/glamu.com.ua\/es\/wp-json\/wp\/v2\/types\/product"}],"replies":[{"embeddable":true,"href":"https:\/\/glamu.com.ua\/es\/wp-json\/wp\/v2\/comments?post=3026"}],"version-history":[{"count":1,"href":"https:\/\/glamu.com.ua\/es\/wp-json\/wp\/v2\/product\/3026\/revisions"}],"predecessor-version":[{"id":6650,"href":"https:\/\/glamu.com.ua\/es\/wp-json\/wp\/v2\/product\/3026\/revisions\/6650"}],"wp:featuredmedia":[{"embeddable":true,"href":"https:\/\/glamu.com.ua\/es\/wp-json\/wp\/v2\/media\/9392"}],"wp:attachment":[{"href":"https:\/\/glamu.com.ua\/es\/wp-json\/wp\/v2\/media?parent=3026"}],"wp:term":[{"taxonomy":"product_brand","embeddable":true,"href":"https:\/\/glamu.com.ua\/es\/wp-json\/wp\/v2\/product_brand?post=3026"},{"taxonomy":"product_cat","embeddable":true,"href":"https:\/\/glamu.com.ua\/es\/wp-json\/wp\/v2\/product_cat?post=3026"},{"taxonomy":"product_tag","embeddable":true,"href":"https:\/\/glamu.com.ua\/es\/wp-json\/wp\/v2\/product_tag?post=3026"}],"curies":[{"name":"wp","href":"https:\/\/api.w.org\/{rel}","templated":true}]}}