{"id":2892,"date":"2025-09-15T15:47:16","date_gmt":"2025-09-15T12:47:16","guid":{"rendered":"https:\/\/glamu.com.ua\/shop\/\u0431\u0435\u0437%20\u043a\u0430\u0442\u0435\u0433\u043e\u0440\u0456\u0457\/vidnovlyuyuchyj-shampun-z-keratynom-dsd-de-luxe-4-1-keratin-treatment-shampoo-500-ml\/"},"modified":"2026-03-31T06:05:13","modified_gmt":"2026-03-31T03:05:13","slug":"vidnovlyuyuchyj-shampun-z-keratynom-dsd-de-luxe-4-1-keratin-treatment-shampoo-500-ml","status":"publish","type":"product","link":"https:\/\/glamu.com.ua\/es\/tienda\/doglyad-za-volossyam\/shampun\/vidnovlyuyuchyj-shampun-z-keratynom-dsd-de-luxe-4-1-keratin-treatment-shampoo-500-ml\/","title":{"rendered":"DSD de Luxe 4.1 Champ\u00fa de tratamiento con queratina 500 ml champ\u00fa revitalizante con queratina"},"content":{"rendered":"<p>El champ\u00fa restaurador con queratina es un producto de doble acci\u00f3n que estimula simult\u00e1neamente el crecimiento del cabello y mejora su estructura. El champ\u00fa contiene un complejo altamente activo de estimulantes del crecimiento del cabello a base de extracto de placenta, jalea real, vasodilatadores, inositol, adenosina, cafe\u00edna, pimienta de cayena, fitoestr\u00f3genos, vitaminas. Adem\u00e1s de estimular el crecimiento del cabello, el champ\u00fa restaura perfectamente el cabello da\u00f1ado gracias al contenido de queratina, col\u00e1geno y pantenol. Despu\u00e9s de aplicar el champ\u00fa, el cabello gana brillo, fuerza y volumen.<\/p>","protected":false},"excerpt":{"rendered":"<p>\u0412\u0456\u0434\u043d\u043e\u0432\u043b\u044e\u044e\u0447\u0438\u0439 \u0448\u0430\u043c\u043f\u0443\u043d\u044c \u0437 \u043a\u0435\u0440\u0430\u0442\u0438\u043d\u043e\u043c \u0432\u0456\u0434\u043d\u043e\u0441\u0438\u0442\u044c\u0441\u044f \u0434\u043e \u0437\u0430\u0441\u043e\u0431\u0456\u0432 \u043f\u043e\u0434\u0432\u0456\u0439\u043d\u043e\u0457 \u0434\u0456\u0457, \u044f\u043a\u0456 \u043e\u0434\u043d\u043e\u0447\u0430\u0441\u043d\u043e \u0441\u0442\u0438\u043c\u0443\u043b\u044e\u044e\u0442\u044c \u0440\u0456\u0441\u0442 \u0432\u043e\u043b\u043e\u0441\u0441\u044f \u0456 \u043f\u043e\u043a\u0440\u0430\u0449\u0443\u044e\u0442\u044c \u0439\u043e\u0433\u043e \u0441\u0442\u0440\u0443\u043a\u0442\u0443\u0440\u0443.\u00a0\u0428\u0430\u043c\u043f\u0443\u043d\u044c \u043c\u0456\u0441\u0442\u0438\u0442\u044c \u0432\u0438\u0441\u043e\u043a\u043e\u0430\u043a\u0442\u0438\u0432\u043d\u0438\u0439<\/p>","protected":false},"featured_media":9404,"comment_status":"closed","ping_status":"closed","template":"","meta":{"_acf_changed":false},"product_brand":[],"product_cat":[279],"product_tag":[],"class_list":{"0":"post-2892","1":"product","2":"type-product","3":"status-publish","4":"has-post-thumbnail","6":"product_cat-shampun","8":"first","9":"instock","10":"purchasable","11":"product-type-simple"},"acf":[],"_links":{"self":[{"href":"https:\/\/glamu.com.ua\/es\/wp-json\/wp\/v2\/product\/2892","targetHints":{"allow":["GET"]}}],"collection":[{"href":"https:\/\/glamu.com.ua\/es\/wp-json\/wp\/v2\/product"}],"about":[{"href":"https:\/\/glamu.com.ua\/es\/wp-json\/wp\/v2\/types\/product"}],"replies":[{"embeddable":true,"href":"https:\/\/glamu.com.ua\/es\/wp-json\/wp\/v2\/comments?post=2892"}],"version-history":[{"count":1,"href":"https:\/\/glamu.com.ua\/es\/wp-json\/wp\/v2\/product\/2892\/revisions"}],"predecessor-version":[{"id":6605,"href":"https:\/\/glamu.com.ua\/es\/wp-json\/wp\/v2\/product\/2892\/revisions\/6605"}],"wp:featuredmedia":[{"embeddable":true,"href":"https:\/\/glamu.com.ua\/es\/wp-json\/wp\/v2\/media\/9404"}],"wp:attachment":[{"href":"https:\/\/glamu.com.ua\/es\/wp-json\/wp\/v2\/media?parent=2892"}],"wp:term":[{"taxonomy":"product_brand","embeddable":true,"href":"https:\/\/glamu.com.ua\/es\/wp-json\/wp\/v2\/product_brand?post=2892"},{"taxonomy":"product_cat","embeddable":true,"href":"https:\/\/glamu.com.ua\/es\/wp-json\/wp\/v2\/product_cat?post=2892"},{"taxonomy":"product_tag","embeddable":true,"href":"https:\/\/glamu.com.ua\/es\/wp-json\/wp\/v2\/product_tag?post=2892"}],"curies":[{"name":"wp","href":"https:\/\/api.w.org\/{rel}","templated":true}]}}