{"id":2832,"date":"2025-09-15T15:46:47","date_gmt":"2025-09-15T12:46:47","guid":{"rendered":"https:\/\/glamu.com.ua\/shop\/\u0431\u0435\u0437%20\u043a\u0430\u0442\u0435\u0433\u043e\u0440\u0456\u0457\/antyseborejnyj-piling-dsd-de-luxe-1-3-dixidox-antiseborrheic-peeling-500-ml\/"},"modified":"2026-03-31T05:41:49","modified_gmt":"2026-03-31T02:41:49","slug":"peeling-antiseborreico-dsd-de-luxe-1-3-dixidox-peeling-antiseborreico-500-ml","status":"publish","type":"product","link":"https:\/\/glamu.com.ua\/es\/tienda\/doglyad-za-volossyam\/peeling-skrab-dlya-shkiry-golovy\/peeling-antiseborreico-dsd-de-luxe-1-3-dixidox-peeling-antiseborreico-500-ml\/","title":{"rendered":"DSD de Luxe 1.3 Dixidox Peeling Antiseborreico 500 ml"},"content":{"rendered":"<p>Champ\u00fa antiseborreico con extractos vegetales a base de col\u00e1geno, componentes seborreguladores activos y vitaminas elimina y previene la liberaci\u00f3n del exceso de sebo. Los componentes vasosolubles, el inositol, los hidrolizados de \u00e1cidos nucleicos - bases de pirimidina y purina, ayudan a reducir la ca\u00edda del cabello y estimulan su crecimiento. Col\u00e1geno, pantenol, extracto de algas crean una estructura sana del cabello, le dan brillo y volumen extra. Este champ\u00fa elimina la caspa y previene su aparici\u00f3n, tiene efectos antipruriginosos y antiinflamatorios, y proporciona una sensaci\u00f3n de frescor.<\/p>","protected":false},"excerpt":{"rendered":"<p>\u0410\u043d\u0442\u0438\u0441\u0435\u0431\u043e\u0440\u0435\u0439\u043d\u0438\u0439 \u0448\u0430\u043c\u043f\u0443\u043d\u044c \u0437 \u0440\u043e\u0441\u043b\u0438\u043d\u043d\u0438\u043c\u0438 \u0435\u043a\u0441\u0442\u0440\u0430\u043a\u0442\u0430\u043c\u0438 \u043d\u0430 \u043e\u0441\u043d\u043e\u0432\u0456 \u043a\u043e\u043b\u0430\u0433\u0435\u043d\u0443, \u0430\u043a\u0442\u0438\u0432\u043d\u0438\u043c\u0438 \u0441\u0435\u0431\u043e\u0440\u0435\u0433\u0443\u043b\u044e\u044e\u0447\u0438\u043c\u0438 \u043a\u043e\u043c\u043f\u043e\u043d\u0435\u043d\u0442\u0430\u043c\u0438 \u0442\u0430 \u0432\u0456\u0442\u0430\u043c\u0456\u043d\u0430\u043c\u0438 \u0443\u0441\u0443\u0432\u0430\u0454 \u0442\u0430 \u0437\u0430\u043f\u043e\u0431\u0456\u0433\u0430\u0454 \u0432\u0438\u0434\u0456\u043b\u0435\u043d\u043d\u044e \u043d\u0430\u0434\u043b\u0438\u0448\u043a\u043e\u0432\u043e\u0457 \u043a\u0456\u043b\u044c\u043a\u043e\u0441\u0442\u0456 \u0448\u043a\u0456\u0440\u043d\u043e\u0433\u043e<\/p>","protected":false},"featured_media":9366,"comment_status":"closed","ping_status":"closed","template":"","meta":{"_acf_changed":false},"product_brand":[],"product_cat":[318],"product_tag":[],"class_list":{"0":"post-2832","1":"product","2":"type-product","3":"status-publish","4":"has-post-thumbnail","6":"product_cat-peeling-skrab-dlya-shkiry-golovy","8":"first","9":"instock","10":"purchasable","11":"product-type-simple"},"acf":[],"_links":{"self":[{"href":"https:\/\/glamu.com.ua\/es\/wp-json\/wp\/v2\/product\/2832","targetHints":{"allow":["GET"]}}],"collection":[{"href":"https:\/\/glamu.com.ua\/es\/wp-json\/wp\/v2\/product"}],"about":[{"href":"https:\/\/glamu.com.ua\/es\/wp-json\/wp\/v2\/types\/product"}],"replies":[{"embeddable":true,"href":"https:\/\/glamu.com.ua\/es\/wp-json\/wp\/v2\/comments?post=2832"}],"version-history":[{"count":1,"href":"https:\/\/glamu.com.ua\/es\/wp-json\/wp\/v2\/product\/2832\/revisions"}],"predecessor-version":[{"id":6585,"href":"https:\/\/glamu.com.ua\/es\/wp-json\/wp\/v2\/product\/2832\/revisions\/6585"}],"wp:featuredmedia":[{"embeddable":true,"href":"https:\/\/glamu.com.ua\/es\/wp-json\/wp\/v2\/media\/9366"}],"wp:attachment":[{"href":"https:\/\/glamu.com.ua\/es\/wp-json\/wp\/v2\/media?parent=2832"}],"wp:term":[{"taxonomy":"product_brand","embeddable":true,"href":"https:\/\/glamu.com.ua\/es\/wp-json\/wp\/v2\/product_brand?post=2832"},{"taxonomy":"product_cat","embeddable":true,"href":"https:\/\/glamu.com.ua\/es\/wp-json\/wp\/v2\/product_cat?post=2832"},{"taxonomy":"product_tag","embeddable":true,"href":"https:\/\/glamu.com.ua\/es\/wp-json\/wp\/v2\/product_tag?post=2832"}],"curies":[{"name":"wp","href":"https:\/\/api.w.org\/{rel}","templated":true}]}}