{"id":2763,"date":"2025-09-15T15:40:34","date_gmt":"2025-09-15T12:40:34","guid":{"rendered":"https:\/\/glamu.com.ua\/shop\/\u0431\u0435\u0437%20\u043a\u0430\u0442\u0435\u0433\u043e\u0440\u0456\u0457\/shampun-dlya-farbovanogo-volossya-greensoho-rainbow-zero-shampoo-250-ml\/"},"modified":"2026-03-31T10:27:40","modified_gmt":"2026-03-31T07:27:40","slug":"shampun-dlya-farbovanogo-volossya-greensoho-rainbow-zero-shampoo-250-ml","status":"publish","type":"product","link":"https:\/\/glamu.com.ua\/es\/tienda\/doglyad-za-volossyam\/shampun\/shampun-dlya-farbovanogo-volossya-greensoho-rainbow-zero-shampoo-250-ml\/","title":{"rendered":"Champ\u00fa para cabellos coloreados Greensoho Rainbow.Zero Champ\u00fa 250 ml"},"content":{"rendered":"<p>El champ\u00fa RAINBOW.ZERO limpia y previene la oxidaci\u00f3n del color del cabello decolorado, te\u00f1ido o con mechas. Mantiene el cabello hidratado y pigmentado durante m\u00e1s tiempo. El Rooibos de Sud\u00e1frica es un antioxidante natural que ayuda a retrasar el envejecimiento del cabello y lo protege de la decoloraci\u00f3n gracias a su contenido en vitaminas C, B y caroteno. El filtro UV protege el cabello de los rayos solares, causantes de la decoloraci\u00f3n.<\/p>","protected":false},"excerpt":{"rendered":"<p>\u0428\u0430\u043c\u043f\u0443\u043d\u044c RAINBOW.ZERO \u043e\u0447\u0438\u0449\u0430\u0454 \u0442\u0430 \u0437\u0430\u043f\u043e\u0431\u0456\u0433\u0430\u0454 \u043e\u043a\u0438\u0441\u043b\u0435\u043d\u043d\u044e \u043a\u043e\u043b\u044c\u043e\u0440\u0443 \u043e\u0441\u0432\u0456\u0442\u043b\u0435\u043d\u043e\u0433\u043e, \u0444\u0430\u0440\u0431\u043e\u0432\u0430\u043d\u043e\u0433\u043e \u0430\u0431\u043e \u043c\u0435\u043b\u0456\u0440\u043e\u0432\u0430\u043d\u043e\u0433\u043e \u0432\u043e\u043b\u043e\u0441\u0441\u044f. \u0414\u043e\u0432\u0448\u0435 \u0437\u0431\u0435\u0440\u0456\u0433\u0430\u0454 \u0437\u0432\u043e\u043b\u043e\u0436\u0435\u043d\u0456\u0441\u0442\u044c \u0456 \u043f\u0456\u0433\u043c\u0435\u043d\u0442\u0430\u0446\u0456\u044e \u0432\u043e\u043b\u043e\u0441\u0441\u044f. \u0420\u043e\u0439\u0431\u0443\u0448 \u0437<\/p>","protected":false},"featured_media":9748,"comment_status":"closed","ping_status":"closed","template":"","meta":{"_acf_changed":false},"product_brand":[],"product_cat":[279],"product_tag":[],"class_list":{"0":"post-2763","1":"product","2":"type-product","3":"status-publish","4":"has-post-thumbnail","6":"product_cat-shampun","8":"first","9":"instock","10":"purchasable","11":"product-type-simple"},"acf":[],"_links":{"self":[{"href":"https:\/\/glamu.com.ua\/es\/wp-json\/wp\/v2\/product\/2763","targetHints":{"allow":["GET"]}}],"collection":[{"href":"https:\/\/glamu.com.ua\/es\/wp-json\/wp\/v2\/product"}],"about":[{"href":"https:\/\/glamu.com.ua\/es\/wp-json\/wp\/v2\/types\/product"}],"replies":[{"embeddable":true,"href":"https:\/\/glamu.com.ua\/es\/wp-json\/wp\/v2\/comments?post=2763"}],"version-history":[{"count":1,"href":"https:\/\/glamu.com.ua\/es\/wp-json\/wp\/v2\/product\/2763\/revisions"}],"predecessor-version":[{"id":7269,"href":"https:\/\/glamu.com.ua\/es\/wp-json\/wp\/v2\/product\/2763\/revisions\/7269"}],"wp:featuredmedia":[{"embeddable":true,"href":"https:\/\/glamu.com.ua\/es\/wp-json\/wp\/v2\/media\/9748"}],"wp:attachment":[{"href":"https:\/\/glamu.com.ua\/es\/wp-json\/wp\/v2\/media?parent=2763"}],"wp:term":[{"taxonomy":"product_brand","embeddable":true,"href":"https:\/\/glamu.com.ua\/es\/wp-json\/wp\/v2\/product_brand?post=2763"},{"taxonomy":"product_cat","embeddable":true,"href":"https:\/\/glamu.com.ua\/es\/wp-json\/wp\/v2\/product_cat?post=2763"},{"taxonomy":"product_tag","embeddable":true,"href":"https:\/\/glamu.com.ua\/es\/wp-json\/wp\/v2\/product_tag?post=2763"}],"curies":[{"name":"wp","href":"https:\/\/api.w.org\/{rel}","templated":true}]}}