{"id":2737,"date":"2025-09-09T12:26:09","date_gmt":"2025-09-09T09:26:09","guid":{"rendered":"https:\/\/glamu.com.ua\/shop\/\u0431\u0435\u0437%20\u043a\u0430\u0442\u0435\u0433\u043e\u0440\u0456\u0457\/tkanynna-maska-dlya-oblychchya-babor-needling-calming-mask-face-1sht\/"},"modified":"2026-03-21T08:43:19","modified_gmt":"2026-03-21T06:43:19","slug":"tkanynna-mask-dlya-oblychchya-babor-needling-mascarilla-calmante-facial-1sht","status":"publish","type":"product","link":"https:\/\/glamu.com.ua\/es\/tienda\/doglyad-para-oblychchyam\/maska-dlya-oblychchya\/tkanynna-mask-dlya-oblychchya-babor-needling-mascarilla-calmante-facial-1sht\/","title":{"rendered":"Mascarilla facial de tela Babor Needling Calming Mask Face 1 ud."},"content":{"rendered":"<p>Una mascarilla facial de tejido con propiedades hidratantes, calmantes y refrescantes para una intensa relajaci\u00f3n de la piel. El resultado es un cutis visiblemente calmado y suave. Microneedling se basa en el lifting natural: las agujas m\u00e1s finas estimulan la circulaci\u00f3n sangu\u00ednea y los procesos naturales de regeneraci\u00f3n de la piel. La piel produce col\u00e1geno, elastina y \u00e1cido hialur\u00f3nico, lo que la hace m\u00e1s receptiva a los principios activos antienvejecimiento.<\/p>","protected":false},"excerpt":{"rendered":"<p>Mascarilla facial de tela Babor Needling Calming Mask Face 1 ud.<\/p>","protected":false},"featured_media":8722,"comment_status":"closed","ping_status":"closed","template":"","meta":{"_acf_changed":false},"product_brand":[],"product_cat":[82],"product_tag":[],"class_list":{"0":"post-2737","1":"product","2":"type-product","3":"status-publish","4":"has-post-thumbnail","6":"product_cat-maska-dlya-oblychchya","8":"first","9":"instock","10":"purchasable","11":"product-type-simple"},"acf":[],"_links":{"self":[{"href":"https:\/\/glamu.com.ua\/es\/wp-json\/wp\/v2\/product\/2737","targetHints":{"allow":["GET"]}}],"collection":[{"href":"https:\/\/glamu.com.ua\/es\/wp-json\/wp\/v2\/product"}],"about":[{"href":"https:\/\/glamu.com.ua\/es\/wp-json\/wp\/v2\/types\/product"}],"replies":[{"embeddable":true,"href":"https:\/\/glamu.com.ua\/es\/wp-json\/wp\/v2\/comments?post=2737"}],"version-history":[{"count":1,"href":"https:\/\/glamu.com.ua\/es\/wp-json\/wp\/v2\/product\/2737\/revisions"}],"predecessor-version":[{"id":7005,"href":"https:\/\/glamu.com.ua\/es\/wp-json\/wp\/v2\/product\/2737\/revisions\/7005"}],"wp:featuredmedia":[{"embeddable":true,"href":"https:\/\/glamu.com.ua\/es\/wp-json\/wp\/v2\/media\/8722"}],"wp:attachment":[{"href":"https:\/\/glamu.com.ua\/es\/wp-json\/wp\/v2\/media?parent=2737"}],"wp:term":[{"taxonomy":"product_brand","embeddable":true,"href":"https:\/\/glamu.com.ua\/es\/wp-json\/wp\/v2\/product_brand?post=2737"},{"taxonomy":"product_cat","embeddable":true,"href":"https:\/\/glamu.com.ua\/es\/wp-json\/wp\/v2\/product_cat?post=2737"},{"taxonomy":"product_tag","embeddable":true,"href":"https:\/\/glamu.com.ua\/es\/wp-json\/wp\/v2\/product_tag?post=2737"}],"curies":[{"name":"wp","href":"https:\/\/api.w.org\/{rel}","templated":true}]}}