{"id":2734,"date":"2025-09-09T12:26:09","date_gmt":"2025-09-09T09:26:09","guid":{"rendered":"https:\/\/glamu.com.ua\/shop\/\u0431\u0435\u0437%20\u043a\u0430\u0442\u0435\u0433\u043e\u0440\u0456\u0457\/gel-dlya-dusha-babor-soul-body-wash-agathist-250-ml\/"},"modified":"2026-03-29T23:00:23","modified_gmt":"2026-03-29T20:00:23","slug":"gel-dlya-dusha-babor-soul-body-wash-agathist-250-ml","status":"publish","type":"product","link":"https:\/\/glamu.com.ua\/es\/tienda\/doglyad-za-tilom\/gel-dlya-dusha\/gel-dlya-dusha-babor-soul-body-wash-agathist-250-ml\/","title":{"rendered":"Gel de ducha BABOR Soul &amp; Body Wash Agathist 250 ml"},"content":{"rendered":"<p>Este sedoso y lujoso gel de ducha deja en la piel un suntuoso y vigorizante aroma a higos afrutados y bergamota mediterr\u00e1nea. Una mezcla de tensioactivos suaves crea una rica espuma para una limpieza profunda. El gel de ducha se funde suavemente en la piel y est\u00e1 enriquecido con az\u00facar y vitaminas para reforzar la barrera cut\u00e1nea y proporcionar una sensaci\u00f3n de piel suave como la seda.<\/p>","protected":false},"excerpt":{"rendered":"<p>Gel de ducha BABOR Soul &amp; Body Wash Agathist 250 ml<\/p>","protected":false},"featured_media":8938,"comment_status":"closed","ping_status":"closed","template":"","meta":{"_acf_changed":false},"product_brand":[],"product_cat":[154],"product_tag":[],"class_list":{"0":"post-2734","1":"product","2":"type-product","3":"status-publish","4":"has-post-thumbnail","6":"product_cat-gel-dlya-dusha","8":"first","9":"instock","10":"purchasable","11":"product-type-simple"},"acf":[],"_links":{"self":[{"href":"https:\/\/glamu.com.ua\/es\/wp-json\/wp\/v2\/product\/2734","targetHints":{"allow":["GET"]}}],"collection":[{"href":"https:\/\/glamu.com.ua\/es\/wp-json\/wp\/v2\/product"}],"about":[{"href":"https:\/\/glamu.com.ua\/es\/wp-json\/wp\/v2\/types\/product"}],"replies":[{"embeddable":true,"href":"https:\/\/glamu.com.ua\/es\/wp-json\/wp\/v2\/comments?post=2734"}],"version-history":[{"count":1,"href":"https:\/\/glamu.com.ua\/es\/wp-json\/wp\/v2\/product\/2734\/revisions"}],"predecessor-version":[{"id":6971,"href":"https:\/\/glamu.com.ua\/es\/wp-json\/wp\/v2\/product\/2734\/revisions\/6971"}],"wp:featuredmedia":[{"embeddable":true,"href":"https:\/\/glamu.com.ua\/es\/wp-json\/wp\/v2\/media\/8938"}],"wp:attachment":[{"href":"https:\/\/glamu.com.ua\/es\/wp-json\/wp\/v2\/media?parent=2734"}],"wp:term":[{"taxonomy":"product_brand","embeddable":true,"href":"https:\/\/glamu.com.ua\/es\/wp-json\/wp\/v2\/product_brand?post=2734"},{"taxonomy":"product_cat","embeddable":true,"href":"https:\/\/glamu.com.ua\/es\/wp-json\/wp\/v2\/product_cat?post=2734"},{"taxonomy":"product_tag","embeddable":true,"href":"https:\/\/glamu.com.ua\/es\/wp-json\/wp\/v2\/product_tag?post=2734"}],"curies":[{"name":"wp","href":"https:\/\/api.w.org\/{rel}","templated":true}]}}