{"id":2695,"date":"2025-09-09T12:25:43","date_gmt":"2025-09-09T09:25:43","guid":{"rendered":"https:\/\/glamu.com.ua\/shop\/\u0431\u0435\u0437%20\u043a\u0430\u0442\u0435\u0433\u043e\u0440\u0456\u0457\/babor-doctor-babor-pro-phyto-moss-cream-50ml\/"},"modified":"2026-03-31T04:22:52","modified_gmt":"2026-03-31T01:22:52","slug":"babor-doctor-babor-pro-phyto-moss-crema-50ml","status":"publish","type":"product","link":"https:\/\/glamu.com.ua\/es\/tienda\/doglyad-para-oblychchyam\/crema\/krem-dlya-oblychchya\/babor-doctor-babor-pro-phyto-moss-crema-50ml\/","title":{"rendered":"Babor Doctor Babor Pro Phyto Moss Crema 50ml"},"content":{"rendered":"<p>Un producto \u00fanico que favorece la comunicaci\u00f3n celular, lo que aumenta las defensas de la piel. Esto permite a la piel responder con mayor rapidez y eficacia a las cambiantes condiciones ambientales. Los \u00e1cidos hialur\u00f3nicos con diferentes tama\u00f1os moleculares hidratan la piel a distintas profundidades simult\u00e1neamente, por lo que tienen un efecto especialmente intenso. El aceite de nuez de macadamia y el aceite de soja aportan un cuidado adicional.<\/p>","protected":false},"excerpt":{"rendered":"<p>Crema facial calmante Babor Doctor Babor Pro Phyto Moss Cream 50ml<\/p>","protected":false},"featured_media":9277,"comment_status":"closed","ping_status":"closed","template":"","meta":{"_acf_changed":false},"product_brand":[],"product_cat":[79],"product_tag":[],"class_list":{"0":"post-2695","1":"product","2":"type-product","3":"status-publish","4":"has-post-thumbnail","6":"product_cat-krem-dlya-oblychchya","8":"first","9":"instock","10":"purchasable","11":"product-type-simple"},"acf":[],"_links":{"self":[{"href":"https:\/\/glamu.com.ua\/es\/wp-json\/wp\/v2\/product\/2695","targetHints":{"allow":["GET"]}}],"collection":[{"href":"https:\/\/glamu.com.ua\/es\/wp-json\/wp\/v2\/product"}],"about":[{"href":"https:\/\/glamu.com.ua\/es\/wp-json\/wp\/v2\/types\/product"}],"replies":[{"embeddable":true,"href":"https:\/\/glamu.com.ua\/es\/wp-json\/wp\/v2\/comments?post=2695"}],"version-history":[{"count":1,"href":"https:\/\/glamu.com.ua\/es\/wp-json\/wp\/v2\/product\/2695\/revisions"}],"predecessor-version":[{"id":6956,"href":"https:\/\/glamu.com.ua\/es\/wp-json\/wp\/v2\/product\/2695\/revisions\/6956"}],"wp:featuredmedia":[{"embeddable":true,"href":"https:\/\/glamu.com.ua\/es\/wp-json\/wp\/v2\/media\/9277"}],"wp:attachment":[{"href":"https:\/\/glamu.com.ua\/es\/wp-json\/wp\/v2\/media?parent=2695"}],"wp:term":[{"taxonomy":"product_brand","embeddable":true,"href":"https:\/\/glamu.com.ua\/es\/wp-json\/wp\/v2\/product_brand?post=2695"},{"taxonomy":"product_cat","embeddable":true,"href":"https:\/\/glamu.com.ua\/es\/wp-json\/wp\/v2\/product_cat?post=2695"},{"taxonomy":"product_tag","embeddable":true,"href":"https:\/\/glamu.com.ua\/es\/wp-json\/wp\/v2\/product_tag?post=2695"}],"curies":[{"name":"wp","href":"https:\/\/api.w.org\/{rel}","templated":true}]}}